{"id":757713,"date":"2025-08-28T07:44:01","date_gmt":"2025-08-28T04:44:01","guid":{"rendered":"https:\/\/roveyayinevi.com.tr\/index.php\/urun\/duygulari-somutlastirma-pratigi\/"},"modified":"2026-04-16T03:10:46","modified_gmt":"2026-04-16T00:10:46","slug":"duygulari-somutlastirma-pratigi","status":"publish","type":"product","link":"https:\/\/roveyayinevi.com.tr\/index.php\/urun\/duygulari-somutlastirma-pratigi\/","title":{"rendered":"Duygular\u0131 Somutla\u015ft\u0131rma Prati\u011fi"},"content":{"rendered":"<p>G\u00fcn\u00fcm\u00fcz\u00fcn karma\u015f\u0131k d\u00fcnyas\u0131nda, duygusal deneyimlerimizi anlamak ve y\u00f6netmek hayati \u00f6neme sahiptir. Dr. Raja Selvam, &#8220;Duygular\u0131 Somutla\u015ft\u0131ma Prati\u011fi&#8221; kitab\u0131nda, duygusal zek\u00e2n\u0131n geli\u015ftirilmesi ve bireysel ya\u015fam kalitesini art\u0131rmak i\u00e7in sizlere rehber oluyor. Terapi s\u00fcresini k\u0131saltt\u0131\u011f\u0131 ve duygusal sonu\u00e7lar\u0131 iyile\u015ftirdi\u011fi kan\u0131tlanm\u0131\u015f; davran\u0131\u015flar\u0131, d\u00fc\u015f\u00fcnceleri ve duygular\u0131 d\u00fczenlemek ve esenli\u011fi art\u0131rmak i\u00e7in beden temelli, bilim destekli bir y\u00f6ntem olan Integral Somatik Psikoloji\u2122 (ISP) hakk\u0131ndaki bu ilk kitab\u0131nda, klinik psikolog Dr. Raja Selvam, bedeni kullanarak duygular\u0131 (\u00f6zellikle zor veya ho\u015f olmayan duygular) tolere etmek ve daha fazla kapasite olu\u015fturmak i\u00e7in yeni ve tamamlay\u0131c\u0131 olan bu yakla\u015f\u0131m\u0131 \u00f6neriyor. ISP modeli, ya\u015famda ve di\u011fer beden psikoterapisi ve somatik psikoloji yakla\u015f\u0131mlar\u0131 da dahil olmak \u00fczere her t\u00fcrl\u00fc terapide farkl\u0131 terap\u00f6tik sonu\u00e7lar\u0131 (bili\u015fsel, duygusal, davran\u0131\u015fsal, fiziksel, enerjik, ili\u015fkisel ve hatta ruhsal) iyile\u015ftirmek i\u00e7in duygusal deneyimlerin bedende nas\u0131l geni\u015fletilece\u011fini ve d\u00fczenlenece\u011fini g\u00f6steriyor. Bu kitapla birlikte beyindeki ve bedendeki duygular\u0131n fizyolojisini, farkl\u0131 duygu durumlar\u0131na nas\u0131l h\u0131zl\u0131 bir \u015fekilde eri\u015fece\u011finizi; duygular\u0131 somutla\u015ft\u0131rmak ve d\u00fczenlenmesini kolayla\u015ft\u0131rmak i\u00e7in neler yapaca\u011f\u0131n\u0131z\u0131 ve farkl\u0131 travmalar\u0131 ve ba\u011flanma yaralar\u0131n\u0131 nas\u0131l iyile\u015ftirece\u011finizi anlayacaks\u0131n\u0131z. Duygusal b\u00fct\u00fcnle\u015fme i\u00e7in ba\u015fvurulacak bir rehber olan \u201cDuygular\u0131 Somutla\u015ft\u0131rma Prati\u011fi\u201d, s\u0131radan ya\u015fam olaylar\u0131ndan psikosomatik veya psikofizyolojik bozukluklara, geli\u015fimsel travmadan do\u011fum \u00f6ncesi ve perinatal travmaya, ba\u011flanma bozukluklar\u0131ndan borderline ki\u015filik bozuklu\u011funa, karma\u015f\u0131k TSSB&#8217;den kolektif travmaya ve ku\u015faklar aras\u0131 travmaya kadar zor duygular\u0131 i\u00e7eren \u00e7ok \u00e7e\u015fitli klinik sorunlar\u0131n tedavisinde ve psikanaliz, Jung psikolojisi ve BDT (Bili\u015fsel Davran\u0131\u015f\u00e7\u0131 Terapi) dahil olmak \u00fczere farkl\u0131 terapilerde sonu\u00e7lar\u0131 iyile\u015ftirmede ve tedavi s\u00fcresini k\u0131saltmada olduk\u00e7a de\u011ferli bir kaynak!<\/p>\n","protected":false},"excerpt":{"rendered":"<p>G\u00fcn\u00fcm\u00fcz\u00fcn karma\u015f\u0131k d\u00fcnyas\u0131nda, duygusal deneyimlerimizi anlamak ve y\u00f6netmek hayati \u00f6neme sahiptir. Dr. Raja Selvam, &#8220;Duygular\u0131 Somutla\u015ft\u0131ma Prati\u011fi&#8221; kitab\u0131nda, duygusal zek\u00e2n\u0131n geli\u015ftirilmesi ve bireysel ya\u015fam kalitesini art\u0131rmak<span class=\"excerpt-hellip\"> [\u2026]<\/span><\/p>\n","protected":false},"featured_media":0,"template":"","meta":{"_monsterinsights_skip_tracking":false,"_monsterinsights_sitenote_active":false,"_monsterinsights_sitenote_note":"","_monsterinsights_sitenote_category":0},"product_brand":[],"product_cat":[12357],"product_tag":[],"class_list":{"0":"post-757713","1":"product","2":"type-product","3":"status-publish","5":"product_cat-psikoloji","6":"pa_cilt-ciltsiz","7":"pa_tur-kitap","8":"pa_yayinevi-sola-unitas","9":"pa_yazar-raja-selvam","11":"first","12":"instock","13":"sale","14":"shipping-taxable","15":"purchasable","16":"product-type-simple"},"_links":{"self":[{"href":"https:\/\/roveyayinevi.com.tr\/index.php\/wp-json\/wp\/v2\/product\/757713","targetHints":{"allow":["GET"]}}],"collection":[{"href":"https:\/\/roveyayinevi.com.tr\/index.php\/wp-json\/wp\/v2\/product"}],"about":[{"href":"https:\/\/roveyayinevi.com.tr\/index.php\/wp-json\/wp\/v2\/types\/product"}],"wp:attachment":[{"href":"https:\/\/roveyayinevi.com.tr\/index.php\/wp-json\/wp\/v2\/media?parent=757713"}],"wp:term":[{"taxonomy":"product_brand","embeddable":true,"href":"https:\/\/roveyayinevi.com.tr\/index.php\/wp-json\/wp\/v2\/product_brand?post=757713"},{"taxonomy":"product_cat","embeddable":true,"href":"https:\/\/roveyayinevi.com.tr\/index.php\/wp-json\/wp\/v2\/product_cat?post=757713"},{"taxonomy":"product_tag","embeddable":true,"href":"https:\/\/roveyayinevi.com.tr\/index.php\/wp-json\/wp\/v2\/product_tag?post=757713"}],"curies":[{"name":"wp","href":"https:\/\/api.w.org\/{rel}","templated":true}]}}