{"id":757712,"date":"2025-08-28T07:43:59","date_gmt":"2025-08-28T04:43:59","guid":{"rendered":"https:\/\/roveyayinevi.com.tr\/index.php\/urun\/shaman-king-saman-kral-10\/"},"modified":"2026-04-16T03:10:46","modified_gmt":"2026-04-16T00:10:46","slug":"shaman-king-saman-kral-10","status":"publish","type":"product","link":"https:\/\/roveyayinevi.com.tr\/index.php\/urun\/shaman-king-saman-kral-10\/","title":{"rendered":"Shaman King \u2013 \u015eaman Kral 10"},"content":{"rendered":"<p>As\u0131l \u015eaman D\u00f6v\u00fc\u015flerinin ba\u015flamas\u0131na az kalm\u0131\u015fken, Yoh ve arkada\u015flar\u0131, turnuvay\u0131 y\u00f6neten Patch kabilesinin yard\u0131m\u0131yla Amerika&#8217;ya giden bir u\u00e7a\u011fa binerler. T\u00fcm kat\u0131l\u0131mc\u0131lar, \u015eaman D\u00f6v\u00fc\u015f\u00fc&#8217;n\u00fcn ba\u015flang\u0131c\u0131nda Patch kabilesinin k\u00f6y\u00fcne ula\u015fmal\u0131d\u0131r ancak hedeflenen yere varmalar\u0131ndan sadece birka\u00e7 dakika \u00f6nce herkesi \u015fok eden bir duyuru yap\u0131l\u0131r, k\u00f6y\u00fc kendi ba\u015flar\u0131na bulmalar\u0131 gerekecektir. Bu k\u00f6t\u00fc haber yetmezmi\u015f gibi u\u00e7aklar\u0131 da u\u00e7u\u015fun ortas\u0131nda aniden ortadan kaybolur ve yolcular\u0131n hepsi kendilerini yere do\u011fru d\u00fc\u015ferken bulur!   Yazar ve \u00e7izer Hiroyuki Takei\u2019nin yaratt\u0131\u011f\u0131 Shaman King, heyecanl\u0131 ve bir an bile d\u00fc\u015fmeyen temposuyla sizi esir alacak bir macera!<\/p>\n","protected":false},"excerpt":{"rendered":"<p>As\u0131l \u015eaman D\u00f6v\u00fc\u015flerinin ba\u015flamas\u0131na az kalm\u0131\u015fken, Yoh ve arkada\u015flar\u0131, turnuvay\u0131 y\u00f6neten Patch kabilesinin yard\u0131m\u0131yla Amerika&#8217;ya giden bir u\u00e7a\u011fa binerler. T\u00fcm kat\u0131l\u0131mc\u0131lar, \u015eaman D\u00f6v\u00fc\u015f\u00fc&#8217;n\u00fcn ba\u015flang\u0131c\u0131nda Patch kabilesinin<span class=\"excerpt-hellip\"> [\u2026]<\/span><\/p>\n","protected":false},"featured_media":0,"template":"","meta":{"_monsterinsights_skip_tracking":false,"_monsterinsights_sitenote_active":false,"_monsterinsights_sitenote_note":"","_monsterinsights_sitenote_category":0},"product_brand":[],"product_cat":[12416,12291],"product_tag":[],"class_list":{"0":"post-757712","1":"product","2":"type-product","3":"status-publish","5":"product_cat-cizgi-roman","6":"product_cat-edebiyat","7":"pa_cilt-ciltsiz","8":"pa_tur-kitap","9":"pa_yayinevi-akil-celen-kitaplar","10":"pa_yazar-hiroyuki-takei","12":"first","13":"instock","14":"sale","15":"shipping-taxable","16":"purchasable","17":"product-type-simple"},"_links":{"self":[{"href":"https:\/\/roveyayinevi.com.tr\/index.php\/wp-json\/wp\/v2\/product\/757712","targetHints":{"allow":["GET"]}}],"collection":[{"href":"https:\/\/roveyayinevi.com.tr\/index.php\/wp-json\/wp\/v2\/product"}],"about":[{"href":"https:\/\/roveyayinevi.com.tr\/index.php\/wp-json\/wp\/v2\/types\/product"}],"wp:attachment":[{"href":"https:\/\/roveyayinevi.com.tr\/index.php\/wp-json\/wp\/v2\/media?parent=757712"}],"wp:term":[{"taxonomy":"product_brand","embeddable":true,"href":"https:\/\/roveyayinevi.com.tr\/index.php\/wp-json\/wp\/v2\/product_brand?post=757712"},{"taxonomy":"product_cat","embeddable":true,"href":"https:\/\/roveyayinevi.com.tr\/index.php\/wp-json\/wp\/v2\/product_cat?post=757712"},{"taxonomy":"product_tag","embeddable":true,"href":"https:\/\/roveyayinevi.com.tr\/index.php\/wp-json\/wp\/v2\/product_tag?post=757712"}],"curies":[{"name":"wp","href":"https:\/\/api.w.org\/{rel}","templated":true}]}}