{"id":757710,"date":"2025-08-28T07:43:55","date_gmt":"2025-08-28T04:43:55","guid":{"rendered":"https:\/\/roveyayinevi.com.tr\/index.php\/urun\/memleket-mevzulari\/"},"modified":"2026-04-16T03:10:46","modified_gmt":"2026-04-16T00:10:46","slug":"memleket-mevzulari","status":"publish","type":"product","link":"https:\/\/roveyayinevi.com.tr\/index.php\/urun\/memleket-mevzulari\/","title":{"rendered":"Memleket Mevzular\u0131"},"content":{"rendered":"<p>O\u011fuzhan U\u011fur, Memleket Mevzular\u0131\u2019nda bir yandan y\u00fcz y\u0131ll\u0131k Cumhuriyet\u2019in temellerini incelerken bir yandan da tarihimize geni\u015f bir perspektiften bak\u0131yor. Bunun yan\u0131 s\u0131ra U\u011fur, e\u011fitime, adalete, sanata, kad\u0131nlara, yapt\u0131\u011f\u0131 programlara ve T\u00fcrkiye\u2019nin d\u00fcn\u00fc ve bug\u00fcn\u00fcne dair \u00f6nemli konu ba\u015fl\u0131klar\u0131na yer veriyor. Bilim ve teknoloji \u00fczerinden bug\u00fcn\u00fcm\u00fcz\u00fc ve gelece\u011fi irdeliyor.<\/p>\n","protected":false},"excerpt":{"rendered":"<p>O\u011fuzhan U\u011fur, Memleket Mevzular\u0131\u2019nda bir yandan y\u00fcz y\u0131ll\u0131k Cumhuriyet\u2019in temellerini incelerken bir yandan da tarihimize geni\u015f bir perspektiften bak\u0131yor. Bunun yan\u0131 s\u0131ra U\u011fur, e\u011fitime, adalete, sanata,<span class=\"excerpt-hellip\"> [\u2026]<\/span><\/p>\n","protected":false},"featured_media":0,"template":"","meta":{"_monsterinsights_skip_tracking":false,"_monsterinsights_sitenote_active":false,"_monsterinsights_sitenote_note":"","_monsterinsights_sitenote_category":0},"product_brand":[],"product_cat":[12370,12304],"product_tag":[],"class_list":{"0":"post-757710","1":"product","2":"type-product","3":"status-publish","5":"product_cat-arastirma-inceleme","6":"product_cat-tarih","7":"pa_cilt-ciltsiz","8":"pa_tur-kitap","9":"pa_yayinevi-nemesis-kitap","10":"pa_yazar-oguzhan-ugur","12":"first","13":"instock","14":"sale","15":"shipping-taxable","16":"purchasable","17":"product-type-simple"},"_links":{"self":[{"href":"https:\/\/roveyayinevi.com.tr\/index.php\/wp-json\/wp\/v2\/product\/757710","targetHints":{"allow":["GET"]}}],"collection":[{"href":"https:\/\/roveyayinevi.com.tr\/index.php\/wp-json\/wp\/v2\/product"}],"about":[{"href":"https:\/\/roveyayinevi.com.tr\/index.php\/wp-json\/wp\/v2\/types\/product"}],"wp:attachment":[{"href":"https:\/\/roveyayinevi.com.tr\/index.php\/wp-json\/wp\/v2\/media?parent=757710"}],"wp:term":[{"taxonomy":"product_brand","embeddable":true,"href":"https:\/\/roveyayinevi.com.tr\/index.php\/wp-json\/wp\/v2\/product_brand?post=757710"},{"taxonomy":"product_cat","embeddable":true,"href":"https:\/\/roveyayinevi.com.tr\/index.php\/wp-json\/wp\/v2\/product_cat?post=757710"},{"taxonomy":"product_tag","embeddable":true,"href":"https:\/\/roveyayinevi.com.tr\/index.php\/wp-json\/wp\/v2\/product_tag?post=757710"}],"curies":[{"name":"wp","href":"https:\/\/api.w.org\/{rel}","templated":true}]}}