{"id":757709,"date":"2025-08-28T07:43:54","date_gmt":"2025-08-28T04:43:54","guid":{"rendered":"https:\/\/roveyayinevi.com.tr\/index.php\/urun\/kendini-gerceklestirmenin-pusulasi\/"},"modified":"2026-04-16T03:10:46","modified_gmt":"2026-04-16T00:10:46","slug":"kendini-gerceklestirmenin-pusulasi","status":"publish","type":"product","link":"https:\/\/roveyayinevi.com.tr\/index.php\/urun\/kendini-gerceklestirmenin-pusulasi\/","title":{"rendered":"Kendini Ger\u00e7ekle\u015ftirmenin Pusulas\u0131"},"content":{"rendered":"<p>\u201cHayat zihnimizin bir ifadesidir.\u201d   Maneviyatla i\u015f d\u00fcnyas\u0131n\u0131n kesi\u015fti\u011fi alanda bilgelik ve ba\u015far\u0131n\u0131n timsali olan Kazuo Inamori, Japonya\u2019da olduk\u00e7a ses getiren bu kitab\u0131nda derin i\u00e7g\u00f6r\u00fclerini payla\u015f\u0131yor.   Kyocera ve KDDI \u015firketlerinin vizyoner kurucusu, Budist inanc\u0131n\u0131 ve ki\u015fisel deneyimlerini bir araya getirerek okurlara \u00e7ok basit ama bir o kadar da k\u00f6kl\u00fc bir ya\u015fam felsefesi sunuyor.   Inamori\u2019nin felsefesinin temelinde zamans\u0131z bir ger\u00e7ek yatar: \u201cHer zaman do\u011fru olan\u0131 yap.\u201d Onlarca y\u0131ll\u0131k tecr\u00fcbesinden beslenen Inamori, kendisinin ve \u015firketlerinin ola\u011fan\u00fcst\u00fc ba\u015far\u0131s\u0131n\u0131 bu ebedi ger\u00e7e\u011fin g\u00fcnl\u00fck hayattaki pratik uygulamalar\u0131na bor\u00e7lu.   Hem \u00f6zel hem de i\u015f hayat\u0131n\u0131zda ba\u015far\u0131l\u0131 olman\u0131n s\u0131rlar\u0131 kendi ya\u015fam pusulan\u0131z\u0131 ke\u015ffetmenizde ve buna uygun bir yol haritas\u0131 \u00e7izmenizde sakl\u0131&#8230;<\/p>\n","protected":false},"excerpt":{"rendered":"<p>\u201cHayat zihnimizin bir ifadesidir.\u201d Maneviyatla i\u015f d\u00fcnyas\u0131n\u0131n kesi\u015fti\u011fi alanda bilgelik ve ba\u015far\u0131n\u0131n timsali olan Kazuo Inamori, Japonya\u2019da olduk\u00e7a ses getiren bu kitab\u0131nda derin i\u00e7g\u00f6r\u00fclerini payla\u015f\u0131yor. Kyocera<span class=\"excerpt-hellip\"> [\u2026]<\/span><\/p>\n","protected":false},"featured_media":0,"template":"","meta":{"_monsterinsights_skip_tracking":false,"_monsterinsights_sitenote_active":false,"_monsterinsights_sitenote_note":"","_monsterinsights_sitenote_category":0},"product_brand":[],"product_cat":[13043,17647],"product_tag":[],"class_list":{"0":"post-757709","1":"product","2":"type-product","3":"status-publish","5":"product_cat-ekonomi","6":"product_cat-is-dunyasi","7":"pa_cilt-ciltsiz","8":"pa_tur-kitap","9":"pa_yayinevi-epsilon-yayinlari","10":"pa_yazar-kazuo-inamori","12":"first","13":"instock","14":"sale","15":"shipping-taxable","16":"purchasable","17":"product-type-simple"},"_links":{"self":[{"href":"https:\/\/roveyayinevi.com.tr\/index.php\/wp-json\/wp\/v2\/product\/757709","targetHints":{"allow":["GET"]}}],"collection":[{"href":"https:\/\/roveyayinevi.com.tr\/index.php\/wp-json\/wp\/v2\/product"}],"about":[{"href":"https:\/\/roveyayinevi.com.tr\/index.php\/wp-json\/wp\/v2\/types\/product"}],"wp:attachment":[{"href":"https:\/\/roveyayinevi.com.tr\/index.php\/wp-json\/wp\/v2\/media?parent=757709"}],"wp:term":[{"taxonomy":"product_brand","embeddable":true,"href":"https:\/\/roveyayinevi.com.tr\/index.php\/wp-json\/wp\/v2\/product_brand?post=757709"},{"taxonomy":"product_cat","embeddable":true,"href":"https:\/\/roveyayinevi.com.tr\/index.php\/wp-json\/wp\/v2\/product_cat?post=757709"},{"taxonomy":"product_tag","embeddable":true,"href":"https:\/\/roveyayinevi.com.tr\/index.php\/wp-json\/wp\/v2\/product_tag?post=757709"}],"curies":[{"name":"wp","href":"https:\/\/api.w.org\/{rel}","templated":true}]}}