{"id":757701,"date":"2025-08-28T07:43:39","date_gmt":"2025-08-28T04:43:39","guid":{"rendered":"https:\/\/roveyayinevi.com.tr\/index.php\/urun\/hayatin-buyuk-sorulari\/"},"modified":"2026-04-16T03:10:46","modified_gmt":"2026-04-16T00:10:46","slug":"hayatin-buyuk-sorulari","status":"publish","type":"product","link":"https:\/\/roveyayinevi.com.tr\/index.php\/urun\/hayatin-buyuk-sorulari\/","title":{"rendered":"Hayat\u0131n B\u00fcy\u00fck Sorular\u0131"},"content":{"rendered":"<p>ACI KA\u00c7INILMAZDIR, ISTIRAP TERC\u0130HE BA\u011eLIDIR. KAYIP KA\u00c7INILMAZDIR, YAS \u00d6YLE DE\u011e\u0130LD\u0130R.   \u201cBak\u0131\u015f a\u00e7\u0131n\u0131z, tutumunuz, \u00f6ng\u00f6r\u00fcn\u00fcz ve hayattan beklentileriniz sizi korur. Bunlar uyum i\u00e7inde oldu\u011funda zorluk, direni\u015f, ac\u0131 olabilir ama \u0131st\u0131rap olmaz. \u00dcz\u00fcl\u00fcr ama a\u011flamaz, y\u0131k\u0131l\u0131r ama ezilmezsiniz.\u201d   Hepimiz her g\u00fcn farkl\u0131 durumlarla kar\u015f\u0131la\u015f\u0131r, bunlar\u0131 yorumlama \u015feklimiz do\u011frultusunda da farkl\u0131 ruh hallerine b\u00fcr\u00fcn\u00fcr\u00fcz. Ayn\u0131 \u00e7at\u0131 alt\u0131nda ya\u015fay\u0131p ayn\u0131 zarara u\u011frayan iki insan bile iki farkl\u0131 \u015fekilde etkilenmektedir. Burada kilit fakt\u00f6r ki\u015finin bak\u0131\u015f a\u00e7\u0131s\u0131d\u0131r; o de\u011fi\u015fti\u011finde onunla birlikte her \u015fey de\u011fi\u015fecektir. E\u011fer hayat\u0131m\u0131z\u0131 \u0131st\u0131rap, keder gibi olumsuz duygular\u0131n pen\u00e7esinde s\u00fcrmek istemiyorsak olaylar\u0131 yorumlama \u015feklimizi de bu do\u011frultuda belirlememiz gerekmektedir. Temiz bir kalp ve halinden memnun bir ruhun beraberinde niyetiniz, s\u00f6zleriniz ile eylemleriniz do\u011fru oldu\u011funda etraf\u0131n\u0131za p\u0131r\u0131lt\u0131 sa\u00e7maya ba\u015flayacaks\u0131n\u0131z.    \u00d6ncelikle verdi\u011fi seminerler, mobil uygulamas\u0131 ve yay\u0131nlar\u0131 olmak \u00fczere farkl\u0131 yollarla \u00e7ok say\u0131da ki\u015fiye \u0131\u015f\u0131k tutan Om Swami\u2019den Hayat\u0131n B\u00fcy\u00fck Sorular\u0131 ac\u0131 \u00e7ekmekten uzak, belirli bir doyuma ula\u015fm\u0131\u015f hayata giden yolda gereken bak\u0131\u015f a\u00e7\u0131s\u0131n\u0131 kazanman\u0131z i\u00e7in \u00f6nemli bir kaynak olacak. <\/p>\n","protected":false},"excerpt":{"rendered":"<p>ACI KA\u00c7INILMAZDIR, ISTIRAP TERC\u0130HE BA\u011eLIDIR. KAYIP KA\u00c7INILMAZDIR, YAS \u00d6YLE DE\u011e\u0130LD\u0130R. \u201cBak\u0131\u015f a\u00e7\u0131n\u0131z, tutumunuz, \u00f6ng\u00f6r\u00fcn\u00fcz ve hayattan beklentileriniz sizi korur. Bunlar uyum i\u00e7inde oldu\u011funda zorluk, direni\u015f, ac\u0131<span class=\"excerpt-hellip\"> [\u2026]<\/span><\/p>\n","protected":false},"featured_media":0,"template":"","meta":{"_monsterinsights_skip_tracking":false,"_monsterinsights_sitenote_active":false,"_monsterinsights_sitenote_note":"","_monsterinsights_sitenote_category":0},"product_brand":[],"product_cat":[12364],"product_tag":[],"class_list":{"0":"post-757701","1":"product","2":"type-product","3":"status-publish","5":"product_cat-genel-konular","6":"pa_cilt-ciltsiz","7":"pa_tur-kitap","8":"pa_yayinevi-nepal-kitap","9":"pa_yazar-om-swami","11":"first","12":"instock","13":"sale","14":"shipping-taxable","15":"purchasable","16":"product-type-simple"},"_links":{"self":[{"href":"https:\/\/roveyayinevi.com.tr\/index.php\/wp-json\/wp\/v2\/product\/757701","targetHints":{"allow":["GET"]}}],"collection":[{"href":"https:\/\/roveyayinevi.com.tr\/index.php\/wp-json\/wp\/v2\/product"}],"about":[{"href":"https:\/\/roveyayinevi.com.tr\/index.php\/wp-json\/wp\/v2\/types\/product"}],"wp:attachment":[{"href":"https:\/\/roveyayinevi.com.tr\/index.php\/wp-json\/wp\/v2\/media?parent=757701"}],"wp:term":[{"taxonomy":"product_brand","embeddable":true,"href":"https:\/\/roveyayinevi.com.tr\/index.php\/wp-json\/wp\/v2\/product_brand?post=757701"},{"taxonomy":"product_cat","embeddable":true,"href":"https:\/\/roveyayinevi.com.tr\/index.php\/wp-json\/wp\/v2\/product_cat?post=757701"},{"taxonomy":"product_tag","embeddable":true,"href":"https:\/\/roveyayinevi.com.tr\/index.php\/wp-json\/wp\/v2\/product_tag?post=757701"}],"curies":[{"name":"wp","href":"https:\/\/api.w.org\/{rel}","templated":true}]}}