{"id":757700,"date":"2025-08-28T07:43:37","date_gmt":"2025-08-28T04:43:37","guid":{"rendered":"https:\/\/roveyayinevi.com.tr\/index.php\/urun\/moskova-roma\/"},"modified":"2026-04-16T03:10:46","modified_gmt":"2026-04-16T00:10:46","slug":"moskova-roma","status":"publish","type":"product","link":"https:\/\/roveyayinevi.com.tr\/index.php\/urun\/moskova-roma\/","title":{"rendered":"Moskova &#8211; Roma"},"content":{"rendered":"<p>&#8220;Falih R\u0131fk\u0131 Atay\u2019\u0131n s\u00fcr\u00fckleyici, zengin muhteval\u0131, z\u0131t g\u00f6r\u00fcn\u00fcm ve olaylara dayanarak tezlerini savunan bir \u00fcslubu vard\u0131r.\u201d Prof. Dr. \u0130lber ORTAYLI   \u201cT\u00fcrk ink\u0131lap\u00e7\u0131lar\u0131n\u0131n ad\u0131, Kemalizm\u2019dir. Kemalizm\u2019de en b\u00fcy\u00fck k\u0131ymet 1919\u2019dan 1932\u2019ye kadar s\u00fcren T\u00fcrkiye tecr\u00fcbeleridir. Kemalizm\u2019in bu tecr\u00fcbelerinden her zaman\u0131n ink\u0131laplar\u0131 ders alacakt\u0131r. Biz de, Leninizm\u2019in Rusya\u2019daki, Mussolinizm\u2019in \u0130talya\u2019daki tecr\u00fcbelerinden istifade edebiliriz. T\u00fcrk y\u0131\u011f\u0131nlar\u0131n\u0131n terbiyesi i\u00e7in Moskova\u2019n\u0131n y\u0131\u011f\u0131n terbiyesi metotlar\u0131, devlet\u00e7i T\u00fcrk iktisat\u00e7\u0131l\u0131\u011f\u0131 i\u00e7in fa\u015fizmin korporasyon metotlar\u0131, yepyeni kafa ve ruhta bir cumhuriyet genci yeti\u015ftirmek i\u00e7in her iki ink\u0131lab\u0131n \u00e7ocuk ve gen\u00e7 yeti\u015ftiren metotlar\u0131 ad\u0131m ad\u0131m tetkik edece\u011fimiz \u015feylerdir. Kemalizm; durulmu\u015f, kitapla\u015fm\u0131\u015f, idarele\u015fmi\u015f bir dava de\u011fildir. Y\u00fcr\u00fcyen, k\u0131m\u0131ldayan, arayan, canl\u0131 ve oynak bir ihtilaldir. Bu ihtilalin g\u00f6z\u00fcn\u00fcn her tarafa do\u011fru a\u00e7\u0131k olmas\u0131 laz\u0131m gelir. Yaln\u0131z bir esasta sars\u0131lmaz bir taassup g\u00fcderiz: Kemalizm\u2019in T\u00fcrk ve T\u00fcrkiyeci, m\u00fcstakil ve istiklalci karakterine candan ba\u011fl\u0131 kalmak.\u201d<\/p>\n","protected":false},"excerpt":{"rendered":"<p>&#8220;Falih R\u0131fk\u0131 Atay\u2019\u0131n s\u00fcr\u00fckleyici, zengin muhteval\u0131, z\u0131t g\u00f6r\u00fcn\u00fcm ve olaylara dayanarak tezlerini savunan bir \u00fcslubu vard\u0131r.\u201d Prof. Dr. \u0130lber ORTAYLI \u201cT\u00fcrk ink\u0131lap\u00e7\u0131lar\u0131n\u0131n ad\u0131, Kemalizm\u2019dir. Kemalizm\u2019de en<span class=\"excerpt-hellip\"> [\u2026]<\/span><\/p>\n","protected":false},"featured_media":0,"template":"","meta":{"_monsterinsights_skip_tracking":false,"_monsterinsights_sitenote_active":false,"_monsterinsights_sitenote_note":"","_monsterinsights_sitenote_category":0},"product_brand":[],"product_cat":[12304],"product_tag":[],"class_list":{"0":"post-757700","1":"product","2":"type-product","3":"status-publish","5":"product_cat-tarih","6":"pa_cilt-ciltsiz","7":"pa_tur-kitap","8":"pa_yayinevi-pozitif-yayinlari","9":"pa_yazar-falih-rifki-atay","11":"first","12":"instock","13":"sale","14":"shipping-taxable","15":"purchasable","16":"product-type-simple"},"_links":{"self":[{"href":"https:\/\/roveyayinevi.com.tr\/index.php\/wp-json\/wp\/v2\/product\/757700","targetHints":{"allow":["GET"]}}],"collection":[{"href":"https:\/\/roveyayinevi.com.tr\/index.php\/wp-json\/wp\/v2\/product"}],"about":[{"href":"https:\/\/roveyayinevi.com.tr\/index.php\/wp-json\/wp\/v2\/types\/product"}],"wp:attachment":[{"href":"https:\/\/roveyayinevi.com.tr\/index.php\/wp-json\/wp\/v2\/media?parent=757700"}],"wp:term":[{"taxonomy":"product_brand","embeddable":true,"href":"https:\/\/roveyayinevi.com.tr\/index.php\/wp-json\/wp\/v2\/product_brand?post=757700"},{"taxonomy":"product_cat","embeddable":true,"href":"https:\/\/roveyayinevi.com.tr\/index.php\/wp-json\/wp\/v2\/product_cat?post=757700"},{"taxonomy":"product_tag","embeddable":true,"href":"https:\/\/roveyayinevi.com.tr\/index.php\/wp-json\/wp\/v2\/product_tag?post=757700"}],"curies":[{"name":"wp","href":"https:\/\/api.w.org\/{rel}","templated":true}]}}