{"id":757699,"date":"2025-08-28T07:43:35","date_gmt":"2025-08-28T04:43:35","guid":{"rendered":"https:\/\/roveyayinevi.com.tr\/index.php\/urun\/leviathan-1\/"},"modified":"2026-04-16T03:10:46","modified_gmt":"2026-04-16T00:10:46","slug":"leviathan-1","status":"publish","type":"product","link":"https:\/\/roveyayinevi.com.tr\/index.php\/urun\/leviathan-1\/","title":{"rendered":"Leviathan 1"},"content":{"rendered":"<p>KARANLI\u011eIN KALB\u0130NDE YATAN NED\u0130R? \u0130NSAN MI, CANAVAR MI?   Dev uzay gemisi Leviathan galaksinin derinliklerinde bir anda rotadan \u00e7\u0131kar. Enkaz h\u0131rs\u0131zlar\u0131 geminin i\u00e7ine girer ve ortaokul \u00f6\u011frencisi Kazuma\u2019n\u0131n gu\u0308nlu\u0308\u011fu\u0308nden enkaz\u0131n detaylar\u0131n\u0131 \u00f6\u011frenir.   Yaz\u0131lanlara g\u00f6re kurtulan sadece bir ki\u015fi vard\u0131r.   Yakla\u015f\u0131k bir as\u0131r \u00f6nce Kazuma, bir okul gezisiyle Du\u0308nya\u2019ya yap\u0131lan bir yolculu\u011fa kat\u0131lm\u0131\u015ft\u0131r. Gemide sebebi belirsiz bir hasar olu\u015fur ve ne\u015feli okul gezisi bir felakete d\u00f6nu\u0308\u015fu\u0308r! Yolcular mahsur kal\u0131r. Kazuma ve Futaba, bak\u0131m robotu ile bir \u00f6\u011fretmen aras\u0131ndaki sohbete \u015fahit olurlar. Yard\u0131m ekiplerini beklerler fakat yeterli oksijen yoktur. Kurtulu\u015f yolu gemi enkaz\u0131n\u0131n i\u00e7inde bulunan hibernasyon cihaz\u0131d\u0131r ve o cihaz tek ki\u015filiktir.   Uzay bo\u015flu\u011fu her \u015feyi sarm\u0131\u015fken \u00f6lu\u0308m ve ya\u015fam aras\u0131ndaki girdapta insanl\u0131\u011f\u0131m\u0131z\u0131 nas\u0131l koruyabiliriz?   LeviathanLeviathan bizi deh\u015fetin kol gezdi\u011fi bu ortamda cehennemin sonuna do\u011fru bir yolculu\u011fa \u00e7\u0131kar\u0131yor. <\/p>\n","protected":false},"excerpt":{"rendered":"<p>KARANLI\u011eIN KALB\u0130NDE YATAN NED\u0130R? \u0130NSAN MI, CANAVAR MI? Dev uzay gemisi Leviathan galaksinin derinliklerinde bir anda rotadan \u00e7\u0131kar. Enkaz h\u0131rs\u0131zlar\u0131 geminin i\u00e7ine girer ve ortaokul \u00f6\u011frencisi<span class=\"excerpt-hellip\"> [\u2026]<\/span><\/p>\n","protected":false},"featured_media":0,"template":"","meta":{"_monsterinsights_skip_tracking":false,"_monsterinsights_sitenote_active":false,"_monsterinsights_sitenote_note":"","_monsterinsights_sitenote_category":0},"product_brand":[],"product_cat":[12416,12291],"product_tag":[],"class_list":{"0":"post-757699","1":"product","2":"type-product","3":"status-publish","5":"product_cat-cizgi-roman","6":"product_cat-edebiyat","7":"pa_cilt-ciltsiz","8":"pa_tur-kitap","9":"pa_yayinevi-athica-yayinlari","10":"pa_yazar-shiro-kuroi","12":"first","13":"instock","14":"sale","15":"shipping-taxable","16":"purchasable","17":"product-type-simple"},"_links":{"self":[{"href":"https:\/\/roveyayinevi.com.tr\/index.php\/wp-json\/wp\/v2\/product\/757699","targetHints":{"allow":["GET"]}}],"collection":[{"href":"https:\/\/roveyayinevi.com.tr\/index.php\/wp-json\/wp\/v2\/product"}],"about":[{"href":"https:\/\/roveyayinevi.com.tr\/index.php\/wp-json\/wp\/v2\/types\/product"}],"wp:attachment":[{"href":"https:\/\/roveyayinevi.com.tr\/index.php\/wp-json\/wp\/v2\/media?parent=757699"}],"wp:term":[{"taxonomy":"product_brand","embeddable":true,"href":"https:\/\/roveyayinevi.com.tr\/index.php\/wp-json\/wp\/v2\/product_brand?post=757699"},{"taxonomy":"product_cat","embeddable":true,"href":"https:\/\/roveyayinevi.com.tr\/index.php\/wp-json\/wp\/v2\/product_cat?post=757699"},{"taxonomy":"product_tag","embeddable":true,"href":"https:\/\/roveyayinevi.com.tr\/index.php\/wp-json\/wp\/v2\/product_tag?post=757699"}],"curies":[{"name":"wp","href":"https:\/\/api.w.org\/{rel}","templated":true}]}}