{"id":757697,"date":"2025-08-28T07:43:31","date_gmt":"2025-08-28T04:43:31","guid":{"rendered":"https:\/\/roveyayinevi.com.tr\/index.php\/urun\/balarilari-ve-uzaktaki-gok-gurultusu\/"},"modified":"2026-04-16T03:10:46","modified_gmt":"2026-04-16T00:10:46","slug":"balarilari-ve-uzaktaki-gok-gurultusu","status":"publish","type":"product","link":"https:\/\/roveyayinevi.com.tr\/index.php\/urun\/balarilari-ve-uzaktaki-gok-gurultusu\/","title":{"rendered":"Balar\u0131lar\u0131 ve Uzaktaki G\u00f6k G\u00fcr\u00fclt\u00fcs\u00fc"},"content":{"rendered":"<p>\u0130nsan olman\u0131n en y\u00fcksek formu m\u00fcziktir. M\u00dcZ\u0130\u011e\u0130N, DOSTLU\u011eUN VE REKABET\u0130N S\u0130H\u0130RL\u0130 D\u00dcNYASINA HO\u015e GELD\u0130N\u0130Z! Tokyo yak\u0131nlar\u0131ndaki k\u00fc\u00e7\u00fck bir sahil kasabas\u0131nda d\u00fczenlenen piyano yar\u0131\u015fmas\u0131nda \u00fc\u00e7 \u00f6\u011frenci, hayatlar\u0131n\u0131n en keyifli ve ac\u0131 verici anlar\u0131ndan baz\u0131lar\u0131n\u0131 ya\u015fayacaklar. Hen\u00fcz fark\u0131nda olmasalar da birbirlerinin hayat\u0131n\u0131 derinden ve beklenmedik \u015fekilde de\u011fi\u015ftirecekler. Yetenekli Masaru, annesinin \u00f6l\u00fcm\u00fcnden sonra konserleri b\u0131rakan \u201cd\u00e2hi \u00e7ocuk\u201d Aya\u2019y\u0131 alt edebilecek mi? Yoksa bunu bir ar\u0131c\u0131n\u0131n, piyanosu bile olmayan \u00f6zg\u00fcr ruhlu m\u00fczisyen o\u011flu Jin mi ba\u015faracak? Her biri kurallar\u0131 y\u0131k\u0131p hayranlar\u0131n\u0131 b\u00fcy\u00fcleyecek ve s\u0131n\u0131rlar\u0131n\u0131 zorlayacak. Peki ne pahas\u0131na? Milyonlarca okura ula\u015fan ve Japonya\u2019da haftalarca 1 numarada kalan Balar\u0131lar\u0131 ve Uzaktaki G\u00f6k G\u00fcr\u00fclt\u00fcs\u00fc \u00fc\u00e7 gencin, arkada\u015fl\u0131\u011f\u0131n anlam\u0131n\u0131 kavramaya dair sevgiyle \u00f6r\u00fclm\u00fc\u015f hik\u00e2yesi.   \u201cRuki Onda, klasik m\u00fczi\u011fin b\u00fcy\u00fcleyici g\u00fcc\u00fcn\u00fc t\u00fcm duygusal, psikolojik ve i\u00e7g\u00fcd\u00fcsel g\u00f6rkemiyle en g\u00fczel \u015fekilde aktar\u0131yor&#8230;\u201d \u2013 The Observer \u201cOkuyabilece\u011finiz en estetik Japon romanlar\u0131ndan biri olan Balar\u0131lar\u0131 ve Uzaktaki G\u00f6k G\u00fcr\u00fclt\u00fcs\u00fc, Japon edebiyat\u0131n\u0131n ger\u00e7ek bir ba\u015fyap\u0131t\u0131.\u201d \u2013 Books and Bao <\/p>\n","protected":false},"excerpt":{"rendered":"<p>\u0130nsan olman\u0131n en y\u00fcksek formu m\u00fcziktir. M\u00dcZ\u0130\u011e\u0130N, DOSTLU\u011eUN VE REKABET\u0130N S\u0130H\u0130RL\u0130 D\u00dcNYASINA HO\u015e GELD\u0130N\u0130Z! Tokyo yak\u0131nlar\u0131ndaki k\u00fc\u00e7\u00fck bir sahil kasabas\u0131nda d\u00fczenlenen piyano yar\u0131\u015fmas\u0131nda \u00fc\u00e7 \u00f6\u011frenci, hayatlar\u0131n\u0131n<span class=\"excerpt-hellip\"> [\u2026]<\/span><\/p>\n","protected":false},"featured_media":0,"template":"","meta":{"_monsterinsights_skip_tracking":false,"_monsterinsights_sitenote_active":false,"_monsterinsights_sitenote_note":"","_monsterinsights_sitenote_category":0},"product_brand":[],"product_cat":[12291,12711],"product_tag":[],"class_list":{"0":"post-757697","1":"product","2":"type-product","3":"status-publish","5":"product_cat-edebiyat","6":"product_cat-roman-oyku","7":"pa_cilt-ciltsiz","8":"pa_tur-kitap","9":"pa_yayinevi-beyaz-baykus-yayinlari","10":"pa_yazar-riku-onda","12":"first","13":"instock","14":"sale","15":"shipping-taxable","16":"purchasable","17":"product-type-simple"},"_links":{"self":[{"href":"https:\/\/roveyayinevi.com.tr\/index.php\/wp-json\/wp\/v2\/product\/757697","targetHints":{"allow":["GET"]}}],"collection":[{"href":"https:\/\/roveyayinevi.com.tr\/index.php\/wp-json\/wp\/v2\/product"}],"about":[{"href":"https:\/\/roveyayinevi.com.tr\/index.php\/wp-json\/wp\/v2\/types\/product"}],"wp:attachment":[{"href":"https:\/\/roveyayinevi.com.tr\/index.php\/wp-json\/wp\/v2\/media?parent=757697"}],"wp:term":[{"taxonomy":"product_brand","embeddable":true,"href":"https:\/\/roveyayinevi.com.tr\/index.php\/wp-json\/wp\/v2\/product_brand?post=757697"},{"taxonomy":"product_cat","embeddable":true,"href":"https:\/\/roveyayinevi.com.tr\/index.php\/wp-json\/wp\/v2\/product_cat?post=757697"},{"taxonomy":"product_tag","embeddable":true,"href":"https:\/\/roveyayinevi.com.tr\/index.php\/wp-json\/wp\/v2\/product_tag?post=757697"}],"curies":[{"name":"wp","href":"https:\/\/api.w.org\/{rel}","templated":true}]}}