{"id":757695,"date":"2025-08-28T07:43:28","date_gmt":"2025-08-28T04:43:28","guid":{"rendered":"https:\/\/roveyayinevi.com.tr\/index.php\/urun\/icindeki-kayip-cocugu-iyilestir\/"},"modified":"2026-04-16T03:10:46","modified_gmt":"2026-04-16T00:10:46","slug":"icindeki-kayip-cocugu-iyilestir","status":"publish","type":"product","link":"https:\/\/roveyayinevi.com.tr\/index.php\/urun\/icindeki-kayip-cocugu-iyilestir\/","title":{"rendered":"\u0130\u00e7indeki Kay\u0131p \u00c7ocu\u011fu \u0130yile\u015ftir"},"content":{"rendered":"<p>D\u00fcrt\u00fcsel Tepkiler Nas\u0131l Durdurulur, Sa\u011fl\u0131kl\u0131 S\u0131n\u0131rlar Nas\u0131l Belirlenir ve \u00d6zg\u00fcn Bir Ya\u015fama Nas\u0131l Kucak A\u00e7\u0131l\u0131r? \u00c7ocukluk ya\u015fant\u0131lar\u0131 kimilerimiz i\u00e7in zaman zaman karanl\u0131k bir labirente d\u00f6n\u00fc\u015f\u00fcr. \u00c7o\u011fu insan kayg\u0131l\u0131, depresif, \u00fcrkm\u00fc\u015f hissetti\u011finde   ya da hayal k\u0131r\u0131kl\u0131\u011f\u0131na u\u011frad\u0131\u011f\u0131nda, bu hislerin nereden geldi\u011fini bulamaz. Bir \u015feylere birtak\u0131m tepkiler verirler ama bu tepkinin sebebini kendileri de tam olarak \u00e7\u00f6zemezler. Neden s\u00fcrekli ayn\u0131 hatal\u0131 hamleleri yapt\u0131klar\u0131n\u0131, neden b\u00f6yle d\u00fcrt\u00fcsel davrand\u0131klar\u0131n\u0131, neden kendilerini sabote ettiklerini d\u00fc\u015f\u00fcn\u00fcp dururlar. Bu \u00f6r\u00fcnt\u00fcler \u00e7ocukluktan itibaren s\u00fcrekli kusurlu bir hik\u00e2ye anlatan i\u00e7teki kay\u0131p, yaral\u0131 \u00e7ocuktan kaynaklan\u0131r. \u00c7ocuklukta ya\u015fanan istismar, ihmal veya travmatik deneyimlerle incinen duygular, yeti\u015fkin ya\u015fam\u0131nda kendini soyutlanm\u0131\u015fl\u0131k, yanl\u0131\u015f ili\u015fki tercihleri, bunalm\u0131\u015fl\u0131k ve \u00f6fke patlamalar\u0131 \u015feklinde g\u00f6sterir.       Psikoterapist Robert Jackman, \u0130\u00e7indeki Kay\u0131p \u00c7ocu\u011fu \u0130yile\u015ftir ile iyile\u015fmeniz ve \u00f6zg\u00fcn bir ya\u015fam\u0131 benimsemeniz i\u00e7in sizi ge\u00e7mi\u015finizde bir yolculu\u011fa \u00e7\u0131kar\u0131yor. \u00d6rnek vakalar ve al\u0131\u015ft\u0131rmalarla ke\u015ffedilmemi\u015f yaralar\u0131n\u0131z\u0131 ke\u015ffetmenizi sa\u011flamak i\u00e7in o karanl\u0131k labirenti sizinle birlikte ad\u0131ml\u0131yor. Karma\u015fadan kurtulup daha fazla anlam ve doyumla tekrar g\u00fcn \u0131\u015f\u0131\u011f\u0131na \u00e7\u0131kman\u0131z i\u00e7in size e\u015flik\u00e7i oluyor&#8230; <\/p>\n","protected":false},"excerpt":{"rendered":"<p>D\u00fcrt\u00fcsel Tepkiler Nas\u0131l Durdurulur, Sa\u011fl\u0131kl\u0131 S\u0131n\u0131rlar Nas\u0131l Belirlenir ve \u00d6zg\u00fcn Bir Ya\u015fama Nas\u0131l Kucak A\u00e7\u0131l\u0131r? \u00c7ocukluk ya\u015fant\u0131lar\u0131 kimilerimiz i\u00e7in zaman zaman karanl\u0131k bir labirente d\u00f6n\u00fc\u015f\u00fcr. \u00c7o\u011fu<span class=\"excerpt-hellip\"> [\u2026]<\/span><\/p>\n","protected":false},"featured_media":0,"template":"","meta":{"_monsterinsights_skip_tracking":false,"_monsterinsights_sitenote_active":false,"_monsterinsights_sitenote_note":"","_monsterinsights_sitenote_category":0},"product_brand":[],"product_cat":[12357],"product_tag":[],"class_list":{"0":"post-757695","1":"product","2":"type-product","3":"status-publish","5":"product_cat-psikoloji","6":"pa_cilt-ciltsiz","7":"pa_tur-kitap","8":"pa_yayinevi-beyaz-baykus-yayinlari","9":"pa_yazar-robert-jackman","11":"first","12":"instock","13":"sale","14":"shipping-taxable","15":"purchasable","16":"product-type-simple"},"_links":{"self":[{"href":"https:\/\/roveyayinevi.com.tr\/index.php\/wp-json\/wp\/v2\/product\/757695","targetHints":{"allow":["GET"]}}],"collection":[{"href":"https:\/\/roveyayinevi.com.tr\/index.php\/wp-json\/wp\/v2\/product"}],"about":[{"href":"https:\/\/roveyayinevi.com.tr\/index.php\/wp-json\/wp\/v2\/types\/product"}],"wp:attachment":[{"href":"https:\/\/roveyayinevi.com.tr\/index.php\/wp-json\/wp\/v2\/media?parent=757695"}],"wp:term":[{"taxonomy":"product_brand","embeddable":true,"href":"https:\/\/roveyayinevi.com.tr\/index.php\/wp-json\/wp\/v2\/product_brand?post=757695"},{"taxonomy":"product_cat","embeddable":true,"href":"https:\/\/roveyayinevi.com.tr\/index.php\/wp-json\/wp\/v2\/product_cat?post=757695"},{"taxonomy":"product_tag","embeddable":true,"href":"https:\/\/roveyayinevi.com.tr\/index.php\/wp-json\/wp\/v2\/product_tag?post=757695"}],"curies":[{"name":"wp","href":"https:\/\/api.w.org\/{rel}","templated":true}]}}