{"id":757693,"date":"2025-08-28T07:43:25","date_gmt":"2025-08-28T04:43:25","guid":{"rendered":"https:\/\/roveyayinevi.com.tr\/index.php\/urun\/sosyal-hizmet-ve-ailecilik\/"},"modified":"2026-04-16T03:10:46","modified_gmt":"2026-04-16T00:10:46","slug":"sosyal-hizmet-ve-ailecilik","status":"publish","type":"product","link":"https:\/\/roveyayinevi.com.tr\/index.php\/urun\/sosyal-hizmet-ve-ailecilik\/","title":{"rendered":"Sosyal Hizmet ve &#8220;Ailecilik&#8221;"},"content":{"rendered":"<p>Her y\u0131l ayr\u0131 bir sorun alan\u0131na odaklanan \u201cSosyal Hizmet(ler)i Yeniden D\u00fc\u015f\u00fcnmek\u201d konferanslar\u0131 kapsam\u0131nda 2019 y\u0131l\u0131nda, sosyal hizmetlerin giderek daha yo\u011fun bi\u00e7imde piyasaya ve aileye devredilmesi e\u011filimlerini ele almaya \u00e7al\u0131\u015ft\u0131k. T\u00fcrkiye a\u00e7\u0131s\u0131ndan bu ba\u011flamda \u00f6zellikle aile \u00f6nemli bir konumda ve iktidardakilerin hi\u00e7 dillerinden d\u00fc\u015f\u00fcrmedikleri bir kavram. T\u00fcrkiye\u2019de sosyal politikalar \u00f6teden beri, sosyal hizmetlerin klasik tan\u0131ml\u0131 aileyi g\u00fc\u00e7lendirmesine odaklanm\u0131\u015ft\u0131r. Kad\u0131nlar\u0131n annelik rol\u00fcn\u00fc vurgulamas\u0131, kad\u0131n eme\u011fini yeniden \u00fcretimle s\u0131n\u0131rlamak istemesi ve kurumsal yap\u0131lar aras\u0131nda \u00f6zellikle aile kurumunu \u00f6n plana \u00e7\u0131kartmas\u0131 nedeniyle \u201cailecilik\u201d diye tan\u0131mlayabilece\u011fimiz bu politika yakla\u015f\u0131m\u0131, son 20 y\u0131lda giderek g\u00fc\u00e7lenmi\u015ftir. Bu aileci yakla\u015f\u0131m, kurumsal bir sosyal hizmet yap\u0131lanmas\u0131 yerine sosyal hizmet sorumlulu\u011funu aileye ve dolay\u0131s\u0131yla kad\u0131nlara y\u00fckleyen bir nitelik ta\u015f\u0131maktad\u0131r. Oysa sosyal hizmetlerin \u201cailevile\u015ftirilmesi\u201d t\u00fcm toplum i\u00e7in \u00e7ok \u00f6nemli riskler ta\u015f\u0131makta. Bu \u00e7al\u0131\u015fmadaki farkl\u0131 sorun alanlar\u0131na odaklanan metinlerde, hem sosyal hizmet sunucular\u0131 hem de yararlan\u0131c\u0131lar\u0131 a\u00e7\u0131s\u0131ndan bu risklere ve sorunlara dikkat \u00e7ekiliyor.<\/p>\n","protected":false},"excerpt":{"rendered":"<p>Her y\u0131l ayr\u0131 bir sorun alan\u0131na odaklanan \u201cSosyal Hizmet(ler)i Yeniden D\u00fc\u015f\u00fcnmek\u201d konferanslar\u0131 kapsam\u0131nda 2019 y\u0131l\u0131nda, sosyal hizmetlerin giderek daha yo\u011fun bi\u00e7imde piyasaya ve aileye devredilmesi e\u011filimlerini<span class=\"excerpt-hellip\"> [\u2026]<\/span><\/p>\n","protected":false},"featured_media":0,"template":"","meta":{"_monsterinsights_skip_tracking":false,"_monsterinsights_sitenote_active":false,"_monsterinsights_sitenote_note":"","_monsterinsights_sitenote_category":0},"product_brand":[],"product_cat":[12324],"product_tag":[],"class_list":{"0":"post-757693","1":"product","2":"type-product","3":"status-publish","5":"product_cat-sosyoloji","6":"pa_cilt-ciltsiz","7":"pa_tur-kitap","8":"pa_yayinevi-nika-yayinevi","9":"pa_yazar-nese-sahin-tasgin-ugur-tekin-yasemin-ahi","11":"first","12":"instock","13":"sale","14":"shipping-taxable","15":"purchasable","16":"product-type-simple"},"_links":{"self":[{"href":"https:\/\/roveyayinevi.com.tr\/index.php\/wp-json\/wp\/v2\/product\/757693","targetHints":{"allow":["GET"]}}],"collection":[{"href":"https:\/\/roveyayinevi.com.tr\/index.php\/wp-json\/wp\/v2\/product"}],"about":[{"href":"https:\/\/roveyayinevi.com.tr\/index.php\/wp-json\/wp\/v2\/types\/product"}],"wp:attachment":[{"href":"https:\/\/roveyayinevi.com.tr\/index.php\/wp-json\/wp\/v2\/media?parent=757693"}],"wp:term":[{"taxonomy":"product_brand","embeddable":true,"href":"https:\/\/roveyayinevi.com.tr\/index.php\/wp-json\/wp\/v2\/product_brand?post=757693"},{"taxonomy":"product_cat","embeddable":true,"href":"https:\/\/roveyayinevi.com.tr\/index.php\/wp-json\/wp\/v2\/product_cat?post=757693"},{"taxonomy":"product_tag","embeddable":true,"href":"https:\/\/roveyayinevi.com.tr\/index.php\/wp-json\/wp\/v2\/product_tag?post=757693"}],"curies":[{"name":"wp","href":"https:\/\/api.w.org\/{rel}","templated":true}]}}