{"id":757692,"date":"2025-08-28T07:43:23","date_gmt":"2025-08-28T04:43:23","guid":{"rendered":"https:\/\/roveyayinevi.com.tr\/index.php\/urun\/samsatli-lucianus\/"},"modified":"2026-04-16T03:10:46","modified_gmt":"2026-04-16T00:10:46","slug":"samsatli-lucianus","status":"publish","type":"product","link":"https:\/\/roveyayinevi.com.tr\/index.php\/urun\/samsatli-lucianus\/","title":{"rendered":"Samsatl\u0131 Lucianus"},"content":{"rendered":"<p>Lucianus, ya\u015fad\u0131\u011f\u0131 d\u00f6nemin ahlak, felsefe ve dini inan\u00e7lar\u0131n\u0131 ele\u015ftirmi\u015ftir. Bu nedenle de \u00e7ok b\u00fcy\u00fck tepkiler alm\u0131\u015ft\u0131r. Lucianus, ya\u015fad\u0131\u011f\u0131 d\u00f6nemde d\u00fc\u015f\u00fcncelerinden dolay\u0131 d\u0131\u015flan\u0131p yaln\u0131z b\u0131rak\u0131ld\u0131\u011f\u0131 gibi daha sonraki d\u00f6nemlerde de mesela 15. ve 16. y\u00fczy\u0131llarda Katolik kilisesi taraf\u0131ndan eserleri yasaklanm\u0131\u015ft\u0131r. Kilise taraf\u0131ndan yasaklanm\u0131\u015f olmas\u0131n\u0131n nedeni do\u011frudan kiliseye veya H\u0131ristiyanl\u0131\u011fa y\u00f6nelik bir ele\u015ftiri yapt\u0131\u011f\u0131ndan de\u011fildir. O daha \u00e7ok Yunan mitolojisine ve genel olarak paganizme (putperestli\u011fe) y\u00f6nelik ele\u015ftirileri nedeniyle tepki toplam\u0131\u015ft\u0131r. Ger\u00e7i H\u0131ristiyanl\u0131\u011fa y\u00f6nelik do\u011frudan bir ele\u015ftirisi de vard\u0131r. Peregrinus\u2019un Ge\u00e7i\u015fi (The Passing of Peregrinus) isimli kitab\u0131nda H\u0131ristiyanlar\u0131 \u00f6l\u00fcml\u00fc bir insan\u0131, yani Hz. \u0130sa\u2019y\u0131 tanr\u0131la\u015ft\u0131rmakla ele\u015ftirir ve onlarla alay eder. Hatta denilebilir ki Lucianus\u2019un bu d\u00fc\u015f\u00fcnceleri Samsat\u2019\u0131n d\u00fc\u015f\u00fcn &#8211; ce havzas\u0131nda etkili olmu\u015f ve kendisinden yakla\u015f\u0131k 100 y\u0131l sonra gelen Samsatl\u0131 Aziz Pavlus\u2019u da etkilemi\u015ftir. Bilindi\u011fi gibi Aziz Pavlus, Hz. \u0130sa\u2019n\u0131n tanr\u0131 olamayaca\u011f\u0131n\u0131 yaln\u0131zca insan oldu\u011funu ileri s\u00fcrd\u00fc\u011f\u00fc i\u00e7in d\u00f6nemin Antakya kilisesi taraf\u0131ndan aforoz edilmi\u015ftir. <\/p>\n","protected":false},"excerpt":{"rendered":"<p>Lucianus, ya\u015fad\u0131\u011f\u0131 d\u00f6nemin ahlak, felsefe ve dini inan\u00e7lar\u0131n\u0131 ele\u015ftirmi\u015ftir. Bu nedenle de \u00e7ok b\u00fcy\u00fck tepkiler alm\u0131\u015ft\u0131r. Lucianus, ya\u015fad\u0131\u011f\u0131 d\u00f6nemde d\u00fc\u015f\u00fcncelerinden dolay\u0131 d\u0131\u015flan\u0131p yaln\u0131z b\u0131rak\u0131ld\u0131\u011f\u0131 gibi daha<span class=\"excerpt-hellip\"> [\u2026]<\/span><\/p>\n","protected":false},"featured_media":0,"template":"","meta":{"_monsterinsights_skip_tracking":false,"_monsterinsights_sitenote_active":false,"_monsterinsights_sitenote_note":"","_monsterinsights_sitenote_category":0},"product_brand":[],"product_cat":[13946,12304],"product_tag":[],"class_list":{"0":"post-757692","1":"product","2":"type-product","3":"status-publish","5":"product_cat-biyografi-otobiyografi","6":"product_cat-tarih","7":"pa_cilt-ciltsiz","8":"pa_tur-kitap","9":"pa_yayinevi-altinordu-yayinlari","10":"pa_yazar-mustafa-ekinci","12":"first","13":"instock","14":"sale","15":"shipping-taxable","16":"purchasable","17":"product-type-simple"},"_links":{"self":[{"href":"https:\/\/roveyayinevi.com.tr\/index.php\/wp-json\/wp\/v2\/product\/757692","targetHints":{"allow":["GET"]}}],"collection":[{"href":"https:\/\/roveyayinevi.com.tr\/index.php\/wp-json\/wp\/v2\/product"}],"about":[{"href":"https:\/\/roveyayinevi.com.tr\/index.php\/wp-json\/wp\/v2\/types\/product"}],"wp:attachment":[{"href":"https:\/\/roveyayinevi.com.tr\/index.php\/wp-json\/wp\/v2\/media?parent=757692"}],"wp:term":[{"taxonomy":"product_brand","embeddable":true,"href":"https:\/\/roveyayinevi.com.tr\/index.php\/wp-json\/wp\/v2\/product_brand?post=757692"},{"taxonomy":"product_cat","embeddable":true,"href":"https:\/\/roveyayinevi.com.tr\/index.php\/wp-json\/wp\/v2\/product_cat?post=757692"},{"taxonomy":"product_tag","embeddable":true,"href":"https:\/\/roveyayinevi.com.tr\/index.php\/wp-json\/wp\/v2\/product_tag?post=757692"}],"curies":[{"name":"wp","href":"https:\/\/api.w.org\/{rel}","templated":true}]}}