{"id":757691,"date":"2025-08-28T07:43:22","date_gmt":"2025-08-28T04:43:22","guid":{"rendered":"https:\/\/roveyayinevi.com.tr\/index.php\/urun\/felsefe-fragmanlari\/"},"modified":"2026-04-16T03:10:46","modified_gmt":"2026-04-16T00:10:46","slug":"felsefe-fragmanlari","status":"publish","type":"product","link":"https:\/\/roveyayinevi.com.tr\/index.php\/urun\/felsefe-fragmanlari\/","title":{"rendered":"Felsefe Fragmanlar\u0131"},"content":{"rendered":"<p>\u201cBeden\u0130n\u0130zde, en der\u0130n felsefen\u0130zden daha fazla b\u0130lgel\u0130k vard\u0131r.\u201d \u2013 Friedrich Nietzsche Bir felsefe metni olarak g\u00f6r\u00fcnen bu fragmanlar b\u00fct\u00fcn\u00fc, felsefe yordam\u0131yla bin y\u0131llard\u0131r kutsanm\u0131\u015f olan akla ve akl\u0131n organize etmi\u015f oldu\u011fu t\u00fcm kurumsal ve yerle\u015fik kan\u0131lara itiraz etmesiyle ve yine felsefe yordam\u0131yla ikincille\u015ftirilmi\u015f, \u00f6tekile\u015ftirilmi\u015f olan bedeni ve bedendeki bilgeli\u011fi savunu\u015fuyla, esas\u0131nda bir anti-felsefe \u00f6rg\u00fctl\u00fcyor. K\u00fclt\u00fcrel despotizmin insanl\u0131\u011fa dayatt\u0131\u011f\u0131 bilmek, okumak, \u00e7ok, \u00fcniversite, mutluluk, rasyonellik, ba\u015far\u0131, sosyallik, konu\u015fkanl\u0131k gibi yerle\u015fik kavray\u0131\u015flar\u0131n kritize edildi\u011fi bu par\u00e7alarda, bedenin do\u011fal i\u015flevleri ve refleksleri ile bir ya\u015fam bilgeli\u011finin imk\u00e2n\u0131 savunuluyor. Sessizli\u011fin erdemi, uyumaktaki entelekt\u00fcellik, y\u00fcr\u00fcmenin ya\u015famsall\u0131\u011f\u0131, \u0131s\u0131rmak, yalamak ve koklamadaki varl\u0131k duyu\u015fu, tutkunun apa\u00e7\u0131kl\u0131\u011f\u0131 gibi par\u00e7alarla, metin iyiden iyiye felsefeye ve felsefenin ortaya \u00e7\u0131karm\u0131\u015f oldu\u011fu t\u00fcm toplumsal kavray\u0131\u015flara kar\u015f\u0131 bir protestoya d\u00f6n\u00fc\u015f\u00fcyor. Ve nihayet bu anti-felsefi konum, \u015fu \u00f6nerme ile \u00f6zetine b\u00fcr\u00fcn\u00fcyor: \u201cBen, bir devinimdir.\u201d<\/p>\n","protected":false},"excerpt":{"rendered":"<p>\u201cBeden\u0130n\u0130zde, en der\u0130n felsefen\u0130zden daha fazla b\u0130lgel\u0130k vard\u0131r.\u201d \u2013 Friedrich Nietzsche Bir felsefe metni olarak g\u00f6r\u00fcnen bu fragmanlar b\u00fct\u00fcn\u00fc, felsefe yordam\u0131yla bin y\u0131llard\u0131r kutsanm\u0131\u015f olan akla<span class=\"excerpt-hellip\"> [\u2026]<\/span><\/p>\n","protected":false},"featured_media":0,"template":"","meta":{"_monsterinsights_skip_tracking":false,"_monsterinsights_sitenote_active":false,"_monsterinsights_sitenote_note":"","_monsterinsights_sitenote_category":0},"product_brand":[],"product_cat":[12388],"product_tag":[],"class_list":{"0":"post-757691","1":"product","2":"type-product","3":"status-publish","5":"product_cat-felsefe","6":"pa_cilt-ciltsiz","7":"pa_tur-kitap","8":"pa_yayinevi-beyaz-baykus-yayinlari","9":"pa_yazar-hamza-celaleddin","11":"first","12":"instock","13":"sale","14":"shipping-taxable","15":"purchasable","16":"product-type-simple"},"_links":{"self":[{"href":"https:\/\/roveyayinevi.com.tr\/index.php\/wp-json\/wp\/v2\/product\/757691","targetHints":{"allow":["GET"]}}],"collection":[{"href":"https:\/\/roveyayinevi.com.tr\/index.php\/wp-json\/wp\/v2\/product"}],"about":[{"href":"https:\/\/roveyayinevi.com.tr\/index.php\/wp-json\/wp\/v2\/types\/product"}],"wp:attachment":[{"href":"https:\/\/roveyayinevi.com.tr\/index.php\/wp-json\/wp\/v2\/media?parent=757691"}],"wp:term":[{"taxonomy":"product_brand","embeddable":true,"href":"https:\/\/roveyayinevi.com.tr\/index.php\/wp-json\/wp\/v2\/product_brand?post=757691"},{"taxonomy":"product_cat","embeddable":true,"href":"https:\/\/roveyayinevi.com.tr\/index.php\/wp-json\/wp\/v2\/product_cat?post=757691"},{"taxonomy":"product_tag","embeddable":true,"href":"https:\/\/roveyayinevi.com.tr\/index.php\/wp-json\/wp\/v2\/product_tag?post=757691"}],"curies":[{"name":"wp","href":"https:\/\/api.w.org\/{rel}","templated":true}]}}