{"id":757690,"date":"2025-08-28T07:43:21","date_gmt":"2025-08-28T04:43:21","guid":{"rendered":"https:\/\/roveyayinevi.com.tr\/index.php\/urun\/kac-kere-duser-insan\/"},"modified":"2026-04-11T03:19:45","modified_gmt":"2026-04-11T00:19:45","slug":"kac-kere-duser-insan","status":"publish","type":"product","link":"https:\/\/roveyayinevi.com.tr\/index.php\/urun\/kac-kere-duser-insan\/","title":{"rendered":"Ka\u00e7 Kere D\u00fc\u015fer \u0130nsan"},"content":{"rendered":"<p>Sahi, ka\u00e7 kere d\u00fc\u015fer insan?   Ya\u015fam seni defalarca test edecek, beklenmedik engellerle kar\u015f\u0131la\u015facaks\u0131n$ S\u0131navlarla y\u00fczle\u015febilir, hedeflerinden sapabilirsin, hatta en sevdiklerin bile seni hayal k\u0131r\u0131kl\u0131\u011f\u0131na u\u011fratabilir.   Ancak her durumda yeniden aya\u011fa kalk, asla umudunu yitirme. Korkular\u0131n, hatalar\u0131n ve zorluklar\u0131n, seni daha g\u00fc\u00e7l\u00fc, daha bilge ve daha kararl\u0131 yapacak.   Ya \u015fimdi kendini toparla ve t\u00fcm zorluklara ra\u011fmen hayallerini kovala ya da hayat\u0131n kar\u015f\u0131s\u0131nda pasif kalmay\u0131 se\u00e7.   Ancak unutma, senin i\u00e7indeki potansiyel, her t\u00fcrl\u00fc zorlu\u011fu a\u015fabilecek kadar b\u00fcy\u00fck.  <\/p>\n","protected":false},"excerpt":{"rendered":"<p>Sahi, ka\u00e7 kere d\u00fc\u015fer insan? Ya\u015fam seni defalarca test edecek, beklenmedik engellerle kar\u015f\u0131la\u015facaks\u0131n$ S\u0131navlarla y\u00fczle\u015febilir, hedeflerinden sapabilirsin, hatta en sevdiklerin bile seni hayal k\u0131r\u0131kl\u0131\u011f\u0131na u\u011fratabilir. Ancak<span class=\"excerpt-hellip\"> [\u2026]<\/span><\/p>\n","protected":false},"featured_media":0,"template":"","meta":{"_monsterinsights_skip_tracking":false,"_monsterinsights_sitenote_active":false,"_monsterinsights_sitenote_note":"","_monsterinsights_sitenote_category":0},"product_brand":[],"product_cat":[12364,12376],"product_tag":[],"class_list":{"0":"post-757690","1":"product","2":"type-product","3":"status-publish","5":"product_cat-genel-konular","6":"product_cat-kisisel-gelisim","7":"pa_cilt-ciltsiz","8":"pa_tur-kitap","9":"pa_yayinevi-destek-yayinlari","10":"pa_yazar-edib-capanoglu","12":"first","13":"instock","14":"sale","15":"shipping-taxable","16":"purchasable","17":"product-type-simple"},"_links":{"self":[{"href":"https:\/\/roveyayinevi.com.tr\/index.php\/wp-json\/wp\/v2\/product\/757690","targetHints":{"allow":["GET"]}}],"collection":[{"href":"https:\/\/roveyayinevi.com.tr\/index.php\/wp-json\/wp\/v2\/product"}],"about":[{"href":"https:\/\/roveyayinevi.com.tr\/index.php\/wp-json\/wp\/v2\/types\/product"}],"wp:attachment":[{"href":"https:\/\/roveyayinevi.com.tr\/index.php\/wp-json\/wp\/v2\/media?parent=757690"}],"wp:term":[{"taxonomy":"product_brand","embeddable":true,"href":"https:\/\/roveyayinevi.com.tr\/index.php\/wp-json\/wp\/v2\/product_brand?post=757690"},{"taxonomy":"product_cat","embeddable":true,"href":"https:\/\/roveyayinevi.com.tr\/index.php\/wp-json\/wp\/v2\/product_cat?post=757690"},{"taxonomy":"product_tag","embeddable":true,"href":"https:\/\/roveyayinevi.com.tr\/index.php\/wp-json\/wp\/v2\/product_tag?post=757690"}],"curies":[{"name":"wp","href":"https:\/\/api.w.org\/{rel}","templated":true}]}}