{"id":757687,"date":"2025-08-28T07:43:16","date_gmt":"2025-08-28T04:43:16","guid":{"rendered":"https:\/\/roveyayinevi.com.tr\/index.php\/urun\/turk-egitim-sistemine-elestirel-bir-bakis\/"},"modified":"2026-04-03T03:14:07","modified_gmt":"2026-04-03T00:14:07","slug":"turk-egitim-sistemine-elestirel-bir-bakis","status":"publish","type":"product","link":"https:\/\/roveyayinevi.com.tr\/index.php\/urun\/turk-egitim-sistemine-elestirel-bir-bakis\/","title":{"rendered":"T\u00fcrk E\u011fitim Sistemine Ele\u015ftirel Bir Bak\u0131\u015f"},"content":{"rendered":"<p>D\u00fcnyan\u0131n kaderini de\u011fi\u015ftiren, kendi alan\u0131nda k\u00fcltle\u015fmi\u015f isimlerin bu seviyeleregelmelerinde hayallerinin \u00f6nemi inkar edilemeyecek kadar b\u00fcy\u00fckt\u00fcr. Onlarhayallerinin pe\u015finden ko\u015fmasalard\u0131, ula\u015fabilirler miydi bunca m\u00fckemmel eserlere?Thomas Edison ampul\u00fc icat edebilir miydi? Ludwig Van Beethoven d\u00fcnyan\u0131nsonuna kadar dinlenmekten vazge\u00e7ilemeyecek Dokuzuncu Senfoni&#8217;yi yazabilirmiydi? Leonardo Da Vinci her seferinde insanlarda hayranl\u0131k uyand\u0131ran Mona Lisatablosunu \u00e7izebilir miydi? Hezarfen Ahmet \u00c7elebi u\u00e7abilir miydi? Fatih SultanMehmet o devrimsel fetihle bir \u00e7a\u011f\u0131 a\u00e7arken bir \u00e7a\u011f\u0131 kapatabilir miydi? FyodorMihaylovi\u00e7 Dostoyevski her okunu\u015fta yeni anlamlar ve yeni ke\u015fifler t\u00fcreten o sihirlic\u00fcmleleri yazabilir miydi? Albert Einstein \u0130zafiyet Teorisi&#8217;ni ileri s\u00fcrebilir miydi?Charlie Chaplin hayat\u0131nda t\u00fcrl\u00fc ac\u0131lara a\u011flam\u0131\u015fken buna inat insanlar\u0131 g\u00fcld\u00fcrebilirmiydi? Afife Jale t\u00fcm bask\u0131 ve engellere ra\u011fmen \u00e7ocukluk hayali olan oyunculuktanvazge\u00e7meyerek bu yolda m\u00fccadele edip ve bug\u00fcn ilk T\u00fcrk M\u00fcsl\u00fcman kad\u0131n oyuncu\u00fcnvan\u0131 ile an\u0131lmas\u0131n\u0131 sa\u011flayan bu kimli\u011fi kazanabilir miydi? \u0130\u015fte bu ki\u015fileriny\u0131lmadan takip ettikleri yol, hayallerine uzanan bir k\u00f6pr\u00fc olmal\u0131yd\u0131. Onlar\u0131 di\u011ferinsanlardan farkl\u0131 k\u0131lan, ula\u015f\u0131lamaz denen \u015feyleri hayal etmeleri ve bunlardan hi\u00e7birzaman vazge\u00e7meyi\u015fleri olmal\u0131yd\u0131. Kim bilir bu ve benzeri isimler gibi hayallerininpe\u015finden ko\u015fup ba\u015far\u0131 zevkini tadabilmi\u015f, bilinen veya bilinmeyen ka\u00e7 ki\u015fi vard\u0131r.<\/p>\n","protected":false},"excerpt":{"rendered":"<p>D\u00fcnyan\u0131n kaderini de\u011fi\u015ftiren, kendi alan\u0131nda k\u00fcltle\u015fmi\u015f isimlerin bu seviyeleregelmelerinde hayallerinin \u00f6nemi inkar edilemeyecek kadar b\u00fcy\u00fckt\u00fcr. Onlarhayallerinin pe\u015finden ko\u015fmasalard\u0131, ula\u015fabilirler miydi bunca m\u00fckemmel eserlere?Thomas Edison ampul\u00fc icat<span class=\"excerpt-hellip\"> [\u2026]<\/span><\/p>\n","protected":false},"featured_media":0,"template":"","meta":{"_monsterinsights_skip_tracking":false,"_monsterinsights_sitenote_active":false,"_monsterinsights_sitenote_note":"","_monsterinsights_sitenote_category":0},"product_brand":[],"product_cat":[12567,12566],"product_tag":[],"class_list":{"0":"post-757687","1":"product","2":"type-product","3":"status-publish","5":"product_cat-diger-egitim","6":"product_cat-egitim","7":"pa_cilt-ciltsiz","8":"pa_tur-kitap","9":"pa_yayinevi-ani-yayincilik","10":"pa_yazar-kolektif","12":"first","13":"instock","14":"sale","15":"shipping-taxable","16":"purchasable","17":"product-type-simple"},"_links":{"self":[{"href":"https:\/\/roveyayinevi.com.tr\/index.php\/wp-json\/wp\/v2\/product\/757687","targetHints":{"allow":["GET"]}}],"collection":[{"href":"https:\/\/roveyayinevi.com.tr\/index.php\/wp-json\/wp\/v2\/product"}],"about":[{"href":"https:\/\/roveyayinevi.com.tr\/index.php\/wp-json\/wp\/v2\/types\/product"}],"wp:attachment":[{"href":"https:\/\/roveyayinevi.com.tr\/index.php\/wp-json\/wp\/v2\/media?parent=757687"}],"wp:term":[{"taxonomy":"product_brand","embeddable":true,"href":"https:\/\/roveyayinevi.com.tr\/index.php\/wp-json\/wp\/v2\/product_brand?post=757687"},{"taxonomy":"product_cat","embeddable":true,"href":"https:\/\/roveyayinevi.com.tr\/index.php\/wp-json\/wp\/v2\/product_cat?post=757687"},{"taxonomy":"product_tag","embeddable":true,"href":"https:\/\/roveyayinevi.com.tr\/index.php\/wp-json\/wp\/v2\/product_tag?post=757687"}],"curies":[{"name":"wp","href":"https:\/\/api.w.org\/{rel}","templated":true}]}}