{"id":757685,"date":"2025-08-28T07:43:12","date_gmt":"2025-08-28T04:43:12","guid":{"rendered":"https:\/\/roveyayinevi.com.tr\/index.php\/urun\/birimiz-geri-donuyor\/"},"modified":"2026-04-16T03:10:46","modified_gmt":"2026-04-16T00:10:46","slug":"birimiz-geri-donuyor","status":"publish","type":"product","link":"https:\/\/roveyayinevi.com.tr\/index.php\/urun\/birimiz-geri-donuyor\/","title":{"rendered":"Birimiz Geri D\u00f6n\u00fcyor"},"content":{"rendered":"<p>Simon\u2019\u0131n \u00f6l\u00fcm\u00fcn\u00fcn \u00fcst\u00fcnden neredeyse iki y\u0131l ge\u00e7mi\u015fken, ya\u015fananlar\u0131 atlatmak kolay de\u011fildi: \u0130lk ba\u015fta Bayview D\u00f6rtl\u00fcs\u00fc katil olmad\u0131\u011f\u0131n\u0131 kan\u0131tlamak zorunda kalm\u0131\u015f, ard\u0131ndan intikam almaya yeminli bir taklit\u00e7i pek \u00e7ok ki\u015finin hayat\u0131n\u0131 tehlikeye atm\u0131\u015ft\u0131. \u015eimdi, Bayview Tayfas\u0131\u2019n\u0131n her bir \u00fcyesi bu tekinsiz yuvada, hayatlar\u0131na devam etmeye \u00e7al\u0131\u015f\u0131yordu.   Ancak buras\u0131 Bayview ve burada hayat asla o kadar basit de\u011fil.   Clarendon Soka\u011f\u0131\u2019n\u0131n kenar\u0131ndaki dijital reklam panosu k\u00f6t\u00fc bir \u015faka gibiydi: YEN\u0130 B\u0130R OYUN ZAMANI, BAYVIEW. Bayview Tayfas\u0131\u2019n\u0131n bir \u00fcyesi ortadan kayboluncaya kadar kimse bu \u201coyunun\u201d ne kadar ciddi oldu\u011funu anlamad\u0131: Kurallar\u0131n\u0131 \u00e7\u00f6zmeye \u00e7al\u0131\u015ft\u0131klar\u0131 bu oyunda belki de hi\u00e7bir kural yoktu.   Bronwyn, Cooper, Addy, Nate, Maeve, Pheobe, Knox, Luis, Kris: Hepsi birer hedefti. Ve \u015fimdi beklenmedik biri Bayview\u2019a d\u00f6nd\u00fc\u011f\u00fcne g\u00f6re i\u015fler \u201ceskisi gibi\u201d \u00f6l\u00fcmc\u00fcl olmaya ba\u015flayabilirdi.   Simon s\u0131rlar konusunda hakl\u0131yd\u0131; hepsi er ya da ge\u00e7 ortaya \u00e7\u0131kar. Ve Bayview\u2019\u0131n h\u00e2l\u00e2 saklad\u0131\u011f\u0131 \u00e7ok \u015fey var.   \u201cMcManus gen\u00e7 yeti\u015fkin gerilim t\u00fcr\u00fcn\u00fcn krali\u00e7esi olarak saltanat\u0131n\u0131 s\u00fcrd\u00fcr\u00fcyor.\u201d \u2014Popcrush   \u201cUstaca bir \u00fc\u00e7leme.\u201d \u2014Kirkus Reviews   \u201cKimse McManus kadar iyi gerilim yazamaz.\u201d \u2014Paste   \u201cMcManus, t\u00fcr\u00fcn\u00fcn \u00f6nde gelen yazar\u0131.\u201d \u2014Enterta\u0131nment Weekly   \u201cCapcanl\u0131, \u00e7ok e\u011flenceli.\u201d \u2014Bustle   <\/p>\n","protected":false},"excerpt":{"rendered":"<p>Simon\u2019\u0131n \u00f6l\u00fcm\u00fcn\u00fcn \u00fcst\u00fcnden neredeyse iki y\u0131l ge\u00e7mi\u015fken, ya\u015fananlar\u0131 atlatmak kolay de\u011fildi: \u0130lk ba\u015fta Bayview D\u00f6rtl\u00fcs\u00fc katil olmad\u0131\u011f\u0131n\u0131 kan\u0131tlamak zorunda kalm\u0131\u015f, ard\u0131ndan intikam almaya yeminli bir taklit\u00e7i<span class=\"excerpt-hellip\"> [\u2026]<\/span><\/p>\n","protected":false},"featured_media":0,"template":"","meta":{"_monsterinsights_skip_tracking":false,"_monsterinsights_sitenote_active":false,"_monsterinsights_sitenote_note":"","_monsterinsights_sitenote_category":0},"product_brand":[],"product_cat":[12291,15445],"product_tag":[],"class_list":{"0":"post-757685","1":"product","2":"type-product","3":"status-publish","5":"product_cat-edebiyat","6":"product_cat-polisiye","7":"pa_cilt-ciltsiz","8":"pa_tur-kitap","9":"pa_yayinevi-yabanci-yayinevi","10":"pa_yazar-karen-m-mcmanus","12":"first","13":"instock","14":"sale","15":"shipping-taxable","16":"purchasable","17":"product-type-simple"},"_links":{"self":[{"href":"https:\/\/roveyayinevi.com.tr\/index.php\/wp-json\/wp\/v2\/product\/757685","targetHints":{"allow":["GET"]}}],"collection":[{"href":"https:\/\/roveyayinevi.com.tr\/index.php\/wp-json\/wp\/v2\/product"}],"about":[{"href":"https:\/\/roveyayinevi.com.tr\/index.php\/wp-json\/wp\/v2\/types\/product"}],"wp:attachment":[{"href":"https:\/\/roveyayinevi.com.tr\/index.php\/wp-json\/wp\/v2\/media?parent=757685"}],"wp:term":[{"taxonomy":"product_brand","embeddable":true,"href":"https:\/\/roveyayinevi.com.tr\/index.php\/wp-json\/wp\/v2\/product_brand?post=757685"},{"taxonomy":"product_cat","embeddable":true,"href":"https:\/\/roveyayinevi.com.tr\/index.php\/wp-json\/wp\/v2\/product_cat?post=757685"},{"taxonomy":"product_tag","embeddable":true,"href":"https:\/\/roveyayinevi.com.tr\/index.php\/wp-json\/wp\/v2\/product_tag?post=757685"}],"curies":[{"name":"wp","href":"https:\/\/api.w.org\/{rel}","templated":true}]}}