{"id":757677,"date":"2025-08-28T07:42:57","date_gmt":"2025-08-28T04:42:57","guid":{"rendered":"https:\/\/roveyayinevi.com.tr\/index.php\/urun\/olume-yazgili-sehir\/"},"modified":"2026-04-16T03:10:45","modified_gmt":"2026-04-16T00:10:45","slug":"olume-yazgili-sehir","status":"publish","type":"product","link":"https:\/\/roveyayinevi.com.tr\/index.php\/urun\/olume-yazgili-sehir\/","title":{"rendered":"\u00d6l\u00fcme Yazg\u0131l\u0131 \u015eehir"},"content":{"rendered":"<p>\u201cArkadi ve Boris Strugatski\u2019nin en \u00fcnl\u00fc kitab\u0131 de\u011fil ama en iyi kitab\u0131.\u201d \u2013Dmitri Gluhovski   \u201cK\u0130MSEN\u0130N KADER\u0130M\u0130ZE H\u00c2K\u0130M OLMASINA \u0130Z\u0130N VERMEYECE\u011e\u0130Z! KEND\u0130 KADER\u0130M\u0130Z\u0130N H\u00c2K\u0130M\u0130 KEND\u0130M\u0130Z\u0130Z! M\u0130LLET\u0130N KADER\u0130 M\u0130LLET\u0130N ELLER\u0130NDE! \u0130NSANLARIN KADER\u0130 \u0130NSANLARIN ELLER\u0130NDE!\u201d   Arkadi ve Boris Strugatski, entelekt\u00fcel a\u00e7\u0131dan k\u0131\u015fk\u0131rt\u0131c\u0131, inan\u0131lmaz e\u011flenceli, cesur ve ele\u015ftirel kitaplar\u0131yla \u201cSovyetler d\u00f6neminin en b\u00fcy\u00fck bilimkurgu yazarlar\u0131\u201d s\u0131fat\u0131n\u0131 hak eden yeg\u00e2ne ikili. 1972\u2019de tamamlanan ama \u201ctehlikeli fikirlerle\u201d dolu oldu\u011fu i\u00e7in ancak 80\u2019lerin sonunda yay\u0131mlanabilen \u00d6l\u00fcme Yazg\u0131l\u0131 \u015eehir ise bir\u00e7oklar\u0131 taraf\u0131ndan yazarlar\u0131n magnum opusu kabul ediliyor.   Sabahlar\u0131 g\u00fcne\u015fin bir tu\u015fa bas\u0131larak a\u00e7\u0131ld\u0131\u011f\u0131 ve geceleri kapand\u0131\u011f\u0131, bir taraf\u0131 u\u00e7urum, di\u011fer taraf\u0131 ise inan\u0131lmaz y\u00fckseklikte bir duvarla \u00e7evrili gizemli bir \u015fehir&#8230; Deney ad\u0131ndaki bu \u015fehrin sakinleri farkl\u0131 tarihlerden ve farkl\u0131 mek\u00e2nlar\u0131ndan kopar\u0131lm\u0131\u015f, Deney\u2019de kendi kendilerini y\u00f6netmeye b\u0131rak\u0131lm\u0131\u015f insanlard\u0131r ve ama\u00e7lar\u0131 \u015f\u00fcpheli g\u00f6r\u00fcnen Mentorlar taraf\u0131ndan y\u00f6nlendirilmektedirler.   1950&#8217;lerin Leningrad&#8217;\u0131ndan getirilen gen\u00e7 bir astronom, Andrey Voronin, \u015fehirdeki ilk i\u015fi \u00e7\u00f6p toplay\u0131c\u0131l\u0131\u011f\u0131 olmas\u0131na ra\u011fmen Deney&#8217;e y\u00fcrekten inanmaktad\u0131r. Andrey en yak\u0131n arkada\u015f\u0131n\u0131n intihar\u0131ndan sonra sars\u0131lacak, uzayl\u0131 olduklar\u0131n\u0131 d\u00fc\u015f\u00fcnd\u00fc\u011f\u00fc Mentorlar\u0131n k\u00f6kenini ve ama\u00e7lar\u0131n\u0131 \u00f6\u011frenmek i\u00e7in tehlikeli bir yolculu\u011fa \u00e7\u0131kacakt\u0131r.   Y\u00f6netici s\u0131n\u0131f\u0131n olmad\u0131\u011f\u0131 bir medeniyet m\u00fcmk\u00fcn m\u00fc? \u0130nsanlar kendileriyle ba\u015f ba\u015fa kalabilir mi ger\u00e7ekten? <\/p>\n","protected":false},"excerpt":{"rendered":"<p>\u201cArkadi ve Boris Strugatski\u2019nin en \u00fcnl\u00fc kitab\u0131 de\u011fil ama en iyi kitab\u0131.\u201d \u2013Dmitri Gluhovski \u201cK\u0130MSEN\u0130N KADER\u0130M\u0130ZE H\u00c2K\u0130M OLMASINA \u0130Z\u0130N VERMEYECE\u011e\u0130Z! KEND\u0130 KADER\u0130M\u0130Z\u0130N H\u00c2K\u0130M\u0130 KEND\u0130M\u0130Z\u0130Z! M\u0130LLET\u0130N KADER\u0130<span class=\"excerpt-hellip\"> [\u2026]<\/span><\/p>\n","protected":false},"featured_media":0,"template":"","meta":{"_monsterinsights_skip_tracking":false,"_monsterinsights_sitenote_active":false,"_monsterinsights_sitenote_note":"","_monsterinsights_sitenote_category":0},"product_brand":[],"product_cat":[12540,12291],"product_tag":[],"class_list":{"0":"post-757677","1":"product","2":"type-product","3":"status-publish","5":"product_cat-bilim-kurgu","6":"product_cat-edebiyat","7":"pa_cilt-ciltsiz","8":"pa_tur-kitap","9":"pa_yayinevi-ithaki-yayinlari","10":"pa_yazar-arkadi-ve-boris-strugatski","12":"first","13":"instock","14":"sale","15":"shipping-taxable","16":"purchasable","17":"product-type-simple"},"_links":{"self":[{"href":"https:\/\/roveyayinevi.com.tr\/index.php\/wp-json\/wp\/v2\/product\/757677","targetHints":{"allow":["GET"]}}],"collection":[{"href":"https:\/\/roveyayinevi.com.tr\/index.php\/wp-json\/wp\/v2\/product"}],"about":[{"href":"https:\/\/roveyayinevi.com.tr\/index.php\/wp-json\/wp\/v2\/types\/product"}],"wp:attachment":[{"href":"https:\/\/roveyayinevi.com.tr\/index.php\/wp-json\/wp\/v2\/media?parent=757677"}],"wp:term":[{"taxonomy":"product_brand","embeddable":true,"href":"https:\/\/roveyayinevi.com.tr\/index.php\/wp-json\/wp\/v2\/product_brand?post=757677"},{"taxonomy":"product_cat","embeddable":true,"href":"https:\/\/roveyayinevi.com.tr\/index.php\/wp-json\/wp\/v2\/product_cat?post=757677"},{"taxonomy":"product_tag","embeddable":true,"href":"https:\/\/roveyayinevi.com.tr\/index.php\/wp-json\/wp\/v2\/product_tag?post=757677"}],"curies":[{"name":"wp","href":"https:\/\/api.w.org\/{rel}","templated":true}]}}