{"id":757675,"date":"2025-08-28T07:42:53","date_gmt":"2025-08-28T04:42:53","guid":{"rendered":"https:\/\/roveyayinevi.com.tr\/index.php\/urun\/insanligimi-yitirirken-3\/"},"modified":"2026-04-16T03:10:45","modified_gmt":"2026-04-16T00:10:45","slug":"insanligimi-yitirirken-3","status":"publish","type":"product","link":"https:\/\/roveyayinevi.com.tr\/index.php\/urun\/insanligimi-yitirirken-3\/","title":{"rendered":"\u0130nsanl\u0131\u011f\u0131m\u0131 Yitirirken"},"content":{"rendered":"<p>Osamu Dazai&#8217;nin ba\u015fyap\u0131t\u0131 \u0130nsanl\u0131\u011f\u0131m\u0131 Yitirirken, Japonya&#8217;da 20. y\u00fczy\u0131l\u0131n ortalar\u0131nda ge\u00e7en \u00e7arp\u0131c\u0131 bir \u00f6yk\u00fcd\u00fcr. Ressam Yozo\u2019nun i\u00e7sel \u00e7at\u0131\u015fmalar ve toplumun beklentileriyle m\u00fccadelesi, okuyucuyu derin bir d\u00fc\u015f\u00fcnsel yolculu\u011fa davet eder. Yozo\u2019nun ya\u015fam\u0131; d\u0131\u015f d\u00fcnyayla ba\u011flant\u0131s\u0131zl\u0131\u011f\u0131, toplumsal normlara uymakta zorlan\u0131\u015f\u0131 ve kendi kimli\u011fini bulma \u00e7abas\u0131 etraf\u0131nda \u015fekillenir.   Dazai&#8217;nin etkileyici \u00fcslubu ve derinlemesine karakter analizi, Yozo\u2019nun karma\u015f\u0131k d\u00fcnyas\u0131na dokunakl\u0131 bir pencere a\u00e7ar. \u0130nsanl\u0131\u011f\u0131m\u0131 Yitirirken, varolu\u015fsal bir aray\u0131\u015f\u0131n yan\u0131 s\u0131ra, insan\u0131n kendi kusurlar\u0131yla y\u00fczle\u015fmesinin trajik bir portresini \u00e7izer. Yazar\u0131n kendi deneyimlerinden esinlenen yar\u0131 otobiyografik bu eser, insan\u0131n i\u00e7sel \u00e7at\u0131\u015fmalar\u0131n\u0131 anlamaya \u00e7al\u0131\u015fan her okuru etkileyici bir \u015fekilde sarsacak, d\u00fc\u015f\u00fcnd\u00fcrecek ve kal\u0131c\u0131 izler b\u0131rakacakt\u0131r.<\/p>\n","protected":false},"excerpt":{"rendered":"<p>Osamu Dazai&#8217;nin ba\u015fyap\u0131t\u0131 \u0130nsanl\u0131\u011f\u0131m\u0131 Yitirirken, Japonya&#8217;da 20. y\u00fczy\u0131l\u0131n ortalar\u0131nda ge\u00e7en \u00e7arp\u0131c\u0131 bir \u00f6yk\u00fcd\u00fcr. Ressam Yozo\u2019nun i\u00e7sel \u00e7at\u0131\u015fmalar ve toplumun beklentileriyle m\u00fccadelesi, okuyucuyu derin bir d\u00fc\u015f\u00fcnsel yolculu\u011fa<span class=\"excerpt-hellip\"> [\u2026]<\/span><\/p>\n","protected":false},"featured_media":0,"template":"","meta":{"_monsterinsights_skip_tracking":false,"_monsterinsights_sitenote_active":false,"_monsterinsights_sitenote_note":"","_monsterinsights_sitenote_category":0},"product_brand":[],"product_cat":[13661,12291],"product_tag":[],"class_list":{"0":"post-757675","1":"product","2":"type-product","3":"status-publish","5":"product_cat-diger-ulke-edebiyatlari","6":"product_cat-edebiyat","7":"pa_cilt-ciltsiz","8":"pa_tur-kitap","9":"pa_yayinevi-peta-kitap","10":"pa_yazar-osamu-dazai","12":"first","13":"instock","14":"sale","15":"shipping-taxable","16":"purchasable","17":"product-type-simple"},"_links":{"self":[{"href":"https:\/\/roveyayinevi.com.tr\/index.php\/wp-json\/wp\/v2\/product\/757675","targetHints":{"allow":["GET"]}}],"collection":[{"href":"https:\/\/roveyayinevi.com.tr\/index.php\/wp-json\/wp\/v2\/product"}],"about":[{"href":"https:\/\/roveyayinevi.com.tr\/index.php\/wp-json\/wp\/v2\/types\/product"}],"wp:attachment":[{"href":"https:\/\/roveyayinevi.com.tr\/index.php\/wp-json\/wp\/v2\/media?parent=757675"}],"wp:term":[{"taxonomy":"product_brand","embeddable":true,"href":"https:\/\/roveyayinevi.com.tr\/index.php\/wp-json\/wp\/v2\/product_brand?post=757675"},{"taxonomy":"product_cat","embeddable":true,"href":"https:\/\/roveyayinevi.com.tr\/index.php\/wp-json\/wp\/v2\/product_cat?post=757675"},{"taxonomy":"product_tag","embeddable":true,"href":"https:\/\/roveyayinevi.com.tr\/index.php\/wp-json\/wp\/v2\/product_tag?post=757675"}],"curies":[{"name":"wp","href":"https:\/\/api.w.org\/{rel}","templated":true}]}}