{"id":757667,"date":"2025-08-28T07:42:41","date_gmt":"2025-08-28T04:42:41","guid":{"rendered":"https:\/\/roveyayinevi.com.tr\/index.php\/urun\/alice-in-wonderland-alice-harikalar-diyarinda\/"},"modified":"2026-04-16T03:10:45","modified_gmt":"2026-04-16T00:10:45","slug":"alice-in-wonderland-alice-harikalar-diyarinda","status":"publish","type":"product","link":"https:\/\/roveyayinevi.com.tr\/index.php\/urun\/alice-in-wonderland-alice-harikalar-diyarinda\/","title":{"rendered":"Alice \u0130n Wonderland \/ Alice Harikalar Diyar\u0131nda"},"content":{"rendered":"<p>\u00c7ocu\u011funuz \u0130ngilizceyi kolayca \u00f6\u011frensin. \u0130ki Dilli Klasikler Serisi ile \u00e7ocuklara \u0130ngilizce metinleri anlama prati\u011fi kazand\u0131rmak amac\u0131yla haz\u0131rlanm\u0131\u015ft\u0131r. Reng\u00e2renk ve ilgi \u00e7ekici \u00e7izimlerle \u0130ngilizce ve T\u00fcrk\u00e7e anlat\u0131lan m\u00fckemmel \u00f6yk\u00fclerle yeni bir dil \u00f6\u011frenirken \u00f6nemli bir a\u015famaya ad\u0131m atacaklar. \u00d6\u011frenme Rehberi \u2022 Dil geli\u015fimine yard\u0131mc\u0131 olur ve \u0130ngilizce pratik yapma imk\u00e2n\u0131 sunar. \u2022 Kelime da\u011farc\u0131\u011f\u0131n\u0131 zenginle\u015ftirir, konu bilgisini geli\u015ftirir. \u2022 \u00c7ocu\u011fun edebiyat d\u00fcnyas\u0131na e\u011flenceli bir giri\u015f yapmas\u0131n\u0131 sa\u011flar.<\/p>\n","protected":false},"excerpt":{"rendered":"<p>\u00c7ocu\u011funuz \u0130ngilizceyi kolayca \u00f6\u011frensin. \u0130ki Dilli Klasikler Serisi ile \u00e7ocuklara \u0130ngilizce metinleri anlama prati\u011fi kazand\u0131rmak amac\u0131yla haz\u0131rlanm\u0131\u015ft\u0131r. Reng\u00e2renk ve ilgi \u00e7ekici \u00e7izimlerle \u0130ngilizce ve T\u00fcrk\u00e7e anlat\u0131lan<span class=\"excerpt-hellip\"> [\u2026]<\/span><\/p>\n","protected":false},"featured_media":0,"template":"","meta":{"_monsterinsights_skip_tracking":false,"_monsterinsights_sitenote_active":false,"_monsterinsights_sitenote_note":"","_monsterinsights_sitenote_category":0},"product_brand":[],"product_cat":[12274,15842],"product_tag":[],"class_list":{"0":"post-757667","1":"product","2":"type-product","3":"status-publish","5":"product_cat-cocuk-ve-genclik-kitaplari","6":"product_cat-egitici-kitaplar","7":"pa_cilt-ciltsiz","8":"pa_tur-kitap","9":"pa_yayinevi-koc-universitesi-yayinlari","10":"pa_yazar-lewis-carroll","12":"first","13":"instock","14":"sale","15":"shipping-taxable","16":"purchasable","17":"product-type-simple"},"_links":{"self":[{"href":"https:\/\/roveyayinevi.com.tr\/index.php\/wp-json\/wp\/v2\/product\/757667","targetHints":{"allow":["GET"]}}],"collection":[{"href":"https:\/\/roveyayinevi.com.tr\/index.php\/wp-json\/wp\/v2\/product"}],"about":[{"href":"https:\/\/roveyayinevi.com.tr\/index.php\/wp-json\/wp\/v2\/types\/product"}],"wp:attachment":[{"href":"https:\/\/roveyayinevi.com.tr\/index.php\/wp-json\/wp\/v2\/media?parent=757667"}],"wp:term":[{"taxonomy":"product_brand","embeddable":true,"href":"https:\/\/roveyayinevi.com.tr\/index.php\/wp-json\/wp\/v2\/product_brand?post=757667"},{"taxonomy":"product_cat","embeddable":true,"href":"https:\/\/roveyayinevi.com.tr\/index.php\/wp-json\/wp\/v2\/product_cat?post=757667"},{"taxonomy":"product_tag","embeddable":true,"href":"https:\/\/roveyayinevi.com.tr\/index.php\/wp-json\/wp\/v2\/product_tag?post=757667"}],"curies":[{"name":"wp","href":"https:\/\/api.w.org\/{rel}","templated":true}]}}