{"id":757665,"date":"2025-08-28T07:42:38","date_gmt":"2025-08-28T04:42:38","guid":{"rendered":"https:\/\/roveyayinevi.com.tr\/index.php\/urun\/ingilizce-ilk-100-kelimem-yiyecekler\/"},"modified":"2026-04-16T03:10:45","modified_gmt":"2026-04-16T00:10:45","slug":"ingilizce-ilk-100-kelimem-yiyecekler","status":"publish","type":"product","link":"https:\/\/roveyayinevi.com.tr\/index.php\/urun\/ingilizce-ilk-100-kelimem-yiyecekler\/","title":{"rendered":"\u0130ngilizce \u0130lk 100 Kelimem- Yiyecekler"},"content":{"rendered":"<p>\u00c7ocu\u011funuz ilk \u0130ngilizce kelimelerini kolayca \u00f6\u011frensin. Bu seri, \u00e7ocuklar\u0131n \u0130ngilizceyi g\u00fcnl\u00fck ya\u015fam\u0131n bir par\u00e7as\u0131 haline getirerek \u00f6\u011frenmesi i\u00e7in haz\u0131rlanm\u0131\u015ft\u0131r. Reng\u00e2renk ve ilgi \u00e7ekici \u00e7izimlerle haz\u0131rlanm\u0131\u015f bu kitaplarla gen\u00e7 okurlar yeni bir dil \u00f6\u011frenmeye kolay bir ba\u015flang\u0131\u00e7 yapacaklar. \u00d6\u011frenme Rehberi\u2022 Dil geli\u015fimine yard\u0131mc\u0131 olur ve \u0130ngilizceye giri\u015f sa\u011flar \u2022 Kelime da\u011farc\u0131\u011f\u0131n\u0131 zenginle\u015ftirir, konu bilgisini geli\u015ftirir. \u2022 \u00c7ocuk ile ebeveyn aras\u0131nda daha fazla etkile\u015fim imk\u00e2n\u0131 sunar.<\/p>\n","protected":false},"excerpt":{"rendered":"<p>\u00c7ocu\u011funuz ilk \u0130ngilizce kelimelerini kolayca \u00f6\u011frensin. Bu seri, \u00e7ocuklar\u0131n \u0130ngilizceyi g\u00fcnl\u00fck ya\u015fam\u0131n bir par\u00e7as\u0131 haline getirerek \u00f6\u011frenmesi i\u00e7in haz\u0131rlanm\u0131\u015ft\u0131r. Reng\u00e2renk ve ilgi \u00e7ekici \u00e7izimlerle haz\u0131rlanm\u0131\u015f bu<span class=\"excerpt-hellip\"> [\u2026]<\/span><\/p>\n","protected":false},"featured_media":0,"template":"","meta":{"_monsterinsights_skip_tracking":false,"_monsterinsights_sitenote_active":false,"_monsterinsights_sitenote_note":"","_monsterinsights_sitenote_category":0},"product_brand":[],"product_cat":[12274,15842],"product_tag":[],"class_list":{"0":"post-757665","1":"product","2":"type-product","3":"status-publish","5":"product_cat-cocuk-ve-genclik-kitaplari","6":"product_cat-egitici-kitaplar","7":"pa_cilt-ciltsiz","8":"pa_tur-kitap","9":"pa_yayinevi-koc-universitesi-yayinlari","10":"pa_yazar-becky-miles","12":"first","13":"instock","14":"sale","15":"shipping-taxable","16":"purchasable","17":"product-type-simple"},"_links":{"self":[{"href":"https:\/\/roveyayinevi.com.tr\/index.php\/wp-json\/wp\/v2\/product\/757665","targetHints":{"allow":["GET"]}}],"collection":[{"href":"https:\/\/roveyayinevi.com.tr\/index.php\/wp-json\/wp\/v2\/product"}],"about":[{"href":"https:\/\/roveyayinevi.com.tr\/index.php\/wp-json\/wp\/v2\/types\/product"}],"wp:attachment":[{"href":"https:\/\/roveyayinevi.com.tr\/index.php\/wp-json\/wp\/v2\/media?parent=757665"}],"wp:term":[{"taxonomy":"product_brand","embeddable":true,"href":"https:\/\/roveyayinevi.com.tr\/index.php\/wp-json\/wp\/v2\/product_brand?post=757665"},{"taxonomy":"product_cat","embeddable":true,"href":"https:\/\/roveyayinevi.com.tr\/index.php\/wp-json\/wp\/v2\/product_cat?post=757665"},{"taxonomy":"product_tag","embeddable":true,"href":"https:\/\/roveyayinevi.com.tr\/index.php\/wp-json\/wp\/v2\/product_tag?post=757665"}],"curies":[{"name":"wp","href":"https:\/\/api.w.org\/{rel}","templated":true}]}}