{"id":757663,"date":"2025-08-28T07:42:35","date_gmt":"2025-08-28T04:42:35","guid":{"rendered":"https:\/\/roveyayinevi.com.tr\/index.php\/urun\/aci-yoruldu\/"},"modified":"2026-03-28T03:14:33","modified_gmt":"2026-03-28T00:14:33","slug":"aci-yoruldu","status":"publish","type":"product","link":"https:\/\/roveyayinevi.com.tr\/index.php\/urun\/aci-yoruldu\/","title":{"rendered":"Ac\u0131 Yoruldu"},"content":{"rendered":"<p>\u201cAc\u0131lar birbiriyle yar\u0131\u015ft\u0131r\u0131lamaz, fakat bu \u00fclke 6 \u015eubat 2023\u2019te b\u00fct\u00fcn tarihinin en b\u00fcy\u00fck ac\u0131lar\u0131ndan birini, belki en b\u00fcy\u00fc\u011f\u00fcn\u00fc ya\u015fad\u0131. Serhan Asker bu ac\u0131lara tan\u0131k oldu. Dahas\u0131, onlar\u0131 teninde ya\u015fad\u0131. Elinizdeki kitap ac\u0131ya tan\u0131kl\u0131\u011f\u0131n, onu teninde ya\u015faman\u0131n benzersiz \u00fcr\u00fcn\u00fcd\u00fcr. T\u0131pk\u0131 bir sava\u015f g\u00fcncesi gibi. Do\u011fan\u0131n ac\u0131mas\u0131zl\u0131\u011f\u0131na kar\u015f\u0131 insanca duru\u015fun, direni\u015fin g\u00fcncesi.\u201d \u2013Ataol Behramo\u011flu   &#8220;Ac\u0131lar\u0131n de\u011fil bir y\u00fczle\u015fmenin kitab\u0131 bu. Korkun\u00e7 y\u0131k\u0131mlarla, travmalarla, kay\u0131plarla kar\u015f\u0131 kar\u015f\u0131ya gelen insanlar\u0131n \u00e7aresizli\u011finin, direncinin, ya\u015fam\u0131 yeniden \u00f6\u011frenmeye \u00e7al\u0131\u015fman\u0131n kitab\u0131. Ge\u00e7ip giden bir afeti de\u011fil, her an, her dakika yeniden kap\u0131m\u0131z\u0131 \u00e7alabilecek bir tehdidi anlatm\u0131\u015f Serhan Asker. Hem de felaketin tam kalbinden, hem de \u00fcz\u00fcnt\u00fcy\u00fc iliklerinde hissederek, hem de o derin yas\u0131 depremzedelerle birlikte ya\u015fayarak. O nedenle hep akl\u0131m\u0131zda tutmam\u0131z, hep haz\u0131rl\u0131kl\u0131 olmam\u0131z gerekti\u011fini anlatan bir kitap bu. Yani tam da ihtiyac\u0131m\u0131z olan bir kitap&#8230;&#8221; \u2013Ahmet \u00dcmit   \u201cAc\u0131 yoruldu diyor Serhan Asker; ac\u0131n\u0131n s\u00fcr\u00fcp gitti\u011finin bir ifadesidir bu. 6 \u015eubat depremiyle i\u00e7imizde kopan \u00e7\u0131\u011fl\u0131\u011f\u0131n, haf\u0131zam\u0131z\u0131n duvarlar\u0131ndaki yank\u0131s\u0131 diye de okunabilir. B\u00fcy\u00fck felaketler kar\u015f\u0131s\u0131nda dil kekemele\u015fse yahut ac\u0131 bir \u00e7\u0131\u011fl\u0131\u011fa d\u00f6nse de yaz\u0131 zaman i\u00e7inde bir y\u00fczle\u015fme olana\u011f\u0131 sa\u011fl\u0131yor. \u201c \u2013Ahmet Telli<\/p>\n","protected":false},"excerpt":{"rendered":"<p>\u201cAc\u0131lar birbiriyle yar\u0131\u015ft\u0131r\u0131lamaz, fakat bu \u00fclke 6 \u015eubat 2023\u2019te b\u00fct\u00fcn tarihinin en b\u00fcy\u00fck ac\u0131lar\u0131ndan birini, belki en b\u00fcy\u00fc\u011f\u00fcn\u00fc ya\u015fad\u0131. Serhan Asker bu ac\u0131lara tan\u0131k oldu. Dahas\u0131,<span class=\"excerpt-hellip\"> [\u2026]<\/span><\/p>\n","protected":false},"featured_media":0,"template":"","meta":{"_monsterinsights_skip_tracking":false,"_monsterinsights_sitenote_active":false,"_monsterinsights_sitenote_note":"","_monsterinsights_sitenote_category":0},"product_brand":[],"product_cat":[13701,12291],"product_tag":[],"class_list":{"0":"post-757663","1":"product","2":"type-product","3":"status-publish","5":"product_cat-ani-mektup-gunluk","6":"product_cat-edebiyat","7":"pa_cilt-ciltsiz","8":"pa_tur-kitap","9":"pa_yayinevi-alfa-yayinlari","10":"pa_yazar-serhan-asker","12":"first","13":"instock","14":"sale","15":"shipping-taxable","16":"purchasable","17":"product-type-simple"},"_links":{"self":[{"href":"https:\/\/roveyayinevi.com.tr\/index.php\/wp-json\/wp\/v2\/product\/757663","targetHints":{"allow":["GET"]}}],"collection":[{"href":"https:\/\/roveyayinevi.com.tr\/index.php\/wp-json\/wp\/v2\/product"}],"about":[{"href":"https:\/\/roveyayinevi.com.tr\/index.php\/wp-json\/wp\/v2\/types\/product"}],"wp:attachment":[{"href":"https:\/\/roveyayinevi.com.tr\/index.php\/wp-json\/wp\/v2\/media?parent=757663"}],"wp:term":[{"taxonomy":"product_brand","embeddable":true,"href":"https:\/\/roveyayinevi.com.tr\/index.php\/wp-json\/wp\/v2\/product_brand?post=757663"},{"taxonomy":"product_cat","embeddable":true,"href":"https:\/\/roveyayinevi.com.tr\/index.php\/wp-json\/wp\/v2\/product_cat?post=757663"},{"taxonomy":"product_tag","embeddable":true,"href":"https:\/\/roveyayinevi.com.tr\/index.php\/wp-json\/wp\/v2\/product_tag?post=757663"}],"curies":[{"name":"wp","href":"https:\/\/api.w.org\/{rel}","templated":true}]}}