{"id":757659,"date":"2025-08-28T07:42:27","date_gmt":"2025-08-28T04:42:27","guid":{"rendered":"https:\/\/roveyayinevi.com.tr\/index.php\/urun\/bir-misket-limon-bir-de-kamile\/"},"modified":"2026-04-16T03:10:45","modified_gmt":"2026-04-16T00:10:45","slug":"bir-misket-limon-bir-de-kamile","status":"publish","type":"product","link":"https:\/\/roveyayinevi.com.tr\/index.php\/urun\/bir-misket-limon-bir-de-kamile\/","title":{"rendered":"Bir Misket Limon Bir De Kamile"},"content":{"rendered":"<p>Mark Twain, \u201cNe\u015fe insanl\u0131\u011fa verilmi\u015f en b\u00fcy\u00fck arma\u011fand\u0131r.\u201d der. Nihan \u00d6zebeo\u011flu\u2019nun kalemi, kendisine bah\u015fedilen bu arma\u011fan\u0131 c\u00f6mert\u00e7e okura da\u011f\u0131t\u0131yor.Yaz\u0131yla hayat aras\u0131ndaki dengeyi ustal\u0131kla kuran \u00d6zebeo\u011flu, yak\u0131n tarihe ait e\u011flenceli, mizahi \u00f6yk\u00fcler yaz\u0131yor. Asl\u0131nda anlatt\u0131klar\u0131 bizim o b\u00fcy\u00fck hik\u00e2yemizi tamaml\u0131yor. Haf\u0131zalar\u0131m\u0131zda hayal meyal kendine yer bulan k\u00fc\u00e7\u00fck insan hik\u00e2yelerini \u00e7arp\u0131c\u0131, mizah dolu ayr\u0131nt\u0131larla netle\u015ftiriyor. Doksanlara ait g\u00fcndelik hayat\u0131n kay\u0131t d\u0131\u015f\u0131 tarihini yazan \u00d6zebeo\u011flu, bir mizah yazar\u0131n\u0131n her \u015feyden \u00f6nce \u00fcstesinden gelmek zorunda oldu\u011fu meseleyi de i\u00e7tenli\u011fi sayesinde a\u015f\u0131yor. Hafife almadan, istihzaya kap\u0131 aralamadan, insan\u0131 olanca safl\u0131\u011f\u0131yla anlatman\u0131n; bunu yaparken muzip, sayg\u0131l\u0131, dobra, ne\u015feli bir dil kullanman\u0131n m\u00fc\u015fterek yolunu bulmu\u015f Nihan \u00d6zebeo\u011flu.Bu kitap yazara dair sadece u\u00e7ar\u0131 bir dikkatten de\u011fil, ayn\u0131 zamanda nahif bir i\u00e7g\u00f6r\u00fcden de haber veriyor bize.Emin G\u00fcrdamur<\/p>\n","protected":false},"excerpt":{"rendered":"<p>Mark Twain, \u201cNe\u015fe insanl\u0131\u011fa verilmi\u015f en b\u00fcy\u00fck arma\u011fand\u0131r.\u201d der. Nihan \u00d6zebeo\u011flu\u2019nun kalemi, kendisine bah\u015fedilen bu arma\u011fan\u0131 c\u00f6mert\u00e7e okura da\u011f\u0131t\u0131yor.Yaz\u0131yla hayat aras\u0131ndaki dengeyi ustal\u0131kla kuran \u00d6zebeo\u011flu, yak\u0131n<span class=\"excerpt-hellip\"> [\u2026]<\/span><\/p>\n","protected":false},"featured_media":0,"template":"","meta":{"_monsterinsights_skip_tracking":false,"_monsterinsights_sitenote_active":false,"_monsterinsights_sitenote_note":"","_monsterinsights_sitenote_category":0},"product_brand":[],"product_cat":[12291,18202],"product_tag":[],"class_list":{"0":"post-757659","1":"product","2":"type-product","3":"status-publish","5":"product_cat-edebiyat","6":"product_cat-hikaye","7":"pa_cilt-ciltsiz","8":"pa_tur-kitap","9":"pa_yayinevi-otuken-nesriyat","10":"pa_yazar-nihan-ozebeoglu","12":"first","13":"instock","14":"sale","15":"shipping-taxable","16":"purchasable","17":"product-type-simple"},"_links":{"self":[{"href":"https:\/\/roveyayinevi.com.tr\/index.php\/wp-json\/wp\/v2\/product\/757659","targetHints":{"allow":["GET"]}}],"collection":[{"href":"https:\/\/roveyayinevi.com.tr\/index.php\/wp-json\/wp\/v2\/product"}],"about":[{"href":"https:\/\/roveyayinevi.com.tr\/index.php\/wp-json\/wp\/v2\/types\/product"}],"wp:attachment":[{"href":"https:\/\/roveyayinevi.com.tr\/index.php\/wp-json\/wp\/v2\/media?parent=757659"}],"wp:term":[{"taxonomy":"product_brand","embeddable":true,"href":"https:\/\/roveyayinevi.com.tr\/index.php\/wp-json\/wp\/v2\/product_brand?post=757659"},{"taxonomy":"product_cat","embeddable":true,"href":"https:\/\/roveyayinevi.com.tr\/index.php\/wp-json\/wp\/v2\/product_cat?post=757659"},{"taxonomy":"product_tag","embeddable":true,"href":"https:\/\/roveyayinevi.com.tr\/index.php\/wp-json\/wp\/v2\/product_tag?post=757659"}],"curies":[{"name":"wp","href":"https:\/\/api.w.org\/{rel}","templated":true}]}}