{"id":757656,"date":"2025-08-28T07:42:22","date_gmt":"2025-08-28T04:42:22","guid":{"rendered":"https:\/\/roveyayinevi.com.tr\/index.php\/urun\/gizemli-buzullar-kitasi-antarktika-ve-patagonyaya-yolculuk-2\/"},"modified":"2026-04-16T03:10:45","modified_gmt":"2026-04-16T00:10:45","slug":"gizemli-buzullar-kitasi-antarktika-ve-patagonyaya-yolculuk-2","status":"publish","type":"product","link":"https:\/\/roveyayinevi.com.tr\/index.php\/urun\/gizemli-buzullar-kitasi-antarktika-ve-patagonyaya-yolculuk-2\/","title":{"rendered":"Gizemli Buzullar K\u0131tas\u0131 Antarktika ve Patagonya\u2019ya Yolculuk"},"content":{"rendered":"<p>Antarktika gezisi benim i\u00e7in k\u0131sa s\u00fcreli de olsa, bamba\u015fka bir boyuta gidip gelmek gibiydi.   G\u00fclten Day\u0131o\u011flu g\u00f6z kama\u015ft\u0131r\u0131c\u0131 bir gemi yolculu\u011fuyla gizemli buzullar k\u0131tas\u0131 Antarktika ve ate\u015f topraklar\u0131 Patagonya\u2019ya gidiyor. Tepede u\u00e7u\u015fan albatros ku\u015flar\u0131, dev buzda\u011flar\u0131, Macellan penguenleri\u2026 Kaynar suyun bile yere d\u00fc\u015fmeden dondu\u011fu bu so\u011fuk ama b\u00fcy\u00fcl\u00fc co\u011frafyada yine \u00e7ok \u015fa\u015f\u0131rt\u0131c\u0131, az \u00fcrk\u00fct\u00fcc\u00fc ve ger\u00e7ekten gizemli bir yolculuk bizleri bekliyor. <\/p>\n","protected":false},"excerpt":{"rendered":"<p>Antarktika gezisi benim i\u00e7in k\u0131sa s\u00fcreli de olsa, bamba\u015fka bir boyuta gidip gelmek gibiydi. G\u00fclten Day\u0131o\u011flu g\u00f6z kama\u015ft\u0131r\u0131c\u0131 bir gemi yolculu\u011fuyla gizemli buzullar k\u0131tas\u0131 Antarktika ve<span class=\"excerpt-hellip\"> [\u2026]<\/span><\/p>\n","protected":false},"featured_media":0,"template":"","meta":{"_monsterinsights_skip_tracking":false,"_monsterinsights_sitenote_active":false,"_monsterinsights_sitenote_note":"","_monsterinsights_sitenote_category":0},"product_brand":[],"product_cat":[12274,12284],"product_tag":[],"class_list":{"0":"post-757656","1":"product","2":"type-product","3":"status-publish","5":"product_cat-cocuk-ve-genclik-kitaplari","6":"product_cat-hikayeler","7":"pa_cilt-ciltsiz","8":"pa_tur-kitap","9":"pa_yayinevi-yapi-kredi-yayinlari","10":"pa_yazar-gulten-dayioglu","12":"first","13":"instock","14":"sale","15":"shipping-taxable","16":"purchasable","17":"product-type-simple"},"_links":{"self":[{"href":"https:\/\/roveyayinevi.com.tr\/index.php\/wp-json\/wp\/v2\/product\/757656","targetHints":{"allow":["GET"]}}],"collection":[{"href":"https:\/\/roveyayinevi.com.tr\/index.php\/wp-json\/wp\/v2\/product"}],"about":[{"href":"https:\/\/roveyayinevi.com.tr\/index.php\/wp-json\/wp\/v2\/types\/product"}],"wp:attachment":[{"href":"https:\/\/roveyayinevi.com.tr\/index.php\/wp-json\/wp\/v2\/media?parent=757656"}],"wp:term":[{"taxonomy":"product_brand","embeddable":true,"href":"https:\/\/roveyayinevi.com.tr\/index.php\/wp-json\/wp\/v2\/product_brand?post=757656"},{"taxonomy":"product_cat","embeddable":true,"href":"https:\/\/roveyayinevi.com.tr\/index.php\/wp-json\/wp\/v2\/product_cat?post=757656"},{"taxonomy":"product_tag","embeddable":true,"href":"https:\/\/roveyayinevi.com.tr\/index.php\/wp-json\/wp\/v2\/product_tag?post=757656"}],"curies":[{"name":"wp","href":"https:\/\/api.w.org\/{rel}","templated":true}]}}