{"id":757653,"date":"2025-08-28T07:42:17","date_gmt":"2025-08-28T04:42:17","guid":{"rendered":"https:\/\/roveyayinevi.com.tr\/index.php\/urun\/kalp-bir-tarihce\/"},"modified":"2026-04-16T03:10:45","modified_gmt":"2026-04-16T00:10:45","slug":"kalp-bir-tarihce","status":"publish","type":"product","link":"https:\/\/roveyayinevi.com.tr\/index.php\/urun\/kalp-bir-tarihce\/","title":{"rendered":"Kalp\/ Bir Tarih\u00e7e"},"content":{"rendered":"<p>Kalp hayat\u0131n merkezinde yer al\u0131r. Kardiyolog Sandeep Jauhar i\u00e7inse saplant\u0131 derecesinde bir tutkudur. Zira kalple ilgili sorunlar ailesinde b\u00fcy\u00fck travmalar yaratm\u0131\u015f, hassas bir yap\u0131ya sahip olan Jauhar\u2019a daha \u00e7ocuk ya\u015flarda uzman doktorlu\u011fa giden yolu a\u00e7m\u0131\u015ft\u0131r.   Kalp: Bir Tarih\u00e7e, hayat\u0131n motoru oldu\u011fu kadar her t\u00fcrden duyguyu bar\u0131nd\u0131ran en \u00f6nemli organ\u0131 t\u00fcm y\u00f6nleriyle ele alan bir kitap. Bir yandan t\u0131p doktorlar\u0131 ve bilim insanlar\u0131n\u0131n giri\u015ftikleri kimi tabu y\u0131k\u0131c\u0131 deney ve ke\u015fiflerin \u00f6yk\u00fcs\u00fcn\u00fc anlat\u0131rken bir yandan da bu b\u00fcy\u00fcleyici organ\u0131n yap\u0131s\u0131na ve i\u015fleyi\u015fine a\u00e7\u0131kl\u0131k getiriyor. Bununla beraber \u00f6zellikle modern t\u0131bb\u0131n ola\u011fan\u00fcst\u00fc ba\u015far\u0131lar\u0131n\u0131n yan\u0131nda yetersiz kald\u0131\u011f\u0131 noktalara da i\u015faret ediyor. Kalp hastal\u0131klar\u0131n\u0131n halen en \u00f6nemli kamu sa\u011fl\u0131\u011f\u0131 sorunlar\u0131ndan biri oldu\u011funu belirten yazar, ki\u015fisel deneyim ve g\u00f6zlemleri kadar geni\u015f \u00e7apl\u0131 ara\u015ft\u0131rma sonu\u00e7lar\u0131na da yer veriyor. B\u00f6ylece meselenin sadece teknolojik ilerlemeyle \u00e7\u00f6z\u00fclemeyece\u011fini savunarak toplumsal sorunlara ve g\u00fcn\u00fcm\u00fcz insan\u0131n\u0131n ruh haliyle ya\u015fam tarz\u0131na da dikkat \u00e7ekiyor.   \u201cJauhar, olduk\u00e7a g\u00fcvenilir bir rehber olarak her birimizin hayat\u0131n\u0131n nas\u0131l devam etti\u011fini ilgi \u00e7ekici bir hik\u00e2yeyle anlat\u0131yor&#8230; Hem temel bilgiler veren hem de \u00f6vg\u00fc mahiyetinde bir kitap olan Kalp, hakk\u0131nda \u00e7ok az \u015fey bildi\u011fimiz i\u00e7imizdeki bu en kutsal organa dair b\u00fcy\u00fcleyici bir ders anlat\u0131yor.\u201d Washington Post <\/p>\n","protected":false},"excerpt":{"rendered":"<p>Kalp hayat\u0131n merkezinde yer al\u0131r. Kardiyolog Sandeep Jauhar i\u00e7inse saplant\u0131 derecesinde bir tutkudur. Zira kalple ilgili sorunlar ailesinde b\u00fcy\u00fck travmalar yaratm\u0131\u015f, hassas bir yap\u0131ya sahip olan<span class=\"excerpt-hellip\"> [\u2026]<\/span><\/p>\n","protected":false},"featured_media":0,"template":"","meta":{"_monsterinsights_skip_tracking":false,"_monsterinsights_sitenote_active":false,"_monsterinsights_sitenote_note":"","_monsterinsights_sitenote_category":0},"product_brand":[],"product_cat":[13366,13365],"product_tag":[],"class_list":{"0":"post-757653","1":"product","2":"type-product","3":"status-publish","5":"product_cat-diger-saglik","6":"product_cat-saglik","7":"pa_cilt-ciltsiz","8":"pa_tur-kitap","9":"pa_yayinevi-yapi-kredi-yayinlari","10":"pa_yazar-sandeep-jauhar","12":"first","13":"instock","14":"sale","15":"shipping-taxable","16":"purchasable","17":"product-type-simple"},"_links":{"self":[{"href":"https:\/\/roveyayinevi.com.tr\/index.php\/wp-json\/wp\/v2\/product\/757653","targetHints":{"allow":["GET"]}}],"collection":[{"href":"https:\/\/roveyayinevi.com.tr\/index.php\/wp-json\/wp\/v2\/product"}],"about":[{"href":"https:\/\/roveyayinevi.com.tr\/index.php\/wp-json\/wp\/v2\/types\/product"}],"wp:attachment":[{"href":"https:\/\/roveyayinevi.com.tr\/index.php\/wp-json\/wp\/v2\/media?parent=757653"}],"wp:term":[{"taxonomy":"product_brand","embeddable":true,"href":"https:\/\/roveyayinevi.com.tr\/index.php\/wp-json\/wp\/v2\/product_brand?post=757653"},{"taxonomy":"product_cat","embeddable":true,"href":"https:\/\/roveyayinevi.com.tr\/index.php\/wp-json\/wp\/v2\/product_cat?post=757653"},{"taxonomy":"product_tag","embeddable":true,"href":"https:\/\/roveyayinevi.com.tr\/index.php\/wp-json\/wp\/v2\/product_tag?post=757653"}],"curies":[{"name":"wp","href":"https:\/\/api.w.org\/{rel}","templated":true}]}}