{"id":757651,"date":"2025-08-28T07:42:13","date_gmt":"2025-08-28T04:42:13","guid":{"rendered":"https:\/\/roveyayinevi.com.tr\/index.php\/urun\/her-pazartesi-1962-67-notlari\/"},"modified":"2026-04-16T03:10:45","modified_gmt":"2026-04-16T00:10:45","slug":"her-pazartesi-1962-67-notlari","status":"publish","type":"product","link":"https:\/\/roveyayinevi.com.tr\/index.php\/urun\/her-pazartesi-1962-67-notlari\/","title":{"rendered":"Her Pazartesi \/1962-67 Notlar\u0131"},"content":{"rendered":"<p>Yap\u0131 Kredi Yay\u0131nlar\u0131, toplu \u015fiirler ve \u00f6yk\u00fcler ciltlerinde \u00f6ne \u00e7\u0131kan kitaplar\u0131n ayr\u0131 bas\u0131mlar\u0131n\u0131 s\u00fcrd\u00fcr\u00fcyor. Bu kapsamda, Turgut Uyar\u2019\u0131n \u015fiir kitab\u0131 Her Pazartesi yeniden ba\u011f\u0131ms\u0131z bi\u00e7imde okuruna ula\u015f\u0131yor. Turgut Uyar\u2019\u0131n ya\u015fam\u0131 a\u00e7\u0131s\u0131ndan keskin d\u00f6n\u00fc\u015f\u00fcmleri bar\u0131nd\u0131ran bir d\u00f6nemin \u00fcr\u00fcn\u00fc olan Her Pazartesi toplumsal konu ve sorunlar\u0131n \u00f6ne \u00e7\u0131kt\u0131\u011f\u0131 bir kitapt\u0131r. Uyar, \u015fiir ser\u00fcveninin geli\u015fim \u00e7izgisinde, bireyin \u00e7a\u011f\u0131yla ilgili sorun ve a\u00e7maz\u0131n\u0131n hesapla\u015fmas\u0131n\u0131 bir \u00f6l\u00e7\u00fcde \u00f6rneklemi\u015f ve tamamlam\u0131\u015f, toplumsal sorunlar\u0131 \u00e7ilesi ve ac\u0131s\u0131yla ele alarak kapsay\u0131c\u0131 bir s\u00f6yleme ula\u015fm\u0131\u015ft\u0131r. 60\u2019l\u0131 y\u0131llar\u0131n devrimci \u00fctopyas\u0131n\u0131n yans\u0131malar\u0131n\u0131 \u015fiirine ta\u015f\u0131m\u0131\u015ft\u0131r. Turgut Uyar\u2019\u0131n b\u00fct\u00fcn \u015fiirlerini kapsayan B\u00fcy\u00fck Saat kitab\u0131 i\u00e7inde yer alan Her Pazartesi herhangi bir de\u011fi\u015fiklik olmadan yay\u0131na haz\u0131rland\u0131.   Ne kadar h\u00fcz\u00fcn ge\u00e7mi\u015fse d\u00fcnyadan Ne kadar ac\u0131 ge\u00e7mi\u015fse ya\u015fayaca\u011f\u0131z Hepsini yeniden, bir bir d\u00fcnyada D\u00fcnyadan ve d\u00fcnyayla sana s\u0131\u011f\u0131n\u0131r\u0131m Ac\u0131lardan ve h\u00fcz\u00fcnlerden de\u011fil Ka\u00e7malardan ve korkulardan de\u011fil \u00c7\u00fcnk\u00fc bir g\u00fc\u00e7t\u00fcr s\u0131cakl\u0131\u011f\u0131n kollar\u0131ma \u00c7\u00fcnk\u00fc kanlar\u0131, kanlar\u0131, kanlar\u0131 hat\u0131rlar\u0131m \u00c7\u00fcnk\u00fc \u00f6l\u00fclerimiz toplanacakt\u0131r Ve y\u00fcceltilecektir bir mavide. <\/p>\n","protected":false},"excerpt":{"rendered":"<p>Yap\u0131 Kredi Yay\u0131nlar\u0131, toplu \u015fiirler ve \u00f6yk\u00fcler ciltlerinde \u00f6ne \u00e7\u0131kan kitaplar\u0131n ayr\u0131 bas\u0131mlar\u0131n\u0131 s\u00fcrd\u00fcr\u00fcyor. Bu kapsamda, Turgut Uyar\u2019\u0131n \u015fiir kitab\u0131 Her Pazartesi yeniden ba\u011f\u0131ms\u0131z bi\u00e7imde okuruna<span class=\"excerpt-hellip\"> [\u2026]<\/span><\/p>\n","protected":false},"featured_media":0,"template":"","meta":{"_monsterinsights_skip_tracking":false,"_monsterinsights_sitenote_active":false,"_monsterinsights_sitenote_note":"","_monsterinsights_sitenote_category":0},"product_brand":[],"product_cat":[12291,12509],"product_tag":[],"class_list":{"0":"post-757651","1":"product","2":"type-product","3":"status-publish","5":"product_cat-edebiyat","6":"product_cat-siir","7":"pa_cilt-ciltsiz","8":"pa_tur-kitap","9":"pa_yayinevi-yapi-kredi-yayinlari","10":"pa_yazar-turgut-uyar","12":"first","13":"instock","14":"sale","15":"shipping-taxable","16":"purchasable","17":"product-type-simple"},"_links":{"self":[{"href":"https:\/\/roveyayinevi.com.tr\/index.php\/wp-json\/wp\/v2\/product\/757651","targetHints":{"allow":["GET"]}}],"collection":[{"href":"https:\/\/roveyayinevi.com.tr\/index.php\/wp-json\/wp\/v2\/product"}],"about":[{"href":"https:\/\/roveyayinevi.com.tr\/index.php\/wp-json\/wp\/v2\/types\/product"}],"wp:attachment":[{"href":"https:\/\/roveyayinevi.com.tr\/index.php\/wp-json\/wp\/v2\/media?parent=757651"}],"wp:term":[{"taxonomy":"product_brand","embeddable":true,"href":"https:\/\/roveyayinevi.com.tr\/index.php\/wp-json\/wp\/v2\/product_brand?post=757651"},{"taxonomy":"product_cat","embeddable":true,"href":"https:\/\/roveyayinevi.com.tr\/index.php\/wp-json\/wp\/v2\/product_cat?post=757651"},{"taxonomy":"product_tag","embeddable":true,"href":"https:\/\/roveyayinevi.com.tr\/index.php\/wp-json\/wp\/v2\/product_tag?post=757651"}],"curies":[{"name":"wp","href":"https:\/\/api.w.org\/{rel}","templated":true}]}}