{"id":757649,"date":"2025-08-28T07:42:08","date_gmt":"2025-08-28T04:42:08","guid":{"rendered":"https:\/\/roveyayinevi.com.tr\/index.php\/urun\/onlar-kadinlar\/"},"modified":"2026-04-16T03:10:45","modified_gmt":"2026-04-16T00:10:45","slug":"onlar-kadinlar","status":"publish","type":"product","link":"https:\/\/roveyayinevi.com.tr\/index.php\/urun\/onlar-kadinlar\/","title":{"rendered":"Onlar&#8230; Kad\u0131nlar"},"content":{"rendered":"<p>J.-B. Pontalis, seksenli ya\u015flar\u0131ndayken kaleme ald\u0131\u011f\u0131 bu kitab\u0131nda geriye d\u00f6n\u00fcp zihninde yer etmi\u015f kad\u0131nlara dair izlenimlerini anlat\u0131yor. \u00c7ocuklu\u011funun, gen\u00e7li\u011finin, eri\u015fkinli\u011finin ve nihayet ya\u015fl\u0131l\u0131\u011f\u0131n\u0131n kad\u0131nlar\u0131 bunlar. Kimi zaman arkada\u015flar\u0131, sevgilileri, analizanlar\u0131; kimi zaman da sadece bir roman veya film kahraman\u0131 olsalar da hepsine canl\u0131 tutmay\u0131 ba\u015fard\u0131\u011f\u0131 bir merak ve vefa duygusuyla yakla\u015f\u0131yor.   \u201cElinizdeki kitap 2013\u2019te, do\u011fdu\u011fu g\u00fcn olan 15 Ocak\u2019ta 89 ya\u015f\u0131nda \u00f6len Pontalis\u2019in yaratt\u0131\u011f\u0131 ve tan\u0131mlad\u0131\u011f\u0131 \u201ckendiniyazmak\u201d edebiyat t\u00fcr\u00fcn\u00fcn bir di\u011fer \u00f6rne\u011fi. Onun zamansal gidi\u015f geli\u015fler, mek\u00e2nsal atlamalar ve olaysal s\u0131\u00e7ramalar yaparak yani t\u00fcm\u00fcyle serbest \u00e7a\u011fr\u0131\u015f\u0131mlarla doldurdu\u011fu sayfalar\u0131 okurken onun, onlar\u0131n, kad\u0131nlar\u0131n an\u0131lmas\u0131 dile\u011fiyle&#8230;\u201d Talat Parman <\/p>\n","protected":false},"excerpt":{"rendered":"<p>J.-B. Pontalis, seksenli ya\u015flar\u0131ndayken kaleme ald\u0131\u011f\u0131 bu kitab\u0131nda geriye d\u00f6n\u00fcp zihninde yer etmi\u015f kad\u0131nlara dair izlenimlerini anlat\u0131yor. \u00c7ocuklu\u011funun, gen\u00e7li\u011finin, eri\u015fkinli\u011finin ve nihayet ya\u015fl\u0131l\u0131\u011f\u0131n\u0131n kad\u0131nlar\u0131 bunlar. Kimi<span class=\"excerpt-hellip\"> [\u2026]<\/span><\/p>\n","protected":false},"featured_media":0,"template":"","meta":{"_monsterinsights_skip_tracking":false,"_monsterinsights_sitenote_active":false,"_monsterinsights_sitenote_note":"","_monsterinsights_sitenote_category":0},"product_brand":[],"product_cat":[18545,12291],"product_tag":[],"class_list":{"0":"post-757649","1":"product","2":"type-product","3":"status-publish","5":"product_cat-anlati","6":"product_cat-edebiyat","7":"pa_cilt-ciltsiz","8":"pa_tur-kitap","9":"pa_yayinevi-yapi-kredi-yayinlari","10":"pa_yazar-j-b-pontalis","12":"first","13":"instock","14":"sale","15":"shipping-taxable","16":"purchasable","17":"product-type-simple"},"_links":{"self":[{"href":"https:\/\/roveyayinevi.com.tr\/index.php\/wp-json\/wp\/v2\/product\/757649","targetHints":{"allow":["GET"]}}],"collection":[{"href":"https:\/\/roveyayinevi.com.tr\/index.php\/wp-json\/wp\/v2\/product"}],"about":[{"href":"https:\/\/roveyayinevi.com.tr\/index.php\/wp-json\/wp\/v2\/types\/product"}],"wp:attachment":[{"href":"https:\/\/roveyayinevi.com.tr\/index.php\/wp-json\/wp\/v2\/media?parent=757649"}],"wp:term":[{"taxonomy":"product_brand","embeddable":true,"href":"https:\/\/roveyayinevi.com.tr\/index.php\/wp-json\/wp\/v2\/product_brand?post=757649"},{"taxonomy":"product_cat","embeddable":true,"href":"https:\/\/roveyayinevi.com.tr\/index.php\/wp-json\/wp\/v2\/product_cat?post=757649"},{"taxonomy":"product_tag","embeddable":true,"href":"https:\/\/roveyayinevi.com.tr\/index.php\/wp-json\/wp\/v2\/product_tag?post=757649"}],"curies":[{"name":"wp","href":"https:\/\/api.w.org\/{rel}","templated":true}]}}