{"id":757648,"date":"2025-08-28T07:42:07","date_gmt":"2025-08-28T04:42:07","guid":{"rendered":"https:\/\/roveyayinevi.com.tr\/index.php\/urun\/nevrozlar\/"},"modified":"2026-04-16T03:10:45","modified_gmt":"2026-04-16T00:10:45","slug":"nevrozlar","status":"publish","type":"product","link":"https:\/\/roveyayinevi.com.tr\/index.php\/urun\/nevrozlar\/","title":{"rendered":"Nevrozlar"},"content":{"rendered":"<p>Modern psikanalizin babas\u0131 Sigmund Freud&#8217;un kaleminden \u00e7\u0131kan bu eser, insan zihninin en karma\u015f\u0131k labirentlerine \u0131\u015f\u0131k tutuyor. &#8220;Nevrozlar&#8221;, Freud&#8217;un nevroz kavram\u0131na dair derinlemesine incelemelerini ve bu alandaki devrim niteli\u011findeki teorilerini sunuyor. Kitap, hem Freud&#8217;un teorilerine yeni ba\u015flayanlar i\u00e7in bir giri\u015f niteli\u011finde hem de alan\u0131nda uzman okuyucular i\u00e7in derinlemesine bir kaynak olarak tasarlanm\u0131\u015ft\u0131r. Bu eserde, Freud, nevrozlar\u0131n k\u00f6kenlerini, nas\u0131l geli\u015ftiklerini ve tedavi y\u00f6ntemlerini ayr\u0131nt\u0131l\u0131 bir \u015fekilde ele al\u0131yor. O, insan\u0131n bilin\u00e7alt\u0131ndaki \u00e7at\u0131\u015fmalar\u0131n ve bast\u0131r\u0131lm\u0131\u015f duygular\u0131n, nevrozlar\u0131n olu\u015fumunda nas\u0131l kritik bir rol oynad\u0131\u011f\u0131n\u0131 ortaya koyuyor. Freud&#8217;un \u00f6zg\u00fcn g\u00f6r\u00fc\u015fleri ve tedavi yakla\u015f\u0131mlar\u0131, psikanaliz alan\u0131ndaki tart\u0131\u015fmalar\u0131 ve anlay\u0131\u015f\u0131 \u015fekillendirmeye devam ediyor. &#8220;Nevrozlar&#8221;, Freud&#8217;un zengin klinik deneyimlerine dayanarak, ki\u015fisel geli\u015fim ve zihinsel sa\u011fl\u0131k konular\u0131nda derin bir anlay\u0131\u015f sunuyor. Okuyucular\u0131, insan zihninin en derin s\u0131rlar\u0131n\u0131 ke\u015ffetmeye ve nevrozlar\u0131n karma\u015f\u0131k d\u00fcnyas\u0131n\u0131 anlamaya davet ediyor. Bu kitap, psikanaliz, psikoloji ve insan davran\u0131\u015flar\u0131na ilgi duyan herkes i\u00e7in vazge\u00e7ilmez bir kaynakt\u0131r. <\/p>\n","protected":false},"excerpt":{"rendered":"<p>Modern psikanalizin babas\u0131 Sigmund Freud&#8217;un kaleminden \u00e7\u0131kan bu eser, insan zihninin en karma\u015f\u0131k labirentlerine \u0131\u015f\u0131k tutuyor. &#8220;Nevrozlar&#8221;, Freud&#8217;un nevroz kavram\u0131na dair derinlemesine incelemelerini ve bu alandaki<span class=\"excerpt-hellip\"> [\u2026]<\/span><\/p>\n","protected":false},"featured_media":0,"template":"","meta":{"_monsterinsights_skip_tracking":false,"_monsterinsights_sitenote_active":false,"_monsterinsights_sitenote_note":"","_monsterinsights_sitenote_category":0},"product_brand":[],"product_cat":[12357],"product_tag":[],"class_list":{"0":"post-757648","1":"product","2":"type-product","3":"status-publish","5":"product_cat-psikoloji","6":"pa_cilt-ciltsiz","7":"pa_tur-kitap","8":"pa_yayinevi-kirmizi-ada-yayinlari","9":"pa_yazar-sigmund-freud","11":"first","12":"instock","13":"sale","14":"shipping-taxable","15":"purchasable","16":"product-type-simple"},"_links":{"self":[{"href":"https:\/\/roveyayinevi.com.tr\/index.php\/wp-json\/wp\/v2\/product\/757648","targetHints":{"allow":["GET"]}}],"collection":[{"href":"https:\/\/roveyayinevi.com.tr\/index.php\/wp-json\/wp\/v2\/product"}],"about":[{"href":"https:\/\/roveyayinevi.com.tr\/index.php\/wp-json\/wp\/v2\/types\/product"}],"wp:attachment":[{"href":"https:\/\/roveyayinevi.com.tr\/index.php\/wp-json\/wp\/v2\/media?parent=757648"}],"wp:term":[{"taxonomy":"product_brand","embeddable":true,"href":"https:\/\/roveyayinevi.com.tr\/index.php\/wp-json\/wp\/v2\/product_brand?post=757648"},{"taxonomy":"product_cat","embeddable":true,"href":"https:\/\/roveyayinevi.com.tr\/index.php\/wp-json\/wp\/v2\/product_cat?post=757648"},{"taxonomy":"product_tag","embeddable":true,"href":"https:\/\/roveyayinevi.com.tr\/index.php\/wp-json\/wp\/v2\/product_tag?post=757648"}],"curies":[{"name":"wp","href":"https:\/\/api.w.org\/{rel}","templated":true}]}}