{"id":757647,"date":"2025-08-28T07:42:05","date_gmt":"2025-08-28T04:42:05","guid":{"rendered":"https:\/\/roveyayinevi.com.tr\/index.php\/urun\/beastars-2\/"},"modified":"2026-04-16T03:10:45","modified_gmt":"2026-04-16T00:10:45","slug":"beastars-2","status":"publish","type":"product","link":"https:\/\/roveyayinevi.com.tr\/index.php\/urun\/beastars-2\/","title":{"rendered":"Beastars 2"},"content":{"rendered":"<p>G\u00f6steri g\u00fcn\u00fc yakla\u015f\u0131yor. Tiatro kul\u00fcb\u00fc\u2019n\u00fcn ba\u015frol\u00fc alageyik Louis \u00e7ok h\u0131rsl\u0131. Etobur ve otoburlar\u0131n bar\u0131\u015f i\u00e7inde ya\u015famas\u0131na katk\u0131da bulunarak khraman \u201cBeastar\u201d unvan\u0131yla \u00f6d\u00fcllendirilmeyi ama\u00e7l\u0131yor.   Bu s\u0131rada Legoshi, di\u015fi tav\u015fan Haru\u2019yla kar\u015f\u0131la\u015ft\u0131\u011f\u0131 gece y\u0131rt\u0131c\u0131 i\u00e7g\u00fcd\u00fcleri ortaya \u00e7\u0131kt\u0131\u011f\u0131 i\u00e7in kendinden nefret ediyor. Okulun \u00e7at\u0131 kat\u0131nda beklenmedik bir kar\u015f\u0131la\u015fma ger\u00e7ekle\u015fiyor!! \u0130nan\u0131lmaz olaylar silsilesi ba\u015fl\u0131yor!   Hayvanlar\u0131n gen\u00e7lik dramas\u0131 kar\u015f\u0131n\u0131zda!! <\/p>\n","protected":false},"excerpt":{"rendered":"<p>G\u00f6steri g\u00fcn\u00fc yakla\u015f\u0131yor. Tiatro kul\u00fcb\u00fc\u2019n\u00fcn ba\u015frol\u00fc alageyik Louis \u00e7ok h\u0131rsl\u0131. Etobur ve otoburlar\u0131n bar\u0131\u015f i\u00e7inde ya\u015famas\u0131na katk\u0131da bulunarak khraman \u201cBeastar\u201d unvan\u0131yla \u00f6d\u00fcllendirilmeyi ama\u00e7l\u0131yor. Bu s\u0131rada Legoshi,<span class=\"excerpt-hellip\"> [\u2026]<\/span><\/p>\n","protected":false},"featured_media":0,"template":"","meta":{"_monsterinsights_skip_tracking":false,"_monsterinsights_sitenote_active":false,"_monsterinsights_sitenote_note":"","_monsterinsights_sitenote_category":0},"product_brand":[],"product_cat":[12416,12291],"product_tag":[],"class_list":{"0":"post-757647","1":"product","2":"type-product","3":"status-publish","5":"product_cat-cizgi-roman","6":"product_cat-edebiyat","7":"pa_cilt-ciltsiz","8":"pa_tur-kitap","9":"pa_yayinevi-kayip-kita-yayinlari","10":"pa_yazar-paru-itagaki","12":"first","13":"instock","14":"sale","15":"shipping-taxable","16":"purchasable","17":"product-type-simple"},"_links":{"self":[{"href":"https:\/\/roveyayinevi.com.tr\/index.php\/wp-json\/wp\/v2\/product\/757647","targetHints":{"allow":["GET"]}}],"collection":[{"href":"https:\/\/roveyayinevi.com.tr\/index.php\/wp-json\/wp\/v2\/product"}],"about":[{"href":"https:\/\/roveyayinevi.com.tr\/index.php\/wp-json\/wp\/v2\/types\/product"}],"wp:attachment":[{"href":"https:\/\/roveyayinevi.com.tr\/index.php\/wp-json\/wp\/v2\/media?parent=757647"}],"wp:term":[{"taxonomy":"product_brand","embeddable":true,"href":"https:\/\/roveyayinevi.com.tr\/index.php\/wp-json\/wp\/v2\/product_brand?post=757647"},{"taxonomy":"product_cat","embeddable":true,"href":"https:\/\/roveyayinevi.com.tr\/index.php\/wp-json\/wp\/v2\/product_cat?post=757647"},{"taxonomy":"product_tag","embeddable":true,"href":"https:\/\/roveyayinevi.com.tr\/index.php\/wp-json\/wp\/v2\/product_tag?post=757647"}],"curies":[{"name":"wp","href":"https:\/\/api.w.org\/{rel}","templated":true}]}}