{"id":757646,"date":"2025-08-28T07:42:03","date_gmt":"2025-08-28T04:42:03","guid":{"rendered":"https:\/\/roveyayinevi.com.tr\/index.php\/urun\/dogum-gunume-cagirmak-istedigim-tek-kisi\/"},"modified":"2026-04-11T14:26:03","modified_gmt":"2026-04-11T11:26:03","slug":"dogum-gunume-cagirmak-istedigim-tek-kisi","status":"publish","type":"product","link":"https:\/\/roveyayinevi.com.tr\/index.php\/urun\/dogum-gunume-cagirmak-istedigim-tek-kisi\/","title":{"rendered":"Do\u011fum G\u00fcn\u00fcme \u00c7a\u011f\u0131rmak \u0130stedi\u011fim Tek Ki\u015fi"},"content":{"rendered":"<p>\u201cEn iyi ihtimaller bile yorucu sonu\u00e7lara ula\u015f\u0131yor, her olumlu ihtimal yeni ve daha b\u00fcy\u00fck \u00e7abalar gerektiriyor, d\u00fcnyan\u0131n yorgunlu\u011fu asla bitmiyor.\u201d \u00d6mer F. Oyal son roman\u0131 Do\u011fum G\u00fcn\u00fcme \u00c7a\u011f\u0131rmak \u0130stedi\u011fim Tek Ki\u015fi\u2019de do\u011fum g\u00fcn\u00fcn\u00fcn gecesinde uyku tutmayan bir akademisyenin zihninin saplant\u0131l\u0131 ak\u0131\u015f\u0131na bizi davet ediyor. \u00dczerinde \u00e7al\u0131\u015ft\u0131\u011f\u0131 konunun \u00f6znesi olan Evliy\u00e2 \u00c7elebi\u2019nin kendi hayat\u0131n\u0131 nas\u0131l ele ge\u00e7irdi\u011fini bize tutkulu ve tak\u0131nt\u0131l\u0131 bir dille anlat\u0131yor. Kitaplarla, k\u00e2\u011f\u0131tlarla, sonu gelmeyen d\u00fc\u015f\u00fcnce silsilesiyle ya\u015fayanlar\u0131n d\u00fcnyas\u0131nda zehir gibi gezinti&#8230; Zihin ya s\u00f6vg\u00fcyle ya da bir al\u0131nt\u0131yla durmadan uyar\u0131l\u0131yor. Efendi\u2019nin zihninde durmadan bir al\u0131nt\u0131; hangi ciltten, hangi fas\u0131ldan oldu\u011fu belirsiz bir yaz\u0131 par\u00e7as\u0131 y\u00fckseliyor. Suda bir t\u00fcrl\u00fc batmay\u0131 beceremeyen kesik kelleler gibi inatla bir inip bir \u00e7\u0131k\u0131yorlar. \u0130smail Ma\u015fuk\u00ee\u2019nin ve di\u011ferlerinin v\u00fccutlar\u0131ndan ayr\u0131lm\u0131\u015f ba\u015flar\u0131n\u0131n Ah\u0131rkap\u0131\u2019dan Rumelihisar\u0131 Kayalar Mescidi\u2019ne kadar bata \u00e7\u0131ka ilerleyi\u015finden beter bir inat. Akla gelenlerin birbirlerine nas\u0131l ve hangi yolda seslendikleri de belirsiz. Efendi\u2019ye birbirinin yerini alan g\u00f6r\u00fcnt\u00fcleri seyretmekten ba\u015fka yapacak \u015fey kalm\u0131yor. <\/p>\n","protected":false},"excerpt":{"rendered":"<p>\u201cEn iyi ihtimaller bile yorucu sonu\u00e7lara ula\u015f\u0131yor, her olumlu ihtimal yeni ve daha b\u00fcy\u00fck \u00e7abalar gerektiriyor, d\u00fcnyan\u0131n yorgunlu\u011fu asla bitmiyor.\u201d \u00d6mer F. Oyal son roman\u0131 Do\u011fum<span class=\"excerpt-hellip\"> [\u2026]<\/span><\/p>\n","protected":false},"featured_media":0,"template":"","meta":{"_monsterinsights_skip_tracking":false,"_monsterinsights_sitenote_active":false,"_monsterinsights_sitenote_note":"","_monsterinsights_sitenote_category":0},"product_brand":[],"product_cat":[12291,12711],"product_tag":[],"class_list":{"0":"post-757646","1":"product","2":"type-product","3":"status-publish","5":"product_cat-edebiyat","6":"product_cat-roman-oyku","7":"pa_cilt-ciltsiz","8":"pa_tur-kitap","9":"pa_yayinevi-yapi-kredi-yayinlari","10":"pa_yazar-omer-f-oyal","12":"first","13":"instock","14":"sale","15":"shipping-taxable","16":"purchasable","17":"product-type-simple"},"_links":{"self":[{"href":"https:\/\/roveyayinevi.com.tr\/index.php\/wp-json\/wp\/v2\/product\/757646","targetHints":{"allow":["GET"]}}],"collection":[{"href":"https:\/\/roveyayinevi.com.tr\/index.php\/wp-json\/wp\/v2\/product"}],"about":[{"href":"https:\/\/roveyayinevi.com.tr\/index.php\/wp-json\/wp\/v2\/types\/product"}],"wp:attachment":[{"href":"https:\/\/roveyayinevi.com.tr\/index.php\/wp-json\/wp\/v2\/media?parent=757646"}],"wp:term":[{"taxonomy":"product_brand","embeddable":true,"href":"https:\/\/roveyayinevi.com.tr\/index.php\/wp-json\/wp\/v2\/product_brand?post=757646"},{"taxonomy":"product_cat","embeddable":true,"href":"https:\/\/roveyayinevi.com.tr\/index.php\/wp-json\/wp\/v2\/product_cat?post=757646"},{"taxonomy":"product_tag","embeddable":true,"href":"https:\/\/roveyayinevi.com.tr\/index.php\/wp-json\/wp\/v2\/product_tag?post=757646"}],"curies":[{"name":"wp","href":"https:\/\/api.w.org\/{rel}","templated":true}]}}