{"id":757642,"date":"2025-08-28T07:41:54","date_gmt":"2025-08-28T04:41:54","guid":{"rendered":"https:\/\/roveyayinevi.com.tr\/index.php\/urun\/matruska-toplum\/"},"modified":"2026-04-16T03:10:45","modified_gmt":"2026-04-16T00:10:45","slug":"matruska-toplum","status":"publish","type":"product","link":"https:\/\/roveyayinevi.com.tr\/index.php\/urun\/matruska-toplum\/","title":{"rendered":"Matru\u015fka Toplum"},"content":{"rendered":"<p>Bu \u00e7al\u0131\u015fman\u0131n \u00e7\u0131k\u0131\u015f noktas\u0131, bireyin pahal\u0131 nesneler ve teknolojik kabiliyetleri oran\u0131nca kimli\u011fini tan\u0131mlamas\u0131 ve vitrinde izlenmesi ile ba\u015fkalar\u0131n\u0131 izlemesidir. Nitekim her \u015feyin maddiyatla betimlendi\u011fi bir meta d\u00fcnyas\u0131nda de\u011fi\u015fene ayak uydurmak amac\u0131yla kabul edilen ya\u015fam bi\u00e7imleri, de\u011fi\u015fmeyenin maneviyat\u0131n \u00f6nemini zedelemi\u015ftir. T\u00fcketmenin birey i\u00e7in prestij ve ayr\u0131cal\u0131k oldu\u011fu modern toplumda insan, hazlardan in\u015fa edilmi\u015f bir camekana hapsedilmi\u015ftir. L\u00fckse, en \u00fcst modele, daha fazlas\u0131na ve en g\u00fczeline ula\u015fmak isteyen insan her \u015feyin bir matru\u015fka gibi i\u00e7 i\u00e7e ge\u00e7ti\u011fi, kat\u0131 olan\u0131n buharla\u015ft\u0131\u011f\u0131 ve ger\u00e7ekle yapay\u0131n ay\u0131rt edilemedi\u011fi bir toplumda camekandan lamek\u00e2na ge\u00e7mekle arada kalm\u0131\u015ft\u0131r.   Her insan kendi matru\u015fkalar\u0131n\u0131 saklar. Peki sizin a\u00e7t\u0131k\u00e7a i\u00e7inden \u00e7\u0131kan matru\u015fkalar\u0131n\u0131z nedir? G\u00fczelli\u011finiz mi? Modan\u0131z m\u0131? Maa\u015f\u0131n\u0131z m\u0131? Kariyeriniz mi? Teknolojiniz mi? Markan\u0131z m\u0131? Yoksa sadece yaln\u0131zl\u0131\u011f\u0131n\u0131z m\u0131?               (M.F.D) <\/p>\n","protected":false},"excerpt":{"rendered":"<p>Bu \u00e7al\u0131\u015fman\u0131n \u00e7\u0131k\u0131\u015f noktas\u0131, bireyin pahal\u0131 nesneler ve teknolojik kabiliyetleri oran\u0131nca kimli\u011fini tan\u0131mlamas\u0131 ve vitrinde izlenmesi ile ba\u015fkalar\u0131n\u0131 izlemesidir. Nitekim her \u015feyin maddiyatla betimlendi\u011fi bir meta<span class=\"excerpt-hellip\"> [\u2026]<\/span><\/p>\n","protected":false},"featured_media":0,"template":"","meta":{"_monsterinsights_skip_tracking":false,"_monsterinsights_sitenote_active":false,"_monsterinsights_sitenote_note":"","_monsterinsights_sitenote_category":0},"product_brand":[],"product_cat":[12324],"product_tag":[],"class_list":{"0":"post-757642","1":"product","2":"type-product","3":"status-publish","5":"product_cat-sosyoloji","6":"pa_cilt-ciltsiz","7":"pa_tur-kitap","8":"pa_yayinevi-zet-akademi-yayinlari","9":"pa_yazar-muhammet-fatih-demirdag","11":"first","12":"instock","13":"sale","14":"shipping-taxable","15":"purchasable","16":"product-type-simple"},"_links":{"self":[{"href":"https:\/\/roveyayinevi.com.tr\/index.php\/wp-json\/wp\/v2\/product\/757642","targetHints":{"allow":["GET"]}}],"collection":[{"href":"https:\/\/roveyayinevi.com.tr\/index.php\/wp-json\/wp\/v2\/product"}],"about":[{"href":"https:\/\/roveyayinevi.com.tr\/index.php\/wp-json\/wp\/v2\/types\/product"}],"wp:attachment":[{"href":"https:\/\/roveyayinevi.com.tr\/index.php\/wp-json\/wp\/v2\/media?parent=757642"}],"wp:term":[{"taxonomy":"product_brand","embeddable":true,"href":"https:\/\/roveyayinevi.com.tr\/index.php\/wp-json\/wp\/v2\/product_brand?post=757642"},{"taxonomy":"product_cat","embeddable":true,"href":"https:\/\/roveyayinevi.com.tr\/index.php\/wp-json\/wp\/v2\/product_cat?post=757642"},{"taxonomy":"product_tag","embeddable":true,"href":"https:\/\/roveyayinevi.com.tr\/index.php\/wp-json\/wp\/v2\/product_tag?post=757642"}],"curies":[{"name":"wp","href":"https:\/\/api.w.org\/{rel}","templated":true}]}}