{"id":757641,"date":"2025-08-28T07:41:52","date_gmt":"2025-08-28T04:41:52","guid":{"rendered":"https:\/\/roveyayinevi.com.tr\/index.php\/urun\/dusunuyorum\/"},"modified":"2026-04-16T03:10:45","modified_gmt":"2026-04-16T00:10:45","slug":"dusunuyorum","status":"publish","type":"product","link":"https:\/\/roveyayinevi.com.tr\/index.php\/urun\/dusunuyorum\/","title":{"rendered":"D\u00fc\u015f\u00fcn\u00fcyorum"},"content":{"rendered":"<p>Toplumlar\u0131 ikiye b\u00f6len, kas\u0131tl\u0131 veya bilmeyerek \u00e7at\u0131\u015fma nedeni yap\u0131lan baz\u0131 d\u00fc\u015f\u00fcnce \u00fcr\u00fcnlerini se\u00e7ip ayd\u0131nlatmak istedim. T\u00fcrkler d\u00fcnya tarihinin en m\u00fcstesna \u0131rklar\u0131ndan biridir. Bilinen 2200 y\u0131ll\u0131k tarihinde do\u011fuda Pasifik k\u0131y\u0131lar\u0131ndan bat\u0131da \u0130spanya\u2019ya kadar ma\u011fara resimleri ve yaz\u0131lar\u0131 (Tamga=Damga, T\u00fcrkolog Kaz\u0131m Mir\u015fan\u2019\u0131n okuma \u00e7al\u0131\u015fmalar\u0131\u2026), Atat\u00fcrk\u2019\u00fcn, muhtemel Mu K\u0131tas\u0131 ve \u0130nka, Maya, Aztek medeniyetleri \u00fczerindeki ilgisi bo\u015funa de\u011fildi. Gene D. Metlock\u2019un \u2018\u2019Ey D\u00fcnya \u0130nsanlar\u0131 Hepiniz T\u00fcrk\u2019s\u00fcn\u00fcz.\u2019\u2019 \u00c7eviri: \u00d6.U.Ho\u015fafc\u0131. (Orijinal ad\u0131: What Strange Mystery Unites the Turkish Nations, \u0130ndia, Catholicism and Mexico?) tesad\u00fcf olabilir mi? Tarihi \u00e7a\u011flar\u0131n ge\u00e7erli sayd\u0131\u011f\u0131; fetihler yolu ile k\u0131l\u0131\u00e7 zoru ile elde edilen topraklarda; dil, din ve k\u00fclt\u00fcre bask\u0131 yapmadan, fazladan koruma ve kollama g\u00f6revini \u00fcstlenerek, bunu bir devlet nizam\u0131 haline getirmi\u015f T\u00fcrklerden bazen korku, bazen sayg\u0131 ve bazen da k\u0131skan\u00e7l\u0131k nedeni ile Avrupa devletleri korunma yollar\u0131, kurtulma yollar\u0131 aram\u0131\u015flard\u0131r. Her biri geni\u015f kapsaml\u0131 kitaplara konu olacak se\u00e7tiklerimle okuma merak\u0131 olan gen\u00e7lerin ancak \u201cMukayeseli Okuma\u2019\u2019 yolu ile as\u0131l do\u011fru sonuca varabileceklerini hissetmelerini sa\u011flamaya \u00e7al\u0131\u015ft\u0131m. Bir \u00f6rnek: Atat\u00fcrk\u2019\u00fcn b\u00fcy\u00fckl\u00fc\u011f\u00fcn\u00fc anlamak i\u00e7in \u00e7a\u011fda\u015f\u0131 Lenin, Hitler, Musolini, Mao\u2019yu ve de \u00e7a\u011fda\u015f\u0131 olmamakla beraber, askeri dehas\u0131n\u0131n hep mukayese edildi\u011fi Napolyon (Yakla\u015f\u0131k, Atat\u00fcrk\u2019ten y\u00fcz y\u0131l \u00f6nce) ile k\u0131yaslay\u0131n, isterseniz Gnl. Eisenhower, Gnl. Montgomery ile k\u0131yaslay\u0131n, sonu\u00e7 \u015fa\u015f\u0131rt\u0131c\u0131 oldu\u011fu gibi gurur verici de olacakt\u0131r, g\u00f6receksiniz. <\/p>\n","protected":false},"excerpt":{"rendered":"<p>Toplumlar\u0131 ikiye b\u00f6len, kas\u0131tl\u0131 veya bilmeyerek \u00e7at\u0131\u015fma nedeni yap\u0131lan baz\u0131 d\u00fc\u015f\u00fcnce \u00fcr\u00fcnlerini se\u00e7ip ayd\u0131nlatmak istedim. T\u00fcrkler d\u00fcnya tarihinin en m\u00fcstesna \u0131rklar\u0131ndan biridir. Bilinen 2200 y\u0131ll\u0131k tarihinde<span class=\"excerpt-hellip\"> [\u2026]<\/span><\/p>\n","protected":false},"featured_media":0,"template":"","meta":{"_monsterinsights_skip_tracking":false,"_monsterinsights_sitenote_active":false,"_monsterinsights_sitenote_note":"","_monsterinsights_sitenote_category":0},"product_brand":[],"product_cat":[12777,12291],"product_tag":[],"class_list":{"0":"post-757641","1":"product","2":"type-product","3":"status-publish","5":"product_cat-deneme","6":"product_cat-edebiyat","7":"pa_cilt-ciltsiz","8":"pa_tur-kitap","9":"pa_yayinevi-zet-yayinlari","10":"pa_yazar-kaya-gonencen","12":"first","13":"instock","14":"sale","15":"shipping-taxable","16":"purchasable","17":"product-type-simple"},"_links":{"self":[{"href":"https:\/\/roveyayinevi.com.tr\/index.php\/wp-json\/wp\/v2\/product\/757641","targetHints":{"allow":["GET"]}}],"collection":[{"href":"https:\/\/roveyayinevi.com.tr\/index.php\/wp-json\/wp\/v2\/product"}],"about":[{"href":"https:\/\/roveyayinevi.com.tr\/index.php\/wp-json\/wp\/v2\/types\/product"}],"wp:attachment":[{"href":"https:\/\/roveyayinevi.com.tr\/index.php\/wp-json\/wp\/v2\/media?parent=757641"}],"wp:term":[{"taxonomy":"product_brand","embeddable":true,"href":"https:\/\/roveyayinevi.com.tr\/index.php\/wp-json\/wp\/v2\/product_brand?post=757641"},{"taxonomy":"product_cat","embeddable":true,"href":"https:\/\/roveyayinevi.com.tr\/index.php\/wp-json\/wp\/v2\/product_cat?post=757641"},{"taxonomy":"product_tag","embeddable":true,"href":"https:\/\/roveyayinevi.com.tr\/index.php\/wp-json\/wp\/v2\/product_tag?post=757641"}],"curies":[{"name":"wp","href":"https:\/\/api.w.org\/{rel}","templated":true}]}}