{"id":757640,"date":"2025-08-28T07:41:51","date_gmt":"2025-08-28T04:41:51","guid":{"rendered":"https:\/\/roveyayinevi.com.tr\/index.php\/urun\/muthis-eglenceli-uyku-saati\/"},"modified":"2026-04-16T03:10:45","modified_gmt":"2026-04-16T00:10:45","slug":"muthis-eglenceli-uyku-saati","status":"publish","type":"product","link":"https:\/\/roveyayinevi.com.tr\/index.php\/urun\/muthis-eglenceli-uyku-saati\/","title":{"rendered":"M\u00fcthi\u015f E\u011flenceli! Uyku Saati"},"content":{"rendered":"<p>Uyku saatleri m\u00fcthi\u015f e\u011flenceli olabilir, \u00f6zellikle de yavru hayvanlar s\u00f6z konusuysa! Ara s\u0131ra etraf da\u011f\u0131lsa, \u00e7o\u011fu kez karga\u015fa \u00e7\u0131ksa ve her zaman biraz yorucu olsa da, uyku saati anneyle bebe\u011fi aras\u0131nda s\u0131cac\u0131k ba\u011flar kurmak i\u00e7in e\u015fsiz f\u0131rsatlar sunar! <\/p>\n","protected":false},"excerpt":{"rendered":"<p>Uyku saatleri m\u00fcthi\u015f e\u011flenceli olabilir, \u00f6zellikle de yavru hayvanlar s\u00f6z konusuysa! Ara s\u0131ra etraf da\u011f\u0131lsa, \u00e7o\u011fu kez karga\u015fa \u00e7\u0131ksa ve her zaman biraz yorucu olsa da,<span class=\"excerpt-hellip\"> [\u2026]<\/span><\/p>\n","protected":false},"featured_media":0,"template":"","meta":{"_monsterinsights_skip_tracking":false,"_monsterinsights_sitenote_active":false,"_monsterinsights_sitenote_note":"","_monsterinsights_sitenote_category":0},"product_brand":[],"product_cat":[12274,12518],"product_tag":[],"class_list":{"0":"post-757640","1":"product","2":"type-product","3":"status-publish","5":"product_cat-cocuk-ve-genclik-kitaplari","6":"product_cat-okul-oncesi-kitaplar","7":"pa_cilt-ciltli","8":"pa_tur-kitap","9":"pa_yayinevi-is-bankasi-kultur-yayinlari","10":"pa_yazar-courtney-dicmas","12":"first","13":"instock","14":"sale","15":"shipping-taxable","16":"purchasable","17":"product-type-simple"},"_links":{"self":[{"href":"https:\/\/roveyayinevi.com.tr\/index.php\/wp-json\/wp\/v2\/product\/757640","targetHints":{"allow":["GET"]}}],"collection":[{"href":"https:\/\/roveyayinevi.com.tr\/index.php\/wp-json\/wp\/v2\/product"}],"about":[{"href":"https:\/\/roveyayinevi.com.tr\/index.php\/wp-json\/wp\/v2\/types\/product"}],"wp:attachment":[{"href":"https:\/\/roveyayinevi.com.tr\/index.php\/wp-json\/wp\/v2\/media?parent=757640"}],"wp:term":[{"taxonomy":"product_brand","embeddable":true,"href":"https:\/\/roveyayinevi.com.tr\/index.php\/wp-json\/wp\/v2\/product_brand?post=757640"},{"taxonomy":"product_cat","embeddable":true,"href":"https:\/\/roveyayinevi.com.tr\/index.php\/wp-json\/wp\/v2\/product_cat?post=757640"},{"taxonomy":"product_tag","embeddable":true,"href":"https:\/\/roveyayinevi.com.tr\/index.php\/wp-json\/wp\/v2\/product_tag?post=757640"}],"curies":[{"name":"wp","href":"https:\/\/api.w.org\/{rel}","templated":true}]}}