{"id":757637,"date":"2025-08-28T07:41:45","date_gmt":"2025-08-28T04:41:45","guid":{"rendered":"https:\/\/roveyayinevi.com.tr\/index.php\/urun\/ilk-cizgi-romanim-okulda-bebek-var\/"},"modified":"2026-04-16T03:10:45","modified_gmt":"2026-04-16T00:10:45","slug":"ilk-cizgi-romanim-okulda-bebek-var","status":"publish","type":"product","link":"https:\/\/roveyayinevi.com.tr\/index.php\/urun\/ilk-cizgi-romanim-okulda-bebek-var\/","title":{"rendered":"\u0130lk \u00c7izgi Roman\u0131m &#8211; Okulda Bebek Var"},"content":{"rendered":"<p>Her \u00e2n\u0131n tad\u0131n\u0131 \u00e7\u0131kar\u0131n, ne de olsa do\u011fan\u0131n acelesi yok! D\u00fcnyan\u0131n farkl\u0131 yerlerinden gelen \u00f6\u011frencilere kucak a\u00e7an Birlikte Ya\u015fam Okulu&#8217;nda her g\u00fcn ayr\u0131 bir macerad\u0131r.   &#8221;\u0130lk \u00c7izgi Roman\u0131m&#8221; serisinin Okulda Bebek Var isimli kitab\u0131nda, merakl\u0131 kafadarlar\u0131m\u0131z\u0131 do\u011fan\u0131n d\u00f6ng\u00fcs\u00fc ve dengesi \u00fcst\u00fcne d\u00fc\u015f\u00fcnme f\u0131rsat\u0131 bulacaklar\u0131, esin verici bir fark\u0131ndal\u0131k \u00f6yk\u00fcs\u00fc bekliyor.  S\u0131radan bir okul g\u00fcn\u00fc, Emre \u00d6\u011fretmen&#8217;e gelen ani bir telefonla hareketlenir. Ahizenin ucundaki ses fena h\u00e2lde tela\u015fl\u0131d\u0131r. Acaba ortal\u0131\u011f\u0131 bu kadar velveleye verecek kadar ne olmu\u015ftur? \u00d6\u011fretmenlerinin apar topar okuldan ayr\u0131l\u0131\u015f\u0131n\u0131 anlamland\u0131ramayan \u00e7ocuklar solu\u011fu bah\u00e7ede al\u0131r. Derken, t\u00fcm g\u00f6zler Can&#8217;\u0131n elindeki kestanede toplan\u0131r. O da nesi, kestane tohumundan bebek mi yap\u0131l\u0131rm\u0131\u015f hi\u00e7? Neden olmas\u0131n? \u015eu g\u00f6rd\u00fc\u011f\u00fcn\u00fcz kocaman a\u011fa\u00e7 ilk ba\u015fta k\u00fc\u00e7\u00fcc\u00fck bir tohumdu sadece. Sonra fidan oldu, b\u00fcy\u00fcd\u00fc, b\u00fcy\u00fcd\u00fc ve bug\u00fcnk\u00fc heybetli g\u00f6r\u00fcnt\u00fcs\u00fcne kavu\u015ftu. T\u0131pk\u0131 annesinin karn\u0131nda b\u00fcy\u00fcyen bir bebek gibi. Do\u011fan\u0131n insana, insan\u0131n ise do\u011faya benzemesi ger\u00e7ekten b\u00fcy\u00fcleyici. Ya\u015fam do\u011fan\u0131n bize arma\u011fan etti\u011fi mucizelerle dolu. Aslolan, tabiat\u0131n kalbinde filizlenen tohumlar\u0131n de\u011ferini bilmekte tabii! \u015eu gelenlere bak\u0131n! Emre \u00d6\u011fretmen&#8217;in yan\u0131ndakiler de kim \u00f6yle? Nee, yoksa bu bebek&#8230; <\/p>\n","protected":false},"excerpt":{"rendered":"<p>Her \u00e2n\u0131n tad\u0131n\u0131 \u00e7\u0131kar\u0131n, ne de olsa do\u011fan\u0131n acelesi yok! D\u00fcnyan\u0131n farkl\u0131 yerlerinden gelen \u00f6\u011frencilere kucak a\u00e7an Birlikte Ya\u015fam Okulu&#8217;nda her g\u00fcn ayr\u0131 bir macerad\u0131r. &#8221;\u0130lk<span class=\"excerpt-hellip\"> [\u2026]<\/span><\/p>\n","protected":false},"featured_media":0,"template":"","meta":{"_monsterinsights_skip_tracking":false,"_monsterinsights_sitenote_active":false,"_monsterinsights_sitenote_note":"","_monsterinsights_sitenote_category":0},"product_brand":[],"product_cat":[12689,12274],"product_tag":[],"class_list":{"0":"post-757637","1":"product","2":"type-product","3":"status-publish","5":"product_cat-cizgi-roman-cocuk-ve-genclik-kitaplari","6":"product_cat-cocuk-ve-genclik-kitaplari","7":"pa_cilt-ciltsiz","8":"pa_tur-kitap","9":"pa_yayinevi-desen-yayinlari","10":"pa_yazar-mathieu-grousson","12":"first","13":"instock","14":"sale","15":"shipping-taxable","16":"purchasable","17":"product-type-simple"},"_links":{"self":[{"href":"https:\/\/roveyayinevi.com.tr\/index.php\/wp-json\/wp\/v2\/product\/757637","targetHints":{"allow":["GET"]}}],"collection":[{"href":"https:\/\/roveyayinevi.com.tr\/index.php\/wp-json\/wp\/v2\/product"}],"about":[{"href":"https:\/\/roveyayinevi.com.tr\/index.php\/wp-json\/wp\/v2\/types\/product"}],"wp:attachment":[{"href":"https:\/\/roveyayinevi.com.tr\/index.php\/wp-json\/wp\/v2\/media?parent=757637"}],"wp:term":[{"taxonomy":"product_brand","embeddable":true,"href":"https:\/\/roveyayinevi.com.tr\/index.php\/wp-json\/wp\/v2\/product_brand?post=757637"},{"taxonomy":"product_cat","embeddable":true,"href":"https:\/\/roveyayinevi.com.tr\/index.php\/wp-json\/wp\/v2\/product_cat?post=757637"},{"taxonomy":"product_tag","embeddable":true,"href":"https:\/\/roveyayinevi.com.tr\/index.php\/wp-json\/wp\/v2\/product_tag?post=757637"}],"curies":[{"name":"wp","href":"https:\/\/api.w.org\/{rel}","templated":true}]}}