{"id":757636,"date":"2025-08-28T07:41:43","date_gmt":"2025-08-28T04:41:43","guid":{"rendered":"https:\/\/roveyayinevi.com.tr\/index.php\/urun\/fen-ve-doga-ile-uyumlanma-becerileri\/"},"modified":"2026-04-16T03:10:44","modified_gmt":"2026-04-16T00:10:44","slug":"fen-ve-doga-ile-uyumlanma-becerileri","status":"publish","type":"product","link":"https:\/\/roveyayinevi.com.tr\/index.php\/urun\/fen-ve-doga-ile-uyumlanma-becerileri\/","title":{"rendered":"Fen ve Do\u011fa \u0130le Uyumlanma Becerileri"},"content":{"rendered":"<p>Okul \u00f6ncesi d\u00f6nemdeki \u00e7ocuklar merakl\u0131, ara\u015ft\u0131rmac\u0131, incelemeyi seven, deneme ve ke\u015ffetme duygusu i\u00e7inde olan, d\u00fcnyaya farkl\u0131 a\u00e7\u0131lardan bakabilen, hayal g\u00fc\u00e7leri geni\u015f ve sorgulay\u0131c\u0131 bir yap\u0131ya sahiptir. Bu nedenle de fen ve do\u011fa \u00e7al\u0131\u015fmalar\u0131 ile bu do\u011fal geli\u015fimlerinin devaml\u0131l\u0131\u011f\u0131n\u0131 sa\u011flamak bizlere d\u00fc\u015fen en \u00f6nemli sorumluluklardan biridir. Fen ve Do\u011fa ile Uyumlanma Becerileri kitab\u0131n\u0131n; okul \u00f6ncesi d\u00f6nemde \u00e7ocuklar\u0131n sosyal ortamlar\u0131 i\u00e7erisinde \u00f6\u011frenme d\u00f6ng\u00fcs\u00fcne aktif bir \u015fekilde devam edecekleri, merak uyand\u0131ran farkl\u0131 soru kal\u0131plar\u0131yla kar\u015f\u0131 kar\u015f\u0131ya kalarak problem \u00e7\u00f6zme becerilerini kullanabilecekleri \u00e7al\u0131\u015fmalarla e\u011fitimcilere ve ailelere rehberlik edecek bir kitap olmas\u0131 hedeflenmi\u015ftir. <\/p>\n","protected":false},"excerpt":{"rendered":"<p>Okul \u00f6ncesi d\u00f6nemdeki \u00e7ocuklar merakl\u0131, ara\u015ft\u0131rmac\u0131, incelemeyi seven, deneme ve ke\u015ffetme duygusu i\u00e7inde olan, d\u00fcnyaya farkl\u0131 a\u00e7\u0131lardan bakabilen, hayal g\u00fc\u00e7leri geni\u015f ve sorgulay\u0131c\u0131 bir yap\u0131ya sahiptir.<span class=\"excerpt-hellip\"> [\u2026]<\/span><\/p>\n","protected":false},"featured_media":0,"template":"","meta":{"_monsterinsights_skip_tracking":false,"_monsterinsights_sitenote_active":false,"_monsterinsights_sitenote_note":"","_monsterinsights_sitenote_category":0},"product_brand":[],"product_cat":[12274,15842],"product_tag":[],"class_list":{"0":"post-757636","1":"product","2":"type-product","3":"status-publish","5":"product_cat-cocuk-ve-genclik-kitaplari","6":"product_cat-egitici-kitaplar","7":"pa_cilt-ciltsiz","8":"pa_tur-kitap","9":"pa_yayinevi-is-bankasi-kultur-yayinlari","10":"pa_yazar-ozlem-orcun","12":"first","13":"instock","14":"sale","15":"shipping-taxable","16":"purchasable","17":"product-type-simple"},"_links":{"self":[{"href":"https:\/\/roveyayinevi.com.tr\/index.php\/wp-json\/wp\/v2\/product\/757636","targetHints":{"allow":["GET"]}}],"collection":[{"href":"https:\/\/roveyayinevi.com.tr\/index.php\/wp-json\/wp\/v2\/product"}],"about":[{"href":"https:\/\/roveyayinevi.com.tr\/index.php\/wp-json\/wp\/v2\/types\/product"}],"wp:attachment":[{"href":"https:\/\/roveyayinevi.com.tr\/index.php\/wp-json\/wp\/v2\/media?parent=757636"}],"wp:term":[{"taxonomy":"product_brand","embeddable":true,"href":"https:\/\/roveyayinevi.com.tr\/index.php\/wp-json\/wp\/v2\/product_brand?post=757636"},{"taxonomy":"product_cat","embeddable":true,"href":"https:\/\/roveyayinevi.com.tr\/index.php\/wp-json\/wp\/v2\/product_cat?post=757636"},{"taxonomy":"product_tag","embeddable":true,"href":"https:\/\/roveyayinevi.com.tr\/index.php\/wp-json\/wp\/v2\/product_tag?post=757636"}],"curies":[{"name":"wp","href":"https:\/\/api.w.org\/{rel}","templated":true}]}}