{"id":757635,"date":"2025-08-28T07:41:41","date_gmt":"2025-08-28T04:41:41","guid":{"rendered":"https:\/\/roveyayinevi.com.tr\/index.php\/urun\/matematik-becerileri\/"},"modified":"2026-04-16T03:10:44","modified_gmt":"2026-04-16T00:10:44","slug":"matematik-becerileri","status":"publish","type":"product","link":"https:\/\/roveyayinevi.com.tr\/index.php\/urun\/matematik-becerileri\/","title":{"rendered":"Matematik Becerileri"},"content":{"rendered":"<p>Okul \u00f6ncesi d\u00f6nemde 21. y\u00fczy\u0131l becerilerini kazand\u0131rmak i\u00e7in temel matematik becerilerini \u00f6\u011fretmek ve \u00f6\u011frenilen matematik kavramlar\u0131n\u0131 peki\u015ftirmek, al\u0131\u015ft\u0131rmalar\u0131 \u00e7ok kez tekrar ederek m\u00fcmk\u00fcn olabilmektedir. \u00c7ocuklar\u0131n \u00fcst bili\u015fsel becerileri kazan\u0131p de\u011ferlendirmesi ise matematiksel sorgulama becerisini geli\u015ftirebilmeleriyle m\u00fcmk\u00fcn olmaktad\u0131r. Bu nedenle erken \u00e7ocukluk \u00e7a\u011f\u0131nda onlar i\u00e7in matemati\u011fi anla\u015f\u0131l\u0131r k\u0131lmak ve sevdirmek gereklidir. Matematik Becerileri kitab\u0131n\u0131n; \u00e7ocuklar\u0131n veri toplama ve toplad\u0131klar\u0131 verileri organize ederek plan yapma becerilerini kullanacaklar\u0131, algoritmik d\u00fc\u015f\u00fcncelerini geli\u015ftirici \u00e7al\u0131\u015fmalarla e\u011fitimcilere ve ailelere rehberlik edecek bir kitap olmas\u0131 hedeflenmi\u015ftir. <\/p>\n","protected":false},"excerpt":{"rendered":"<p>Okul \u00f6ncesi d\u00f6nemde 21. y\u00fczy\u0131l becerilerini kazand\u0131rmak i\u00e7in temel matematik becerilerini \u00f6\u011fretmek ve \u00f6\u011frenilen matematik kavramlar\u0131n\u0131 peki\u015ftirmek, al\u0131\u015ft\u0131rmalar\u0131 \u00e7ok kez tekrar ederek m\u00fcmk\u00fcn olabilmektedir. \u00c7ocuklar\u0131n \u00fcst<span class=\"excerpt-hellip\"> [\u2026]<\/span><\/p>\n","protected":false},"featured_media":0,"template":"","meta":{"_monsterinsights_skip_tracking":false,"_monsterinsights_sitenote_active":false,"_monsterinsights_sitenote_note":"","_monsterinsights_sitenote_category":0},"product_brand":[],"product_cat":[12274,15842],"product_tag":[],"class_list":{"0":"post-757635","1":"product","2":"type-product","3":"status-publish","5":"product_cat-cocuk-ve-genclik-kitaplari","6":"product_cat-egitici-kitaplar","7":"pa_cilt-ciltsiz","8":"pa_tur-kitap","9":"pa_yayinevi-is-bankasi-kultur-yayinlari","10":"pa_yazar-ozlem-orcun","12":"first","13":"instock","14":"sale","15":"shipping-taxable","16":"purchasable","17":"product-type-simple"},"_links":{"self":[{"href":"https:\/\/roveyayinevi.com.tr\/index.php\/wp-json\/wp\/v2\/product\/757635","targetHints":{"allow":["GET"]}}],"collection":[{"href":"https:\/\/roveyayinevi.com.tr\/index.php\/wp-json\/wp\/v2\/product"}],"about":[{"href":"https:\/\/roveyayinevi.com.tr\/index.php\/wp-json\/wp\/v2\/types\/product"}],"wp:attachment":[{"href":"https:\/\/roveyayinevi.com.tr\/index.php\/wp-json\/wp\/v2\/media?parent=757635"}],"wp:term":[{"taxonomy":"product_brand","embeddable":true,"href":"https:\/\/roveyayinevi.com.tr\/index.php\/wp-json\/wp\/v2\/product_brand?post=757635"},{"taxonomy":"product_cat","embeddable":true,"href":"https:\/\/roveyayinevi.com.tr\/index.php\/wp-json\/wp\/v2\/product_cat?post=757635"},{"taxonomy":"product_tag","embeddable":true,"href":"https:\/\/roveyayinevi.com.tr\/index.php\/wp-json\/wp\/v2\/product_tag?post=757635"}],"curies":[{"name":"wp","href":"https:\/\/api.w.org\/{rel}","templated":true}]}}