{"id":757633,"date":"2025-08-28T07:41:37","date_gmt":"2025-08-28T04:41:37","guid":{"rendered":"https:\/\/roveyayinevi.com.tr\/index.php\/urun\/schopenhauer\/"},"modified":"2026-04-16T03:10:44","modified_gmt":"2026-04-16T00:10:44","slug":"schopenhauer","status":"publish","type":"product","link":"https:\/\/roveyayinevi.com.tr\/index.php\/urun\/schopenhauer\/","title":{"rendered":"Schopenhauer"},"content":{"rendered":"<p>19. y\u00fczy\u0131l\u0131n en \u00f6zg\u00fcn ve k\u0131\u015fk\u0131rt\u0131c\u0131 d\u00fc\u015f\u00fcn\u00fcrlerinden Arthur Schopenhauer (1788-1860), \u00f6mr\u00fcn\u00fc \u0131st\u0131rap ve \u00f6l\u00fcmle dolu bir d\u00fcnyada ya\u015faman\u0131n anlam\u0131n\u0131 kavramaya ve \u201cvarolu\u015fun daima endi\u015fe verici esrar\u0131n\u0131\u201d \u00e7\u00f6zmeye \u00e7al\u0131\u015farak ge\u00e7irmi\u015ftir. Modern edebiyat, m\u00fczik, felsefe ve psikolojide derin yank\u0131 bulan ve Ya\u015fam Bilgeli\u011fi \u00dczerine Aforizmalar, \u0130steme ve Tasar\u0131m Olarak D\u00fcnya, A\u015fk\u0131n Metafizi\u011fi gibi kitaplar\u0131yla g\u00fcn\u00fcm\u00fczde de ilgi uyand\u0131ran d\u00fcnya g\u00f6r\u00fc\u015f\u00fcyle insan\u0131n hemen her boyutunu incelemi\u015ftir.Elinizdeki biyografi, Schopenhauer\u2019\u0131n par\u00e7alanm\u0131\u015f aile hayat\u0131n\u0131, erken d\u00f6nemlerde \u00fczerinde etkili olan ki\u015fileri, Kant\u2019a olan ele\u015ftirel ba\u011fl\u0131l\u0131\u011f\u0131n\u0131, Fichte ve Goethe ile ki\u015fisel etkile\u015fimini, Schelling ile karars\u0131z ili\u015fkisini, Hegel\u2019e y\u00f6nelik nefretini, felsefesinin tan\u0131nmas\u0131 i\u00e7in verdi\u011fi m\u00fccadeleyi ve ge\u00e7 gelen \u015f\u00f6hretine kar\u015f\u0131 tavr\u0131n\u0131 i\u00e7eren b\u00fct\u00fcn\u00fcyle belgelenmi\u015f bir portre sunmaktad\u0131r. Schopenhauer bu biyografide, Samuel Beckett, Jorge Luis Borges, Emile Durkheim, Sigmund Freud, Thomas Hardy, Thomas Mann, Friedrich Nietzsche ve Ludwig Wittgenstein gibi farkl\u0131 ki\u015filer \u00fczerinde kayda de\u011fer etkisi olan bir d\u00fc\u015f\u00fcn\u00fcr olarak ortaya \u00e7\u0131kmaktad\u0131r <\/p>\n","protected":false},"excerpt":{"rendered":"<p>19. y\u00fczy\u0131l\u0131n en \u00f6zg\u00fcn ve k\u0131\u015fk\u0131rt\u0131c\u0131 d\u00fc\u015f\u00fcn\u00fcrlerinden Arthur Schopenhauer (1788-1860), \u00f6mr\u00fcn\u00fc \u0131st\u0131rap ve \u00f6l\u00fcmle dolu bir d\u00fcnyada ya\u015faman\u0131n anlam\u0131n\u0131 kavramaya ve \u201cvarolu\u015fun daima endi\u015fe verici esrar\u0131n\u0131\u201d<span class=\"excerpt-hellip\"> [\u2026]<\/span><\/p>\n","protected":false},"featured_media":0,"template":"","meta":{"_monsterinsights_skip_tracking":false,"_monsterinsights_sitenote_active":false,"_monsterinsights_sitenote_note":"","_monsterinsights_sitenote_category":0},"product_brand":[],"product_cat":[14009,12291],"product_tag":[],"class_list":{"0":"post-757633","1":"product","2":"type-product","3":"status-publish","5":"product_cat-biyografi-otobiyografi-edebiyat","6":"product_cat-edebiyat","7":"pa_cilt-ciltsiz","8":"pa_tur-kitap","9":"pa_yayinevi-is-bankasi-kultur-yayinlari","10":"pa_yazar-david-e-cartwright","12":"first","13":"instock","14":"sale","15":"shipping-taxable","16":"purchasable","17":"product-type-simple"},"_links":{"self":[{"href":"https:\/\/roveyayinevi.com.tr\/index.php\/wp-json\/wp\/v2\/product\/757633","targetHints":{"allow":["GET"]}}],"collection":[{"href":"https:\/\/roveyayinevi.com.tr\/index.php\/wp-json\/wp\/v2\/product"}],"about":[{"href":"https:\/\/roveyayinevi.com.tr\/index.php\/wp-json\/wp\/v2\/types\/product"}],"wp:attachment":[{"href":"https:\/\/roveyayinevi.com.tr\/index.php\/wp-json\/wp\/v2\/media?parent=757633"}],"wp:term":[{"taxonomy":"product_brand","embeddable":true,"href":"https:\/\/roveyayinevi.com.tr\/index.php\/wp-json\/wp\/v2\/product_brand?post=757633"},{"taxonomy":"product_cat","embeddable":true,"href":"https:\/\/roveyayinevi.com.tr\/index.php\/wp-json\/wp\/v2\/product_cat?post=757633"},{"taxonomy":"product_tag","embeddable":true,"href":"https:\/\/roveyayinevi.com.tr\/index.php\/wp-json\/wp\/v2\/product_tag?post=757633"}],"curies":[{"name":"wp","href":"https:\/\/api.w.org\/{rel}","templated":true}]}}