{"id":757631,"date":"2025-08-28T07:41:34","date_gmt":"2025-08-28T04:41:34","guid":{"rendered":"https:\/\/roveyayinevi.com.tr\/index.php\/urun\/petro-kiyamet-kuresel-enerji-krizi-nasil-cozulemeyecek\/"},"modified":"2026-04-16T03:10:44","modified_gmt":"2026-04-16T00:10:44","slug":"petro-kiyamet-kuresel-enerji-krizi-nasil-cozulemeyecek","status":"publish","type":"product","link":"https:\/\/roveyayinevi.com.tr\/index.php\/urun\/petro-kiyamet-kuresel-enerji-krizi-nasil-cozulemeyecek\/","title":{"rendered":"Petro-K\u0131yamet K\u00fcresel Enerji Krizi Nas\u0131l \u00c7\u00f6z\u00fcle(meye)cek?"},"content":{"rendered":"<p>Mevcut k\u00fcresel ekonomik sistem ba\u015fat bir zorunlulukla i\u015fliyor: b\u00fcy\u00fcme. Antonio Turiel gibi biliminsanlar\u0131 ise uzun y\u0131llard\u0131r, b\u00fcy\u00fcmeyi m\u00fcmk\u00fcn k\u0131lan\u0131n ucuz ve kolay eri\u015filebilir enerji oldu\u011funu vurguluyorlar. Yo\u011funlu\u011fu, \u00e7ok y\u00f6nl\u00fc kullan\u0131m\u0131 ve nakliyeye elveri\u015flili\u011fi a\u00e7\u0131s\u0131ndan petrol ku\u015fkusuz en temel ve asli enerji kayna\u011f\u0131. Kitab\u0131n temel tezi \u015fu: Yak\u0131n gelecekte ya\u015fant\u0131m\u0131z\u0131 ve toplumlar\u0131n i\u015fleyi\u015fini k\u00f6kten de\u011fi\u015ftirecek k\u00fcresel bir sorunla kar\u015f\u0131 kar\u015f\u0131yay\u0131z. Bol ve ucuz enerji \u00e7a\u011f\u0131n\u0131n sonuna geldik. K\u00fcresel enerji t\u00fcketiminin \u00fc\u00e7te birini olu\u015fturan petrolde \u00fcretim zirvesi muhtemelen 2018\u2019de ger\u00e7ekle\u015fti, b\u00fcy\u00fck \u00e7evresel maliyetlerle yerine kullan\u0131labilecek hidrokarbonlar\u0131n (k\u00f6m\u00fcr, do\u011fal gaz) zirvesine ise en \u00e7ok birka\u00e7 ony\u0131l i\u00e7inde ula\u015f\u0131lacak. Petrol rezervleri muazzam olsa da \u00e7\u0131karma ve \u00fcretme h\u0131z\u0131 ve karl\u0131l\u0131\u011f\u0131, fiziksel etkenler y\u00fcz\u00fcnden s\u0131n\u0131rl\u0131. Bu s\u0131n\u0131ra ula\u015fm\u0131\u015f durumday\u0131z. Petrol temelli enerji sistemine olas\u0131 alternatiflerin bilimsel bir analizini sunan Turiel \u201cyenilenebilir\u201d enerjiler konusunda vaat edilenlerin neden ger\u00e7ekle\u015femeyece\u011fini a\u00e7\u0131kl\u0131kla ortaya koyarak, b\u00fcy\u00fck bir d\u00f6n\u00fc\u015f\u00fcm\u00fcn e\u015fi\u011finde oldu\u011fumuzu haber veriyor. Bu d\u00f6n\u00fc\u015f\u00fcm\u00fc m\u00fcmk\u00fcn mertebe \u015fekillendirme imk\u00e2n\u0131 ve iradesi \u00f6ncelikle fark\u0131ndal\u0131\u011f\u0131 gerektiriyor. <\/p>\n","protected":false},"excerpt":{"rendered":"<p>Mevcut k\u00fcresel ekonomik sistem ba\u015fat bir zorunlulukla i\u015fliyor: b\u00fcy\u00fcme. Antonio Turiel gibi biliminsanlar\u0131 ise uzun y\u0131llard\u0131r, b\u00fcy\u00fcmeyi m\u00fcmk\u00fcn k\u0131lan\u0131n ucuz ve kolay eri\u015filebilir enerji oldu\u011funu vurguluyorlar.<span class=\"excerpt-hellip\"> [\u2026]<\/span><\/p>\n","protected":false},"featured_media":0,"template":"","meta":{"_monsterinsights_skip_tracking":false,"_monsterinsights_sitenote_active":false,"_monsterinsights_sitenote_note":"","_monsterinsights_sitenote_category":0},"product_brand":[],"product_cat":[13005,13006],"product_tag":[],"class_list":{"0":"post-757631","1":"product","2":"type-product","3":"status-publish","5":"product_cat-bilim-muhendislik","6":"product_cat-populer-bilim","7":"pa_cilt-ciltsiz","8":"pa_tur-kitap","9":"pa_yayinevi-is-bankasi-kultur-yayinlari","10":"pa_yazar-antonio-turiel","12":"first","13":"instock","14":"sale","15":"shipping-taxable","16":"purchasable","17":"product-type-simple"},"_links":{"self":[{"href":"https:\/\/roveyayinevi.com.tr\/index.php\/wp-json\/wp\/v2\/product\/757631","targetHints":{"allow":["GET"]}}],"collection":[{"href":"https:\/\/roveyayinevi.com.tr\/index.php\/wp-json\/wp\/v2\/product"}],"about":[{"href":"https:\/\/roveyayinevi.com.tr\/index.php\/wp-json\/wp\/v2\/types\/product"}],"wp:attachment":[{"href":"https:\/\/roveyayinevi.com.tr\/index.php\/wp-json\/wp\/v2\/media?parent=757631"}],"wp:term":[{"taxonomy":"product_brand","embeddable":true,"href":"https:\/\/roveyayinevi.com.tr\/index.php\/wp-json\/wp\/v2\/product_brand?post=757631"},{"taxonomy":"product_cat","embeddable":true,"href":"https:\/\/roveyayinevi.com.tr\/index.php\/wp-json\/wp\/v2\/product_cat?post=757631"},{"taxonomy":"product_tag","embeddable":true,"href":"https:\/\/roveyayinevi.com.tr\/index.php\/wp-json\/wp\/v2\/product_tag?post=757631"}],"curies":[{"name":"wp","href":"https:\/\/api.w.org\/{rel}","templated":true}]}}