{"id":757630,"date":"2025-08-28T07:41:31","date_gmt":"2025-08-28T04:41:31","guid":{"rendered":"https:\/\/roveyayinevi.com.tr\/index.php\/urun\/rubab-i-sikeste-kirik-saz-butun-siirleri-2-ciltli\/"},"modified":"2026-04-16T03:10:44","modified_gmt":"2026-04-16T00:10:44","slug":"rubab-i-sikeste-kirik-saz-butun-siirleri-2-ciltli","status":"publish","type":"product","link":"https:\/\/roveyayinevi.com.tr\/index.php\/urun\/rubab-i-sikeste-kirik-saz-butun-siirleri-2-ciltli\/","title":{"rendered":"R\u00fcbab-\u0131 \u015eikeste &#8211; K\u0131r\u0131k Saz &#8211; B\u00fct\u00fcn \u015eiirleri-2 (Ciltli)"},"content":{"rendered":"<p>R\u00fcb\u00e2b-\u0131 \u015eikeste\u2019de \u00e2\u015f\u0131kane \u015fiirlerden ziyade toplumsal iniltiler vard\u0131r.                                                                                                     Mehmet Rauf, Servet-i F\u00fcn\u00fbn, 1900 Fikret\u2019e k\u00fc\u00e7\u00fck bir burjuva ayd\u0131n\u0131yd\u0131 demekle onun memlekete yapt\u0131\u011f\u0131 muazzam hizmetleri, sanatta ula\u015ft\u0131\u011f\u0131 ba\u015f d\u00f6nd\u00fcr\u00fcc\u00fc merhaleyi ink\u00e2r etmiyoruz. B\u00fcy\u00fck ve ana hatt\u0131nda, iyi manada \u2018insaniyet\u00e7i\u2019 \u015fair Tevfik Fikret\u2019in faaliyet g\u00f6sterdi\u011fi devirde, i\u00e7inde bulundu\u011fu muhitte ba\u015fka t\u00fcrl\u00fc de olmas\u0131 m\u00fcmk\u00fcn de\u011fildi. Fikret ya\u015fad\u0131\u011f\u0131 devirde, bulundu\u011fu muhitte, en iyi ve en ileri ne olmak m\u00fcmk\u00fcnse onu olmu\u015ftur&#8230;                                        N\u00e2z\u0131m Hikmet, Resimli Ay, 1930 Fikret\u2019in aruz veznini kullan\u0131\u015f tarz\u0131ndaki yeniliklerden \u00e7ok daha m\u00fchim olarak edebiyat\u0131m\u0131za ilave etti\u011fi \u015fey, o zamana kadar pek a\u015finas\u0131 olmad\u0131\u011f\u0131m\u0131z sosyal ve insani mevzular\u0131 ele almak, taassuba ve irticaya kar\u015f\u0131 ilk itiraz bayra\u011f\u0131n\u0131 kald\u0131rmak gibi her zaman takdir edilecek, \u00f6rnek al\u0131nacak cesaretidir.                                                                                  Sabahattin Ali, Yeni Adam, 1939 Edebiyat-\u0131 Cedide ak\u0131m\u0131n \u00f6nemli temsilcilerinde Tevfik Fikret, \u015fiirimizin Bat\u0131l\u0131la\u015fmas\u0131nda, yeni bir g\u00f6r\u00fc\u015f, duyarl\u0131k, deyi\u015f ve imgeye ula\u015fmas\u0131nda en \u00e7ok eme\u011fi ge\u00e7en edebiyat\u00e7\u0131lar\u0131m\u0131zdand\u0131r. As\u0131m Bezirci\u2019nin g\u00fcn\u00fcm\u00fcz T\u00fcrk\u00e7esine uyarlad\u0131\u011f\u0131 Tevfik Fikret\u2019in b\u00fct\u00fcn \u015fiirlerinin ikinci cildi R\u00fcb\u00e2b-\u0131 \u015eikeste y\u0131llar sonra, yeni edisyonuyla edebiyatseverlerle bulu\u015fuyor. <\/p>\n","protected":false},"excerpt":{"rendered":"<p>R\u00fcb\u00e2b-\u0131 \u015eikeste\u2019de \u00e2\u015f\u0131kane \u015fiirlerden ziyade toplumsal iniltiler vard\u0131r. Mehmet Rauf, Servet-i F\u00fcn\u00fbn, 1900 Fikret\u2019e k\u00fc\u00e7\u00fck bir burjuva ayd\u0131n\u0131yd\u0131 demekle onun memlekete yapt\u0131\u011f\u0131 muazzam hizmetleri, sanatta ula\u015ft\u0131\u011f\u0131<span class=\"excerpt-hellip\"> [\u2026]<\/span><\/p>\n","protected":false},"featured_media":0,"template":"","meta":{"_monsterinsights_skip_tracking":false,"_monsterinsights_sitenote_active":false,"_monsterinsights_sitenote_note":"","_monsterinsights_sitenote_category":0},"product_brand":[],"product_cat":[12291,12509],"product_tag":[],"class_list":{"0":"post-757630","1":"product","2":"type-product","3":"status-publish","5":"product_cat-edebiyat","6":"product_cat-siir","7":"pa_cilt-ciltli","8":"pa_tur-kitap","9":"pa_yayinevi-is-bankasi-kultur-yayinlari","10":"pa_yazar-tevfik-fikret","12":"first","13":"instock","14":"sale","15":"shipping-taxable","16":"purchasable","17":"product-type-simple"},"_links":{"self":[{"href":"https:\/\/roveyayinevi.com.tr\/index.php\/wp-json\/wp\/v2\/product\/757630","targetHints":{"allow":["GET"]}}],"collection":[{"href":"https:\/\/roveyayinevi.com.tr\/index.php\/wp-json\/wp\/v2\/product"}],"about":[{"href":"https:\/\/roveyayinevi.com.tr\/index.php\/wp-json\/wp\/v2\/types\/product"}],"wp:attachment":[{"href":"https:\/\/roveyayinevi.com.tr\/index.php\/wp-json\/wp\/v2\/media?parent=757630"}],"wp:term":[{"taxonomy":"product_brand","embeddable":true,"href":"https:\/\/roveyayinevi.com.tr\/index.php\/wp-json\/wp\/v2\/product_brand?post=757630"},{"taxonomy":"product_cat","embeddable":true,"href":"https:\/\/roveyayinevi.com.tr\/index.php\/wp-json\/wp\/v2\/product_cat?post=757630"},{"taxonomy":"product_tag","embeddable":true,"href":"https:\/\/roveyayinevi.com.tr\/index.php\/wp-json\/wp\/v2\/product_tag?post=757630"}],"curies":[{"name":"wp","href":"https:\/\/api.w.org\/{rel}","templated":true}]}}