{"id":757625,"date":"2025-08-28T07:40:48","date_gmt":"2025-08-28T04:40:48","guid":{"rendered":"https:\/\/roveyayinevi.com.tr\/index.php\/urun\/dublinliler-4\/"},"modified":"2026-04-16T03:10:44","modified_gmt":"2026-04-16T00:10:44","slug":"dublinliler-4","status":"publish","type":"product","link":"https:\/\/roveyayinevi.com.tr\/index.php\/urun\/dublinliler-4\/","title":{"rendered":"Dublinliler"},"content":{"rendered":"<p>Dublinliler James Joyce\u2019un ilk b\u00fcy\u00fck yap\u0131t\u0131d\u0131r. 1914\u2019te yay\u0131mlanan bu derlemede yer alan 15 \u00f6yk\u00fcn\u00fcn farkl\u0131 karakterleri ve olay \u00f6rg\u00fcleri olsa da, hepsi de 20. y\u00fczy\u0131l ba\u015f\u0131nda Dublin\u2019de ya\u015fayan orta s\u0131n\u0131ftan insanlar\u0131n hayatlar\u0131ndan kesitler sunar. Joyce bizi t\u00fcccarlar\u0131n, memurlar\u0131n, k\u00e2tiplerin, tezg\u00e2htarlar\u0131n k\u00fc\u00e7\u00fck burjuva d\u00fcnyas\u0131nda gezintiye \u00e7\u0131kar\u0131r. Mutsuz karakterleri kiral\u0131k odalardan, pansiyonlardan, sokaklardan ve pub\u2019lardan olu\u015fan d\u00fcnyalar\u0131nda; hayal k\u0131r\u0131kl\u0131klar\u0131yla, yaln\u0131zl\u0131kla ve kasvetle dolu bir hayat\u0131n i\u00e7inde s\u0131k\u0131\u015f\u0131p kalm\u0131\u015f, adeta fel\u00e7 olmu\u015flard\u0131r. \u0130rlanda\u2019n\u0131n yeni bir ulusal kimlik aray\u0131\u015f\u0131nda oldu\u011fu o d\u00f6nemde, Joyce yaln\u0131zca ulusal kimli\u011fin de\u011fil, bireylerin kimliklerinin de felce u\u011frad\u0131\u011f\u0131n\u0131 g\u00f6zlemler.Bu \u00f6yk\u00fclerin bir di\u011fer ortak \u00f6zelli\u011fi de, karakterlerin ya\u015fad\u0131klar\u0131 \u201cepifanya\u201d anlar\u0131d\u0131r. \u0130sa\u2019n\u0131n paganlara ve m\u00fcneccimlere g\u00f6r\u00fcnmesi anlam\u0131na gelen \u201cepifanya\u201d terimini, Joyce bir ki\u015fi ya da olayla ilgili as\u0131l ger\u00e7e\u011fin birdenbire ortaya \u00e7\u0131kmas\u0131yla karakterlerinin ya\u015fad\u0131\u011f\u0131 ayd\u0131nlanma anlar\u0131n\u0131 ifade etmek i\u00e7in kullan\u0131r. Dublinliler\u2019de bu d\u00f6n\u00fc\u015ft\u00fcr\u00fcc\u00fc deneyimin doru\u011fa \u00e7\u0131kt\u0131\u011f\u0131 \u00f6yk\u00fc ise ba\u015fl\u0131 ba\u015f\u0131na bir m\u00fccevher, \u201c\u0130ngiliz dilinde yaz\u0131lm\u0131\u015f en g\u00fczel \u00f6yk\u00fc\u201d olarak kabul edilen \u201c\u00d6l\u00fcler\u201ddir. *K\u0131z Karde\u015fler *Bir Kar\u015f\u0131lama *Araby *Eveline *Yar\u0131\u015ftan Sonra *\u0130ki Delifi\u015fek *Pansiyon *K\u00fc\u00e7\u00fck Bir Bulut *Suretler *Toprak *Elim Bir Hadise *Kurul Odas\u0131nda Sarma\u015f\u0131k G\u00fcn\u00fc *Bir Anne *Tanr\u0131\u2019n\u0131n \u0130nayeti *\u00d6l\u00fcler<\/p>\n","protected":false},"excerpt":{"rendered":"<p>Dublinliler James Joyce\u2019un ilk b\u00fcy\u00fck yap\u0131t\u0131d\u0131r. 1914\u2019te yay\u0131mlanan bu derlemede yer alan 15 \u00f6yk\u00fcn\u00fcn farkl\u0131 karakterleri ve olay \u00f6rg\u00fcleri olsa da, hepsi de 20. y\u00fczy\u0131l ba\u015f\u0131nda<span class=\"excerpt-hellip\"> [\u2026]<\/span><\/p>\n","protected":false},"featured_media":0,"template":"","meta":{"_monsterinsights_skip_tracking":false,"_monsterinsights_sitenote_active":false,"_monsterinsights_sitenote_note":"","_monsterinsights_sitenote_category":0},"product_brand":[],"product_cat":[12291,18202],"product_tag":[],"class_list":{"0":"post-757625","1":"product","2":"type-product","3":"status-publish","5":"product_cat-edebiyat","6":"product_cat-hikaye","7":"pa_cilt-ciltsiz","8":"pa_tur-kitap","9":"pa_yayinevi-is-bankasi-kultur-yayinlari","10":"pa_yazar-james-joyce","12":"first","13":"instock","14":"sale","15":"shipping-taxable","16":"purchasable","17":"product-type-simple"},"_links":{"self":[{"href":"https:\/\/roveyayinevi.com.tr\/index.php\/wp-json\/wp\/v2\/product\/757625","targetHints":{"allow":["GET"]}}],"collection":[{"href":"https:\/\/roveyayinevi.com.tr\/index.php\/wp-json\/wp\/v2\/product"}],"about":[{"href":"https:\/\/roveyayinevi.com.tr\/index.php\/wp-json\/wp\/v2\/types\/product"}],"wp:attachment":[{"href":"https:\/\/roveyayinevi.com.tr\/index.php\/wp-json\/wp\/v2\/media?parent=757625"}],"wp:term":[{"taxonomy":"product_brand","embeddable":true,"href":"https:\/\/roveyayinevi.com.tr\/index.php\/wp-json\/wp\/v2\/product_brand?post=757625"},{"taxonomy":"product_cat","embeddable":true,"href":"https:\/\/roveyayinevi.com.tr\/index.php\/wp-json\/wp\/v2\/product_cat?post=757625"},{"taxonomy":"product_tag","embeddable":true,"href":"https:\/\/roveyayinevi.com.tr\/index.php\/wp-json\/wp\/v2\/product_tag?post=757625"}],"curies":[{"name":"wp","href":"https:\/\/api.w.org\/{rel}","templated":true}]}}