{"id":757621,"date":"2025-08-28T07:40:41","date_gmt":"2025-08-28T04:40:41","guid":{"rendered":"https:\/\/roveyayinevi.com.tr\/index.php\/urun\/menua-kanali\/"},"modified":"2026-01-30T03:47:39","modified_gmt":"2026-01-30T00:47:39","slug":"menua-kanali","status":"publish","type":"product","link":"https:\/\/roveyayinevi.com.tr\/index.php\/urun\/menua-kanali\/","title":{"rendered":"Menua Kanal\u0131"},"content":{"rendered":"<p>Bu roman, Biainili Krall\u0131\u011f\u0131\u2019nda ya\u015fanm\u0131\u015f ve Assur istihbarat kay\u0131tlar\u0131nda ge\u00e7en, ger\u00e7ek bir olaya dayan\u0131r. Ancak esas itibari ile siyaset felsefesinin edeb\u00ee h\u00e2le d\u00f6k\u00fclm\u00fc\u015f, m\u00fctevaz\u0131 bir denemesidir. Evet, tarih tekerr\u00fcrden ibarettir ve bu hik\u00e2ye de her as\u0131rda, her millette, her co\u011frafyada hep ya\u015fanagelmi\u015ftir ki kuvvetle muhtemel, ila nihaye devam edecektir. \u0130\u015fte bu cihetle kitap; \u0130bn-i Haldun, Machiavelli, Hannah Arendt gibi bir\u00e7ok d\u00fc\u015f\u00fcn\u00fcr\u00fcn tespit etti\u011fi ger\u00e7ekleri, kendi hayat\u0131 ile ac\u0131 bir \u015fekilde teyit ve tasdik eden birinin, gelecek ku\u015faklara bu minvalde na\u00e7izane bir ikaz\u0131d\u0131r.  <\/p>\n","protected":false},"excerpt":{"rendered":"<p>Bu roman, Biainili Krall\u0131\u011f\u0131\u2019nda ya\u015fanm\u0131\u015f ve Assur istihbarat kay\u0131tlar\u0131nda ge\u00e7en, ger\u00e7ek bir olaya dayan\u0131r. Ancak esas itibari ile siyaset felsefesinin edeb\u00ee h\u00e2le d\u00f6k\u00fclm\u00fc\u015f, m\u00fctevaz\u0131 bir denemesidir.<span class=\"excerpt-hellip\"> [\u2026]<\/span><\/p>\n","protected":false},"featured_media":0,"template":"","meta":{"_monsterinsights_skip_tracking":false,"_monsterinsights_sitenote_active":false,"_monsterinsights_sitenote_note":"","_monsterinsights_sitenote_category":0},"product_brand":[],"product_cat":[12291,12711],"product_tag":[],"class_list":{"0":"post-757621","1":"product","2":"type-product","3":"status-publish","5":"product_cat-edebiyat","6":"product_cat-roman-oyku","7":"pa_cilt-ciltsiz","8":"pa_tur-kitap","9":"pa_yayinevi-vova-yayinlari","10":"pa_yazar-m-mustafa-hakan","12":"first","13":"instock","14":"sale","15":"shipping-taxable","16":"purchasable","17":"product-type-simple"},"_links":{"self":[{"href":"https:\/\/roveyayinevi.com.tr\/index.php\/wp-json\/wp\/v2\/product\/757621","targetHints":{"allow":["GET"]}}],"collection":[{"href":"https:\/\/roveyayinevi.com.tr\/index.php\/wp-json\/wp\/v2\/product"}],"about":[{"href":"https:\/\/roveyayinevi.com.tr\/index.php\/wp-json\/wp\/v2\/types\/product"}],"wp:attachment":[{"href":"https:\/\/roveyayinevi.com.tr\/index.php\/wp-json\/wp\/v2\/media?parent=757621"}],"wp:term":[{"taxonomy":"product_brand","embeddable":true,"href":"https:\/\/roveyayinevi.com.tr\/index.php\/wp-json\/wp\/v2\/product_brand?post=757621"},{"taxonomy":"product_cat","embeddable":true,"href":"https:\/\/roveyayinevi.com.tr\/index.php\/wp-json\/wp\/v2\/product_cat?post=757621"},{"taxonomy":"product_tag","embeddable":true,"href":"https:\/\/roveyayinevi.com.tr\/index.php\/wp-json\/wp\/v2\/product_tag?post=757621"}],"curies":[{"name":"wp","href":"https:\/\/api.w.org\/{rel}","templated":true}]}}