{"id":757620,"date":"2025-08-28T07:40:39","date_gmt":"2025-08-28T04:40:39","guid":{"rendered":"https:\/\/roveyayinevi.com.tr\/index.php\/urun\/adres-biraktim\/"},"modified":"2026-01-30T03:47:39","modified_gmt":"2026-01-30T00:47:39","slug":"adres-biraktim","status":"publish","type":"product","link":"https:\/\/roveyayinevi.com.tr\/index.php\/urun\/adres-biraktim\/","title":{"rendered":"Adres B\u0131rakt\u0131m"},"content":{"rendered":"<p>Seni sevdi\u011fim i\u00e7in kendimi su\u00e7lu say\u0131p Bu gece g\u00f6ky\u00fcz\u00fcnden bir y\u0131ld\u0131z gibi kay\u0131p Son damlas\u0131na kadar feryat figan a\u011flay\u0131p G\u00f6zya\u015f\u0131mla yazd\u0131\u011f\u0131m adresimi b\u0131rakt\u0131m <\/p>\n","protected":false},"excerpt":{"rendered":"<p>Seni sevdi\u011fim i\u00e7in kendimi su\u00e7lu say\u0131p Bu gece g\u00f6ky\u00fcz\u00fcnden bir y\u0131ld\u0131z gibi kay\u0131p Son damlas\u0131na kadar feryat figan a\u011flay\u0131p G\u00f6zya\u015f\u0131mla yazd\u0131\u011f\u0131m adresimi b\u0131rakt\u0131m<\/p>\n","protected":false},"featured_media":0,"template":"","meta":{"_monsterinsights_skip_tracking":false,"_monsterinsights_sitenote_active":false,"_monsterinsights_sitenote_note":"","_monsterinsights_sitenote_category":0},"product_brand":[],"product_cat":[12291,12509],"product_tag":[],"class_list":{"0":"post-757620","1":"product","2":"type-product","3":"status-publish","5":"product_cat-edebiyat","6":"product_cat-siir","7":"pa_cilt-ciltsiz","8":"pa_tur-kitap","9":"pa_yayinevi-vova-yayinlari","10":"pa_yazar-kadir-yildiz","12":"first","13":"instock","14":"sale","15":"shipping-taxable","16":"purchasable","17":"product-type-simple"},"_links":{"self":[{"href":"https:\/\/roveyayinevi.com.tr\/index.php\/wp-json\/wp\/v2\/product\/757620","targetHints":{"allow":["GET"]}}],"collection":[{"href":"https:\/\/roveyayinevi.com.tr\/index.php\/wp-json\/wp\/v2\/product"}],"about":[{"href":"https:\/\/roveyayinevi.com.tr\/index.php\/wp-json\/wp\/v2\/types\/product"}],"wp:attachment":[{"href":"https:\/\/roveyayinevi.com.tr\/index.php\/wp-json\/wp\/v2\/media?parent=757620"}],"wp:term":[{"taxonomy":"product_brand","embeddable":true,"href":"https:\/\/roveyayinevi.com.tr\/index.php\/wp-json\/wp\/v2\/product_brand?post=757620"},{"taxonomy":"product_cat","embeddable":true,"href":"https:\/\/roveyayinevi.com.tr\/index.php\/wp-json\/wp\/v2\/product_cat?post=757620"},{"taxonomy":"product_tag","embeddable":true,"href":"https:\/\/roveyayinevi.com.tr\/index.php\/wp-json\/wp\/v2\/product_tag?post=757620"}],"curies":[{"name":"wp","href":"https:\/\/api.w.org\/{rel}","templated":true}]}}