{"id":757619,"date":"2025-08-28T07:40:37","date_gmt":"2025-08-28T04:40:37","guid":{"rendered":"https:\/\/roveyayinevi.com.tr\/index.php\/urun\/bu-sene-sular-daha-bi-soguk\/"},"modified":"2026-01-30T03:47:39","modified_gmt":"2026-01-30T00:47:39","slug":"bu-sene-sular-daha-bi-soguk","status":"publish","type":"product","link":"https:\/\/roveyayinevi.com.tr\/index.php\/urun\/bu-sene-sular-daha-bi-soguk\/","title":{"rendered":"Bu Sene Sular Daha Bi So\u011fuk"},"content":{"rendered":"<p>HO\u015e GELD\u0130M! Sevgili okuyucum. \u0130kinci hik\u00e2ye kitab\u0131mla bulu\u015fuyoruz. Kitab\u0131mda \u00f6zelde Rize\u2019nin (Do\u011fu Karadeniz) insan\u0131n\u0131, mekan\u0131n\u0131, b\u00f6rt\u00fc b\u00f6ce\u011fini hik\u00e2ye etme \u00e7abamla olu\u015fturdu\u011fum on bir yeni hik\u00e2ye var. Zihin deklan\u015f\u00f6r\u00fcmle kaydetti\u011fim baz\u0131 anlar\u0131, ki\u015fileri, mekanlar\u0131 kurmaca ile anlatmaya \u00e7abas\u0131nday\u0131m. Ayr\u0131ca hikayelerimde yerel s\u00f6zc\u00fckleri yer yer serpi\u015ftirme gayretimi c\u00fcmlelerimde g\u00f6rebilirsiniz. <\/p>\n","protected":false},"excerpt":{"rendered":"<p>HO\u015e GELD\u0130M! Sevgili okuyucum. \u0130kinci hik\u00e2ye kitab\u0131mla bulu\u015fuyoruz. Kitab\u0131mda \u00f6zelde Rize\u2019nin (Do\u011fu Karadeniz) insan\u0131n\u0131, mekan\u0131n\u0131, b\u00f6rt\u00fc b\u00f6ce\u011fini hik\u00e2ye etme \u00e7abamla olu\u015fturdu\u011fum on bir yeni hik\u00e2ye var.<span class=\"excerpt-hellip\"> [\u2026]<\/span><\/p>\n","protected":false},"featured_media":0,"template":"","meta":{"_monsterinsights_skip_tracking":false,"_monsterinsights_sitenote_active":false,"_monsterinsights_sitenote_note":"","_monsterinsights_sitenote_category":0},"product_brand":[],"product_cat":[12291,18202],"product_tag":[],"class_list":{"0":"post-757619","1":"product","2":"type-product","3":"status-publish","5":"product_cat-edebiyat","6":"product_cat-hikaye","7":"pa_cilt-ciltsiz","8":"pa_tur-kitap","9":"pa_yayinevi-vova-yayinlari","10":"pa_yazar-sadik-dal","12":"first","13":"instock","14":"sale","15":"shipping-taxable","16":"purchasable","17":"product-type-simple"},"_links":{"self":[{"href":"https:\/\/roveyayinevi.com.tr\/index.php\/wp-json\/wp\/v2\/product\/757619","targetHints":{"allow":["GET"]}}],"collection":[{"href":"https:\/\/roveyayinevi.com.tr\/index.php\/wp-json\/wp\/v2\/product"}],"about":[{"href":"https:\/\/roveyayinevi.com.tr\/index.php\/wp-json\/wp\/v2\/types\/product"}],"wp:attachment":[{"href":"https:\/\/roveyayinevi.com.tr\/index.php\/wp-json\/wp\/v2\/media?parent=757619"}],"wp:term":[{"taxonomy":"product_brand","embeddable":true,"href":"https:\/\/roveyayinevi.com.tr\/index.php\/wp-json\/wp\/v2\/product_brand?post=757619"},{"taxonomy":"product_cat","embeddable":true,"href":"https:\/\/roveyayinevi.com.tr\/index.php\/wp-json\/wp\/v2\/product_cat?post=757619"},{"taxonomy":"product_tag","embeddable":true,"href":"https:\/\/roveyayinevi.com.tr\/index.php\/wp-json\/wp\/v2\/product_tag?post=757619"}],"curies":[{"name":"wp","href":"https:\/\/api.w.org\/{rel}","templated":true}]}}