{"id":757618,"date":"2025-08-28T07:40:36","date_gmt":"2025-08-28T04:40:36","guid":{"rendered":"https:\/\/roveyayinevi.com.tr\/index.php\/urun\/dilin-gucu\/"},"modified":"2026-04-16T03:10:44","modified_gmt":"2026-04-16T00:10:44","slug":"dilin-gucu","status":"publish","type":"product","link":"https:\/\/roveyayinevi.com.tr\/index.php\/urun\/dilin-gucu\/","title":{"rendered":"Dilin G\u00fcc\u00fc"},"content":{"rendered":"<p>G\u00fcn\u00fcm\u00fczde dil, manip\u00fcle etmek, g\u00fc\u00e7 ve \u015fiddet uygulamak i\u00e7in kullan\u0131labiliyor. Medya arac\u0131l\u0131\u011f\u0131yla yay\u0131lan yalan haberler belirsizlik yarat\u0131yor. Ter\u00f6rist ya da antisemit olmakla su\u00e7lanmak kariyer, hatta ya\u015fam ve \u00f6l\u00fcm aras\u0131nda fark yaratabiliyor. Bu kitapta yer alan makaleler, \u00f6nemli politik kavramlar\u0131n k\u00f6t\u00fcye kullan\u0131m\u0131n\u0131 analiz ediyor. Bu kavramlar\u0131 kim, nas\u0131l, ne zaman ve ne ama\u00e7la kullan\u0131yor? Birileri birka\u00e7 kelimeyle d\u00fcnyay\u0131 iyi ve k\u00f6t\u00fc olarak ikiye b\u00f6ld\u00fc\u011f\u00fcnde, su\u00e7u mazur g\u00f6sterdi\u011finde, muhalifleri yok etti\u011finde ve bizi kendilerinin su\u00e7 orta\u011f\u0131 yapmak istedi\u011finde bu duruma kar\u015f\u0131 ele\u015ftirel uyan\u0131kl\u0131k gerekir.\u00d6zg\u00fcrl\u00fck, demokrasi ya da elitler. Bu kavramlarla neyin kastedildi\u011fi a\u00e7\u0131k m\u0131? Birinin ter\u00f6risti di\u011ferinin \u00f6zg\u00fcrl\u00fck sava\u015f\u00e7\u0131s\u0131d\u0131r. Bu ve di\u011fer politik kavramlar, mu\u011flak ve \u00e7ok anlaml\u0131 olabilseler de ger\u00e7ek bir etkiye ve b\u00fcy\u00fck bir karizmaya sahipler. Bu \u00f6zellikler de bu kavramlar\u0131 politik m\u00fccadelede \u00e7ekici silahlar haline getiriyor. Toplumu yan\u0131ltmaya y\u00f6nelik giri\u015fimler her yerde mevcut. Dilin G\u00fcc\u00fc, yan\u0131lt\u0131lmak istemeyenler i\u00e7in temel bir ba\u015fvuru kitab\u0131. <\/p>\n","protected":false},"excerpt":{"rendered":"<p>G\u00fcn\u00fcm\u00fczde dil, manip\u00fcle etmek, g\u00fc\u00e7 ve \u015fiddet uygulamak i\u00e7in kullan\u0131labiliyor. Medya arac\u0131l\u0131\u011f\u0131yla yay\u0131lan yalan haberler belirsizlik yarat\u0131yor. Ter\u00f6rist ya da antisemit olmakla su\u00e7lanmak kariyer, hatta ya\u015fam<span class=\"excerpt-hellip\"> [\u2026]<\/span><\/p>\n","protected":false},"featured_media":0,"template":"","meta":{"_monsterinsights_skip_tracking":false,"_monsterinsights_sitenote_active":false,"_monsterinsights_sitenote_note":"","_monsterinsights_sitenote_category":0},"product_brand":[],"product_cat":[12337],"product_tag":[],"class_list":{"0":"post-757618","1":"product","2":"type-product","3":"status-publish","5":"product_cat-politika-siyaset","6":"pa_cilt-ciltsiz","7":"pa_tur-kitap","8":"pa_yayinevi-nika-yayinevi","9":"pa_yazar-kolektif","11":"first","12":"instock","13":"sale","14":"shipping-taxable","15":"purchasable","16":"product-type-simple"},"_links":{"self":[{"href":"https:\/\/roveyayinevi.com.tr\/index.php\/wp-json\/wp\/v2\/product\/757618","targetHints":{"allow":["GET"]}}],"collection":[{"href":"https:\/\/roveyayinevi.com.tr\/index.php\/wp-json\/wp\/v2\/product"}],"about":[{"href":"https:\/\/roveyayinevi.com.tr\/index.php\/wp-json\/wp\/v2\/types\/product"}],"wp:attachment":[{"href":"https:\/\/roveyayinevi.com.tr\/index.php\/wp-json\/wp\/v2\/media?parent=757618"}],"wp:term":[{"taxonomy":"product_brand","embeddable":true,"href":"https:\/\/roveyayinevi.com.tr\/index.php\/wp-json\/wp\/v2\/product_brand?post=757618"},{"taxonomy":"product_cat","embeddable":true,"href":"https:\/\/roveyayinevi.com.tr\/index.php\/wp-json\/wp\/v2\/product_cat?post=757618"},{"taxonomy":"product_tag","embeddable":true,"href":"https:\/\/roveyayinevi.com.tr\/index.php\/wp-json\/wp\/v2\/product_tag?post=757618"}],"curies":[{"name":"wp","href":"https:\/\/api.w.org\/{rel}","templated":true}]}}