{"id":757617,"date":"2025-08-28T07:40:35","date_gmt":"2025-08-28T04:40:35","guid":{"rendered":"https:\/\/roveyayinevi.com.tr\/index.php\/urun\/kentsel-morfoloji\/"},"modified":"2026-04-16T03:10:44","modified_gmt":"2026-04-16T00:10:44","slug":"kentsel-morfoloji","status":"publish","type":"product","link":"https:\/\/roveyayinevi.com.tr\/index.php\/urun\/kentsel-morfoloji\/","title":{"rendered":"Kentsel Morfoloji"},"content":{"rendered":"<p>Kentlerin bi\u00e7imini, fiziksel dokuyu olu\u015fturan bi\u00e7imsel ve yap\u0131sal \u00f6\u011feleri, bu \u00f6\u011felerin bir araya gelme ko\u015fullar\u0131n\u0131, kent bi\u00e7iminde olu\u015fum, de\u011fi\u015fim ve d\u00f6n\u00fc\u015f\u00fcme neden olan s\u00fcre\u00e7leri ve akt\u00f6rleri inceleyen bir uzmanl\u0131k alan\u0131 olan kentsel morfoloji, kentin farkl\u0131 katmanlar\u0131n\u0131n tarihsel perspektifte analizi kadar, bug\u00fcn\u00fcn anla\u015f\u0131lmas\u0131yla da ilgilenmekte ve gelece\u011fe d\u00f6n\u00fck \u00f6ng\u00f6r\u00fclerin geli\u015ftirilmesini desteklemektedir. Y\u00fcz y\u0131ldan uzun bir s\u00fcre \u00f6nce kurulan kentsel morfoloji alan\u0131nda son on y\u0131llarda \u00f6nemli geli\u015fmeler oldu. Mimarl\u0131k, planlama ve co\u011frafya alanlar\u0131n\u0131n yayg\u0131n faaliyetinin g\u00f6r\u00fcld\u00fc\u011f\u00fc alan, 1994 y\u0131l\u0131nda International Seminar on Urban Form\u2019un (ISUF) kurulmas\u0131 ve 1997 y\u0131l\u0131nda uluslararas\u0131 hakemli dergi Urban Morphology\u2019nin yay\u0131nlanmaya ba\u015flamas\u0131yla kurumsalla\u015ft\u0131, daha sistematik ve bilimsel birikimin izlenmesine olanak sa\u011flayan bir disiplin h\u00e2lini ald\u0131. Kentsel morfoloji \u00e7al\u0131\u015fmalar\u0131n\u0131n uluslararas\u0131 \u00f6l\u00e7ekte yayg\u0131nla\u015fmas\u0131, farkl\u0131 \u00fclkelerde ISUF\u2019la ili\u015fkili olarak kurulan b\u00f6lgesel a\u011flar ile m\u00fcmk\u00fcn oldu. Bu \u00e7er\u00e7evede T\u00fcrkiye Kentsel Morfoloji A\u011f\u0131 (TNUM), 2014 y\u0131l\u0131nda kuruldu. Vitor Oliveira\u2019n\u0131n 2016 y\u0131l\u0131nda, kendi s\u00f6zleriyle \u201ckentlerin fiziksel bi\u00e7imleri \u00fczerine yap\u0131lan \u00e7al\u0131\u015fmalarda, kentsel morfoloji \u00fczerine bir el kitab\u0131\u201d olmad\u0131\u011f\u0131n\u0131 fark etmesi \u00fczerine yazm\u0131\u015f oldu\u011fu Kentsel Morfololoji: Kentlerin Fiziksel Bi\u00e7im \u00c7al\u0131\u015fmalar\u0131na Giri\u015f kitab\u0131, kentsel morfoloji alan\u0131n\u0131n temel kitaplar\u0131ndan biri oldu. Oliveira\u2019n\u0131n vurgulad\u0131\u011f\u0131 \u201c\u0130ngilizce dil bariyeri\u201d, \u00fclkemizde kentsel morfoloji alan\u0131nda ara\u015ft\u0131rma yapanlar\u0131n uluslararas\u0131 literat\u00fcrle ili\u015fkilenme olanaklar\u0131n\u0131 s\u0131n\u0131rlayan bir unsur olu\u015fturdu. Bu durum tespitinden hareketle bu temel kitab\u0131n Tu\u011f\u00e7e Tezer taraf\u0131ndan T\u00fcrk\u00e7eye \u00e7evrilmesi s\u00fcreci, \u00fclkemizde kentsel morfolojinin geli\u015fmesinde b\u00fcy\u00fck bir eme\u011fi olan Tolga \u00dcnl\u00fc\u2019n\u00fcn b\u00fcy\u00fck bir \u00f6zenle ger\u00e7ekle\u015ftirdi\u011fi son okumayla tamamland\u0131. Kentsel Morfoloji kitab\u0131, T\u00fcrkiye\u2019de ba\u015fta kentsel morfoloji, mimarl\u0131k, \u015fehir planlama ve kent-\u00e7evre y\u00f6netimi alanlar\u0131nda \u00e7al\u0131\u015fan akademisyenler ve \u00f6\u011frenciler olmak \u00fczere ara\u015ft\u0131rma, e\u011fitim ve uygulama s\u00fcre\u00e7lerine d\u00e2hil olan t\u00fcm okuyucular i\u00e7in faydal\u0131 olacak bir ba\u015fucu kitab\u0131d\u0131r. <\/p>\n","protected":false},"excerpt":{"rendered":"<p>Kentlerin bi\u00e7imini, fiziksel dokuyu olu\u015fturan bi\u00e7imsel ve yap\u0131sal \u00f6\u011feleri, bu \u00f6\u011felerin bir araya gelme ko\u015fullar\u0131n\u0131, kent bi\u00e7iminde olu\u015fum, de\u011fi\u015fim ve d\u00f6n\u00fc\u015f\u00fcme neden olan s\u00fcre\u00e7leri ve akt\u00f6rleri<span class=\"excerpt-hellip\"> [\u2026]<\/span><\/p>\n","protected":false},"featured_media":0,"template":"","meta":{"_monsterinsights_skip_tracking":false,"_monsterinsights_sitenote_active":false,"_monsterinsights_sitenote_note":"","_monsterinsights_sitenote_category":0},"product_brand":[],"product_cat":[12767,12324],"product_tag":[],"class_list":{"0":"post-757617","1":"product","2":"type-product","3":"status-publish","5":"product_cat-kentlesme-modernlesme","6":"product_cat-sosyoloji","7":"pa_cilt-ciltsiz","8":"pa_tur-kitap","9":"pa_yayinevi-nika-yayinevi","10":"pa_yazar-vitor-oliveira","12":"first","13":"instock","14":"sale","15":"shipping-taxable","16":"purchasable","17":"product-type-simple"},"_links":{"self":[{"href":"https:\/\/roveyayinevi.com.tr\/index.php\/wp-json\/wp\/v2\/product\/757617","targetHints":{"allow":["GET"]}}],"collection":[{"href":"https:\/\/roveyayinevi.com.tr\/index.php\/wp-json\/wp\/v2\/product"}],"about":[{"href":"https:\/\/roveyayinevi.com.tr\/index.php\/wp-json\/wp\/v2\/types\/product"}],"wp:attachment":[{"href":"https:\/\/roveyayinevi.com.tr\/index.php\/wp-json\/wp\/v2\/media?parent=757617"}],"wp:term":[{"taxonomy":"product_brand","embeddable":true,"href":"https:\/\/roveyayinevi.com.tr\/index.php\/wp-json\/wp\/v2\/product_brand?post=757617"},{"taxonomy":"product_cat","embeddable":true,"href":"https:\/\/roveyayinevi.com.tr\/index.php\/wp-json\/wp\/v2\/product_cat?post=757617"},{"taxonomy":"product_tag","embeddable":true,"href":"https:\/\/roveyayinevi.com.tr\/index.php\/wp-json\/wp\/v2\/product_tag?post=757617"}],"curies":[{"name":"wp","href":"https:\/\/api.w.org\/{rel}","templated":true}]}}