{"id":757616,"date":"2025-08-28T07:40:33","date_gmt":"2025-08-28T04:40:33","guid":{"rendered":"https:\/\/roveyayinevi.com.tr\/index.php\/urun\/ac-hayalet\/"},"modified":"2026-04-16T03:10:44","modified_gmt":"2026-04-16T00:10:44","slug":"ac-hayalet","status":"publish","type":"product","link":"https:\/\/roveyayinevi.com.tr\/index.php\/urun\/ac-hayalet\/","title":{"rendered":"A\u00e7 Hayalet"},"content":{"rendered":"<p>Sessiz, \u00e7al\u0131\u015fkan ve hepsinden \u00f6te zay\u0131f bir gen\u00e7 k\u0131z olan Valerie Chu, Uzakdo\u011fu k\u00f6kenli bir ailede, ince bir bedenin her \u015feyden \u00f6nemli oldu\u011funu d\u00fc\u015f\u00fcnen bir anneyle ya\u015far. Uslu ve uysal davranmay\u0131 kendine g\u00f6rev edinmi\u015ftir ve annesinin s\u0131k\u0131 y\u00f6netimi alt\u0131nda s\u0131k\u0131\u015fm\u0131\u015f hissetmesine ra\u011fmen hem zay\u0131f olmak hem de \u00f6yle kalmak i\u00e7in elinden geleni yapar. Ancak Valerie\u2019nin herkesten gizledi\u011fi bir s\u0131rr\u0131 vard\u0131r: En yak\u0131n arkada\u015f\u0131 Jordan dahil kimse onun y\u0131llard\u0131r bulimia nervoza hastas\u0131 oldu\u011funu bilmiyordur.    Annesinin ve toplumun ondan bekledikleri aras\u0131nda hayat\u0131na bir yol \u00e7izmeye \u00e7al\u0131\u015f\u0131rken trajik bir olay ya\u015fan\u0131r. Ard\u0131ndan Valerie \u00f6nceliklerini ve v\u00fccuduna dair fikirlerini sorgulamaya ba\u015flar. Ancak her \u015feyden \u00f6nce yapmas\u0131 gereken tek \u015fey vard\u0131r: kendinde yard\u0131m isteyecek g\u00fcc\u00fc bulmak.   Mutlu bir hayat s\u00fcrebilmek, sevilmek ya da en az\u0131ndan kendini sevmek i\u00e7in ger\u00e7ekten zay\u0131f olmas\u0131 ve ne pahas\u0131na olursa olsun bu hastal\u0131\u011fa katlanmas\u0131 gerekiyor mudur?   \u201c\u015eefkat ve d\u00fcr\u00fcstl\u00fckle dolu, muhte\u015fem bir duyarl\u0131l\u0131kla i\u015flenmi\u015f iyile\u015ftirici bir hik\u00e2ye.\u201d  \u2014Kirkus   \u201cYing, hem Val hem annesi \u00fczerinden yeme bozuklu\u011funun ger\u00e7ek\u00e7i bir portresini \u00e7izerken her iki kad\u0131na da empatiyle yakla\u015f\u0131yor. Ancak onlar\u0131n, bedenleri ahlaki bir \u00f6l\u00e7\u00fct haline getirmeye tak\u0131nt\u0131l\u0131, \u015fi\u015fman fobik bir topluma bulunduklar\u0131 katk\u0131lardan pa\u00e7ay\u0131 s\u0131y\u0131rmalar\u0131na da izin vermiyor.&#8221; \u2014Bulletin of the Center for Children\u2019s Books   \u201cArkada\u015fl\u0131k ve sevgi \u00fczerine \u00f6yle g\u00fczel, \u00f6yle trajik, \u00f6yle moral verici bir hik\u00e2ye ki! Bunu \u00e7ocukken okumay\u0131 dilerdim ama \u015fimdi okudu\u011fum i\u00e7in de minnettar\u0131m. Uzun zaman boyunca kitab\u0131n verdi\u011fi mesaj hakk\u0131nda d\u00fc\u015f\u00fcnece\u011fim.\u201d  \u2014MariNaomi <\/p>\n","protected":false},"excerpt":{"rendered":"<p>Sessiz, \u00e7al\u0131\u015fkan ve hepsinden \u00f6te zay\u0131f bir gen\u00e7 k\u0131z olan Valerie Chu, Uzakdo\u011fu k\u00f6kenli bir ailede, ince bir bedenin her \u015feyden \u00f6nemli oldu\u011funu d\u00fc\u015f\u00fcnen bir anneyle<span class=\"excerpt-hellip\"> [\u2026]<\/span><\/p>\n","protected":false},"featured_media":0,"template":"","meta":{"_monsterinsights_skip_tracking":false,"_monsterinsights_sitenote_active":false,"_monsterinsights_sitenote_note":"","_monsterinsights_sitenote_category":0},"product_brand":[],"product_cat":[12291,18202],"product_tag":[],"class_list":{"0":"post-757616","1":"product","2":"type-product","3":"status-publish","5":"product_cat-edebiyat","6":"product_cat-hikaye","7":"pa_cilt-ciltsiz","8":"pa_tur-kitap","9":"pa_yayinevi-indigo-kitap","10":"pa_yazar-victoria-ying","12":"first","13":"instock","14":"sale","15":"shipping-taxable","16":"purchasable","17":"product-type-simple"},"_links":{"self":[{"href":"https:\/\/roveyayinevi.com.tr\/index.php\/wp-json\/wp\/v2\/product\/757616","targetHints":{"allow":["GET"]}}],"collection":[{"href":"https:\/\/roveyayinevi.com.tr\/index.php\/wp-json\/wp\/v2\/product"}],"about":[{"href":"https:\/\/roveyayinevi.com.tr\/index.php\/wp-json\/wp\/v2\/types\/product"}],"wp:attachment":[{"href":"https:\/\/roveyayinevi.com.tr\/index.php\/wp-json\/wp\/v2\/media?parent=757616"}],"wp:term":[{"taxonomy":"product_brand","embeddable":true,"href":"https:\/\/roveyayinevi.com.tr\/index.php\/wp-json\/wp\/v2\/product_brand?post=757616"},{"taxonomy":"product_cat","embeddable":true,"href":"https:\/\/roveyayinevi.com.tr\/index.php\/wp-json\/wp\/v2\/product_cat?post=757616"},{"taxonomy":"product_tag","embeddable":true,"href":"https:\/\/roveyayinevi.com.tr\/index.php\/wp-json\/wp\/v2\/product_tag?post=757616"}],"curies":[{"name":"wp","href":"https:\/\/api.w.org\/{rel}","templated":true}]}}