{"id":757615,"date":"2025-08-28T07:40:31","date_gmt":"2025-08-28T04:40:31","guid":{"rendered":"https:\/\/roveyayinevi.com.tr\/index.php\/urun\/11-peron\/"},"modified":"2026-04-16T03:10:44","modified_gmt":"2026-04-16T00:10:44","slug":"11-peron","status":"publish","type":"product","link":"https:\/\/roveyayinevi.com.tr\/index.php\/urun\/11-peron\/","title":{"rendered":"11. Peron"},"content":{"rendered":"<p>Sirkeci\u2019den kalkan bir trene bindiler ve son istasyon M\u00fcnih\u2019teki 11. Peron\u2019da bir yan\u0131 memleket bir yan\u0131 gurbet olan bir hik\u00e2ye ba\u015flad\u0131. 1961\u2019de Almanya\u2019n\u0131n T\u00fcrkiye\u2019den i\u015f\u00e7i kabul etmeye ba\u015flamas\u0131n\u0131n ard\u0131ndan umut y\u00fckl\u00fc tahta bavullar\u0131yla Anadolu\u2019dan yola \u00e7\u0131kan i\u015f\u00e7ilerin hik\u00e2yesi bu. Bir yanda memleket t\u00fcrk\u00fcleri \u00e7alarken, bir yanda i\u015f\u00e7i tulumu boy g\u00f6sterdi. Gidenler, memleketten gelecek bir selam\u0131, kalanlar onlar\u0131n d\u00f6nmesini bekledi. K\u00f6kl\u00fc bir de\u011fi\u015fimin ilk ad\u0131mlar\u0131 at\u0131l\u0131rken kendilerine yeni bir d\u00fcnya kurmay\u0131 d\u00fc\u015fleyen bu i\u015f\u00e7iler omuzlar\u0131ndaki y\u00fck\u00fc ta\u015f\u0131yabildi mi? \u0130\u015f\u00e7ilerin \u00e7al\u0131\u015fma ko\u015fullar\u0131; ailelerin u\u011frad\u0131\u011f\u0131 zorbal\u0131klar; bir erkek, bir kad\u0131n ve bir \u00e7ocuk olarak ya\u015fad\u0131klar\u0131; \u00f6teki olman\u0131n Almancas\u0131. G\u00f6\u00e7 hik\u00e2yesi anlat\u0131l\u0131rken, orada b\u00fcy\u00fck s\u0131k\u0131nt\u0131lara maruz kalan, kimi zaman evi yak\u0131lan, kimi zaman bask\u0131lara dayanamay\u0131p intihar eden i\u015f\u00e7ilerin aziz hat\u0131ras\u0131na bir vefa: 11. Peron. <\/p>\n","protected":false},"excerpt":{"rendered":"<p>Sirkeci\u2019den kalkan bir trene bindiler ve son istasyon M\u00fcnih\u2019teki 11. Peron\u2019da bir yan\u0131 memleket bir yan\u0131 gurbet olan bir hik\u00e2ye ba\u015flad\u0131. 1961\u2019de Almanya\u2019n\u0131n T\u00fcrkiye\u2019den i\u015f\u00e7i kabul<span class=\"excerpt-hellip\"> [\u2026]<\/span><\/p>\n","protected":false},"featured_media":0,"template":"","meta":{"_monsterinsights_skip_tracking":false,"_monsterinsights_sitenote_active":false,"_monsterinsights_sitenote_note":"","_monsterinsights_sitenote_category":0},"product_brand":[],"product_cat":[18545,12291],"product_tag":[],"class_list":{"0":"post-757615","1":"product","2":"type-product","3":"status-publish","5":"product_cat-anlati","6":"product_cat-edebiyat","7":"pa_cilt-ciltsiz","8":"pa_tur-kitap","9":"pa_yayinevi-everest-yayinlari","10":"pa_yazar-gokhan-duman","12":"first","13":"instock","14":"sale","15":"shipping-taxable","16":"purchasable","17":"product-type-simple"},"_links":{"self":[{"href":"https:\/\/roveyayinevi.com.tr\/index.php\/wp-json\/wp\/v2\/product\/757615","targetHints":{"allow":["GET"]}}],"collection":[{"href":"https:\/\/roveyayinevi.com.tr\/index.php\/wp-json\/wp\/v2\/product"}],"about":[{"href":"https:\/\/roveyayinevi.com.tr\/index.php\/wp-json\/wp\/v2\/types\/product"}],"wp:attachment":[{"href":"https:\/\/roveyayinevi.com.tr\/index.php\/wp-json\/wp\/v2\/media?parent=757615"}],"wp:term":[{"taxonomy":"product_brand","embeddable":true,"href":"https:\/\/roveyayinevi.com.tr\/index.php\/wp-json\/wp\/v2\/product_brand?post=757615"},{"taxonomy":"product_cat","embeddable":true,"href":"https:\/\/roveyayinevi.com.tr\/index.php\/wp-json\/wp\/v2\/product_cat?post=757615"},{"taxonomy":"product_tag","embeddable":true,"href":"https:\/\/roveyayinevi.com.tr\/index.php\/wp-json\/wp\/v2\/product_tag?post=757615"}],"curies":[{"name":"wp","href":"https:\/\/api.w.org\/{rel}","templated":true}]}}