{"id":757614,"date":"2025-08-28T07:40:30","date_gmt":"2025-08-28T04:40:30","guid":{"rendered":"https:\/\/roveyayinevi.com.tr\/index.php\/urun\/cahiliyye-doneminde-arap-kadin-sairler-ve-siirleri-tematik-ve-retorik-bir-inceleme\/"},"modified":"2025-12-30T11:19:01","modified_gmt":"2025-12-30T08:19:01","slug":"cahiliyye-doneminde-arap-kadin-sairler-ve-siirleri-tematik-ve-retorik-bir-inceleme","status":"publish","type":"product","link":"https:\/\/roveyayinevi.com.tr\/index.php\/urun\/cahiliyye-doneminde-arap-kadin-sairler-ve-siirleri-tematik-ve-retorik-bir-inceleme\/","title":{"rendered":"Cahiliyye D\u00f6neminde Arap Kad\u0131n \u015eairler ve \u015eiirleri Tematik ve Retorik Bir \u0130nceleme"},"content":{"rendered":"<p>C\u00e2hiliyye devri Arap kad\u0131n \u015fairler ve \u015fiirlerine ili\u015fkin yap\u0131lan \u00e7al\u0131\u015fmalar\u0131n genelde biyografik a\u011f\u0131rl\u0131kta oldu\u011fu ve \u015fiirlerinin i\u00e7eri\u011fi ve edebi \u00fcslubunu inceleyen \u00f6zg\u00fcn bir \u00e7al\u0131\u015fman\u0131n mevcut olmad\u0131\u011f\u0131 g\u00f6r\u00fclmektedir. \u00c7al\u0131\u015fmam\u0131zda C\u00e2hiliyye devri kad\u0131nlar\u0131n \u015fiirlerinden kesitler sunarak bunlar\u0131n ihtiva etti\u011fi edebi temalar a\u00e7\u0131s\u0131ndan incelenmi\u015ftir. Bunun yan\u0131 s\u0131ra temel konumuzla ili\u015fkili olmas\u0131 sebebiyle C\u00e2hiliyye d\u00f6nemine ait baz\u0131 bilgilere ve o d\u00f6nemde ya\u015fayan kad\u0131n\u0131n \u015fiirdeki imaj\u0131na ve \u015fiirle ilgili genel hususlara temas edilmi\u015ftir. C\u00e2hiliyye devrinde genellikle muhtelif edebi konularda \u015fiirler ortaya \u00e7\u0131km\u0131\u015ft\u0131r. Bunlar Gazel, mersiye, hamaset, vas\u0131f, hikmet, fahriye, methiye ve hicivdir. Ara\u015ft\u0131rmam\u0131z, C\u00e2hiliyye devri kad\u0131nlar\u0131n nazmettikleri \u015fiirleri i\u00e7erik ve edebi \u00fcslup bak\u0131m\u0131ndan tetkik ederek onlar\u0131n imgesini ortaya koymay\u0131 hedeflemektedir. \u00c7al\u0131\u015fmam\u0131z giri\u015f, iki b\u00f6l\u00fcm ve sonu\u00e7tan olu\u015fmaktad\u0131r. Birinci b\u00f6l\u00fcmde C\u00e2hiliyye d\u00f6nemi, o d\u00f6nemde ya\u015fayan \u015fair ve kad\u0131n\u0131n toplumdaki yeri, \u015fiirin \u00f6nemi ve bu sahada telif edilen eserler ele al\u0131nm\u0131\u015ft\u0131r. \u0130kinci b\u00f6l\u00fcmde ise kad\u0131nlar\u0131n \u015fiirleri, edebi t\u00fcrleri a\u00e7\u0131s\u0131ndan tahlil edilmi\u015ftir. <\/p>\n","protected":false},"excerpt":{"rendered":"<p>C\u00e2hiliyye devri Arap kad\u0131n \u015fairler ve \u015fiirlerine ili\u015fkin yap\u0131lan \u00e7al\u0131\u015fmalar\u0131n genelde biyografik a\u011f\u0131rl\u0131kta oldu\u011fu ve \u015fiirlerinin i\u00e7eri\u011fi ve edebi \u00fcslubunu inceleyen \u00f6zg\u00fcn bir \u00e7al\u0131\u015fman\u0131n mevcut olmad\u0131\u011f\u0131<span class=\"excerpt-hellip\"> [\u2026]<\/span><\/p>\n","protected":false},"featured_media":0,"template":"","meta":{"_monsterinsights_skip_tracking":false,"_monsterinsights_sitenote_active":false,"_monsterinsights_sitenote_note":"","_monsterinsights_sitenote_category":0},"product_brand":[],"product_cat":[52477],"product_tag":[],"class_list":{"0":"post-757614","1":"product","2":"type-product","3":"status-publish","5":"product_cat-arastirma","6":"pa_cilt-ciltsiz","7":"pa_tur-kitap","8":"pa_yayinevi-soncag-akademik-kitaplar","9":"pa_yazar-nurullah-oruc","11":"first","12":"instock","13":"sale","14":"shipping-taxable","15":"purchasable","16":"product-type-simple"},"_links":{"self":[{"href":"https:\/\/roveyayinevi.com.tr\/index.php\/wp-json\/wp\/v2\/product\/757614","targetHints":{"allow":["GET"]}}],"collection":[{"href":"https:\/\/roveyayinevi.com.tr\/index.php\/wp-json\/wp\/v2\/product"}],"about":[{"href":"https:\/\/roveyayinevi.com.tr\/index.php\/wp-json\/wp\/v2\/types\/product"}],"wp:attachment":[{"href":"https:\/\/roveyayinevi.com.tr\/index.php\/wp-json\/wp\/v2\/media?parent=757614"}],"wp:term":[{"taxonomy":"product_brand","embeddable":true,"href":"https:\/\/roveyayinevi.com.tr\/index.php\/wp-json\/wp\/v2\/product_brand?post=757614"},{"taxonomy":"product_cat","embeddable":true,"href":"https:\/\/roveyayinevi.com.tr\/index.php\/wp-json\/wp\/v2\/product_cat?post=757614"},{"taxonomy":"product_tag","embeddable":true,"href":"https:\/\/roveyayinevi.com.tr\/index.php\/wp-json\/wp\/v2\/product_tag?post=757614"}],"curies":[{"name":"wp","href":"https:\/\/api.w.org\/{rel}","templated":true}]}}