{"id":757611,"date":"2025-08-28T07:40:26","date_gmt":"2025-08-28T04:40:26","guid":{"rendered":"https:\/\/roveyayinevi.com.tr\/index.php\/urun\/ruhun-ezoterik-anahtarlari\/"},"modified":"2026-04-16T03:10:44","modified_gmt":"2026-04-16T00:10:44","slug":"ruhun-ezoterik-anahtarlari","status":"publish","type":"product","link":"https:\/\/roveyayinevi.com.tr\/index.php\/urun\/ruhun-ezoterik-anahtarlari\/","title":{"rendered":"Ruhun Ezoterik Anahtarlar\u0131"},"content":{"rendered":"<p>Haz\u0131r oldu\u011funda bu kitap seni bulacak veya seni \u00e7a\u011f\u0131racak.Bileceksin\u2026Haz\u0131rs\u0131n!Bu kitap bir anahtard\u0131r!Bu kitap; fizik, metafizik ve boyutsal intuitif idrak a\u015famalar\u0131 kullan\u0131larak,; fizik ve metafizik bedenlerde b\u00fct\u00fcnsel olarak d\u00f6n\u00fc\u015f\u00fcm\u00fcn\u00fc sa\u011flamak amac\u0131yla programlanm\u0131\u015ft\u0131r.12 \u00e7ift sarmal DNA ve kristal kodlar\u0131, ilahi kodlar\u0131 yap\u0131land\u0131ran ve bunlar\u0131 haz\u0131r olunan yo\u011funlukta, derinlikte, bilin\u00e7 ve idrak seviyesinde aktifle\u015ftiren \u00f6zel bir algoritmayla hik\u00e2ye format\u0131nda yaz\u0131lm\u0131\u015ft\u0131r.Hik\u00e2yeler bedenler aras\u0131 senkronizasyon ve korelasyonla sempatize edilerek aynalama ve\/veya di\u011fer metotlarla negatif ve pozitif olarak beslenmi\u015ftir. Katmanlarda sembolizma, \u0131\u015f\u0131k kodlar\u0131, DNA kodlar\u0131, say\u0131, ses ile boyut, zaman, kuantum, fizik-metafizik bedenler aras\u0131 alg\u0131 ve idrak seviyelerine g\u00f6re sicim algoritmas\u0131 ile yap\u0131land\u0131r\u0131larak g\u00fc\u00e7lendirilmi\u015ftir.9. y\u0131l\u0131nda onay\u0131 gelerek bas\u0131lmas\u0131na karar verilmi\u015ftir.<\/p>\n","protected":false},"excerpt":{"rendered":"<p>Haz\u0131r oldu\u011funda bu kitap seni bulacak veya seni \u00e7a\u011f\u0131racak.Bileceksin\u2026Haz\u0131rs\u0131n!Bu kitap bir anahtard\u0131r!Bu kitap; fizik, metafizik ve boyutsal intuitif idrak a\u015famalar\u0131 kullan\u0131larak,; fizik ve metafizik bedenlerde b\u00fct\u00fcnsel<span class=\"excerpt-hellip\"> [\u2026]<\/span><\/p>\n","protected":false},"featured_media":0,"template":"","meta":{"_monsterinsights_skip_tracking":false,"_monsterinsights_sitenote_active":false,"_monsterinsights_sitenote_note":"","_monsterinsights_sitenote_category":0},"product_brand":[],"product_cat":[12364,12376],"product_tag":[],"class_list":{"0":"post-757611","1":"product","2":"type-product","3":"status-publish","5":"product_cat-genel-konular","6":"product_cat-kisisel-gelisim","7":"pa_cilt-ciltsiz","8":"pa_tur-kitap","9":"pa_yayinevi-sinirsiz-kitap","10":"pa_yazar-burcu-bal","12":"first","13":"instock","14":"sale","15":"shipping-taxable","16":"purchasable","17":"product-type-simple"},"_links":{"self":[{"href":"https:\/\/roveyayinevi.com.tr\/index.php\/wp-json\/wp\/v2\/product\/757611","targetHints":{"allow":["GET"]}}],"collection":[{"href":"https:\/\/roveyayinevi.com.tr\/index.php\/wp-json\/wp\/v2\/product"}],"about":[{"href":"https:\/\/roveyayinevi.com.tr\/index.php\/wp-json\/wp\/v2\/types\/product"}],"wp:attachment":[{"href":"https:\/\/roveyayinevi.com.tr\/index.php\/wp-json\/wp\/v2\/media?parent=757611"}],"wp:term":[{"taxonomy":"product_brand","embeddable":true,"href":"https:\/\/roveyayinevi.com.tr\/index.php\/wp-json\/wp\/v2\/product_brand?post=757611"},{"taxonomy":"product_cat","embeddable":true,"href":"https:\/\/roveyayinevi.com.tr\/index.php\/wp-json\/wp\/v2\/product_cat?post=757611"},{"taxonomy":"product_tag","embeddable":true,"href":"https:\/\/roveyayinevi.com.tr\/index.php\/wp-json\/wp\/v2\/product_tag?post=757611"}],"curies":[{"name":"wp","href":"https:\/\/api.w.org\/{rel}","templated":true}]}}