{"id":757610,"date":"2025-08-28T07:40:25","date_gmt":"2025-08-28T04:40:25","guid":{"rendered":"https:\/\/roveyayinevi.com.tr\/index.php\/urun\/biyografi-analiz-5-maturidi-cagi-basliyor\/"},"modified":"2026-04-16T03:10:44","modified_gmt":"2026-04-16T00:10:44","slug":"biyografi-analiz-5-maturidi-cagi-basliyor","status":"publish","type":"product","link":"https:\/\/roveyayinevi.com.tr\/index.php\/urun\/biyografi-analiz-5-maturidi-cagi-basliyor\/","title":{"rendered":"Biyografi Analiz 5 &amp; Maturidi \u00c7a\u011f\u0131 Ba\u015fl\u0131yor"},"content":{"rendered":"<p>Biyografi Analiz 5 MATUR\u0130D\u0130 \u00c7A\u011eI BA\u015eLIYOR ana dosyas\u0131yla \u00e7\u0131k\u0131yorT\u00fcrk Devletleri Te\u015fkilat\u0131 (TDT) M\u00fcsl\u00fcman Dini Kurul Ba\u015fkanlar\u0131 Konseyi D\u00f6rd\u00fcnc\u00fc Toplant\u0131s\u0131 \u00d6z-bekistan\u2019\u0131n Ba\u015fkenti Ta\u015fkent\u2019te organize edildi. Toplant\u0131 kapsa-m\u0131nda &#8220;Maturidi \u00d6\u011fretisi ve G\u00fcn\u00fcm\u00fcz&#8221; konulu TDT Akade-misyenler Forumu d\u00fczenlendi.TDT M\u00fcsl\u00fcman Dini Kurul Ba\u015fkanlar\u0131 Konseyi D\u00f6rd\u00fcnc\u00fc Toplant\u0131s\u0131\u2019nda (TDT) Genel Sekre-teri B\u00fcy\u00fckel\u00e7i Kuban\u0131\u00e7bek \u00d6m\u00fcraliyev ve Diyanet \u0130\u015fleri Ba\u015fkan\u0131 Prof.Dr. Ali Erba\u015f, T\u00fcrk Cumhuriyetleri Diyanet \u0130\u015fleri ba\u015fkanlar\u0131 ve akademisyenlerle g\u00f6r\u00fc\u015f al\u0131\u015fveri\u015finde bulundu. Forumda, TDT \u00dcye \u00dclkelerinden akademis-yenler, Maturidi \u00f6\u011fretileri ve g\u00fcn\u00fcm\u00fcze yan-s\u0131malar\u0131n\u0131n yan\u0131 s\u0131ra Maturidi k\u00fclliyat\u0131ndan d\u00fcnyan\u0131n g\u00fcncel sorunlar\u0131na verilen yan\u0131tlarla ilgili konular\u0131 g\u00fcndeme getirdiler.     \u0130\u00c7\u0130NDEK\u0130LER   MEFKUREM\u0130Z   Bir d\u00fc\u015f\u00fcn\u00fcr olarak \u00d6mer Seyfettin, Abdurrahman Akd\u00fczen   Dil sevdal\u0131lar\u0131m\u0131z, Adnan Ocak   Kazakistan\u2019\u0131n Latin Alfabesine Ge\u00e7i\u015f S\u00fcreci, Fatih Alparslan (T\u00fcrkolog)   Mustafa Cemilo\u011flu\u2019nun hayat\u0131, Ahmet Sarbay   Elsiz ayaks\u0131z hattat Bolulu Mehmet Efendi, Aliye Y\u00fccel   Mukaddes Ankara\u2019dan Mektuplar, M\u0131s\u0131r Prensesi Kadriye H\u00fcseyin   Hareket\u2019in ilk belediye ba\u015fkan\u0131 M.Saffet Devrim, Mesut Demirhan   Adnan \u015eenel\u2019in ard\u0131ndan, Dr. L\u00fctf\u00fc \u015eahsuvaro\u011flu   \u0130ttihat\u00e7\u0131lar \u00f6l\u00fcr, ittihat\u00e7\u0131l\u0131k \u00f6lmez, Erol Elmas   E\u011fitim sosyal medyaya teslim edilmi\u015f gibi Dr. Yasin \u015een&#8217;le e\u011fitim, gen\u00e7lik ve edebiyat \u00fczerine s\u00f6yle\u015fi, Konu\u015fan: Dr. Abdullah Demirci   MATUR\u0130D\u0130 \u00c7A\u011eI BA\u015eLIYOR   MATUR\u0130D\u0130 \u00c7A\u011eI B A \u015e L I Y O R \/ 51 Avrasya co\u011frafyas\u0131nda kadim dini bilginin yeniden \u00fcretilmesi, Prof.Dr. S\u00f6nmez Kutlu \u0130mam Maturidi\u2019nin izinde T\u00fcrkler, L\u00fctfi Bergen Maturidi bilgi kuram\u0131 ve d\u00fcnya g\u00f6r\u00fc\u015f\u00fc, Mahmut \u00c7etin T\u00fcrk M\u00fcsl\u00fcmanl\u0131\u011f\u0131, Ramazan Kurto\u011flu Maturidi Tarih \u0130n\u015fas\u0131 hakk\u0131nda, Arslan Tekin Maturidi Tarih \u0130n\u015fas\u0131 \u00fczerine, Halim Kaya Akl\u0131n\u0131 kullan diyor M\u00e2t\u00fcr\u00eed\u00ee, Ya\u015far S\u00fcng\u00fc \u0130slam D\u00fc\u015f\u00fcn\u00fcrleri dizisi b\u00fcy\u00fck bir bo\u015flu\u011fu doldurdu, Arslan Ate\u015f Milli g\u00fcvenlik sorunu olarak SELEF\u0130L\u0130K, Sedat Bulut \u0130slam D\u00fc\u015f\u00fcnce Atlas\u0131   EMN\u0130YET ARA\u015eTIRMALARI   Osmanl\u0131 Devleti\u2019nden T\u00fcrkiye Cumhuriyeti\u2019ne Emni-yet M\u00fcfetti\u015fli\u011fi, Zafer Tun\u00e7   Osmanl\u0131\u2019dan Cumhuriyet\u2019e renkli bir polis \u015fefi Samoil \u0130zrael \u0130zisel, Ey\u00fcp \u015eahin   Osmanl\u0131 Devleti\u2019nde Jurnal Te\u015fkilat\u0131 kitab\u0131n\u0131n do\u011fu\u015f hikayesi, Prof. Dr. Mehmet Zahit Y\u0131ld\u0131r\u0131m   K\u0130TAP \u00d6YK\u00dcLER\u0130   L\u00fctfi Bergen\u2019in kitaplar\u0131 nas\u0131l okumal\u0131?, L\u00fctfi Bergen   Saklama sanat\u0131, Sel\u00e7uk \u00d6zyurt   Atilla Oral\u2019s\u0131z iki y\u0131l ge\u00e7mi\u015f, Ali G\u00fcndo\u011fdu   Kitaplar\u0131m kaynak olarak kullan\u0131lmaktad\u0131r, Ayhan Y\u00fcksel   \u201cBulgaristan\u2019da \u0130slam (1878-2018)\u201d kitab\u0131 hakk\u0131nda, Basri Zilabid \u00c7al\u0131\u015fkan   Bir kitab\u0131n hikayesi: \u0130STANBUL\u2019DA T\u0130CARET\u0130N BA\u015eKANLARI, Mustafa Nadir \u00d6nay \/ 163   Fatih Sultan Mehmet\u2019te Bilgi-\u00d6\u011frenme Sevgisi, Derleyen: B\u00fclent A\u011fao\u011flu   Kimli\u011fini milli k\u00fclt\u00fcr\u00fcn tu\u011flalar\u0131 ile in\u015fa eden bir bilge: MUH\u0130TT\u0130N KANDUR, Erol Karayel   Yaz\u0131-Tura\u2019n\u0131n hik\u00e2yesi ve de Tersy\u00fcz\u2019\u00fcn, Hasanali Y\u0131ld\u0131r\u0131m   Eyl\u00fcl\u2019\u00fcn Mehmet Rauf\u2019u, \u0130slam Gemici   Turasan Bey kitab\u0131n\u0131n hik\u00e2yesi, Ali K\u0131lc\u0131   D\u00dc\u015e\u00dcNCE   \u0130klim De\u011fi\u015fikli\u011fi, g\u00f6\u00e7 ve g\u0131da g\u00fcvenli\u011fi, Dr.H\u00fcseyin Sungur   Sinema-teknoloji ili\u015fkilerine dair bir deneme, Prof.Dr. Ali Sait Liman   S\u00fcvey\u015f Kanal\u0131ndan Kanal \u0130stanbul\u2019a, Erhan \u00c7ardakl\u0131   Ankara kent kimli\u011finde sayg\u0131d\u0131\u015f\u0131l\u0131ktan \u00e7\u0131k\u0131\u015f, Mustafa Kadir Atasoy   ANI   Ba\u015fkas\u0131n\u0131n giremedi\u011fi camdan fanusum, Zeliha Erg\u00fcn   B\u00f6cek korosunu unutam\u0131yorum, Sel\u00e7uk \u00d6zyurt   S\u00f6yleyin, Hasan\u2019\u0131m m\u0131 geldi?, Hasanali Y\u0131ld\u0131r\u0131m   Belgesel bir \u00f6m\u00fcr, S\u00f6yle\u015fi: Mahmut \u00c7etin   Muhaciriz biz, Yusuf Hur\u015fito\u011fullar\u0131   A L B \u00dc M Eren G\u00fcndo\u011fan   Birol Dok T\u00fcrkiye&#8217;nin T\u00fcrk D\u00fcnyas\u0131na bak\u0131-\u015f\u0131ndaki geli\u015fmeleri anlatt\u0131   Tepedelenli ahfad\u0131ndan 2024 y\u0131l\u0131 maili, EBRU \u00c7ALIM <\/p>\n","protected":false},"excerpt":{"rendered":"<p>Biyografi Analiz 5 MATUR\u0130D\u0130 \u00c7A\u011eI BA\u015eLIYOR ana dosyas\u0131yla \u00e7\u0131k\u0131yorT\u00fcrk Devletleri Te\u015fkilat\u0131 (TDT) M\u00fcsl\u00fcman Dini Kurul Ba\u015fkanlar\u0131 Konseyi D\u00f6rd\u00fcnc\u00fc Toplant\u0131s\u0131 \u00d6z-bekistan\u2019\u0131n Ba\u015fkenti Ta\u015fkent\u2019te organize edildi. Toplant\u0131 kapsa-m\u0131nda<span class=\"excerpt-hellip\"> [\u2026]<\/span><\/p>\n","protected":false},"featured_media":0,"template":"","meta":{"_monsterinsights_skip_tracking":false,"_monsterinsights_sitenote_active":false,"_monsterinsights_sitenote_note":"","_monsterinsights_sitenote_category":0},"product_brand":[],"product_cat":[12337],"product_tag":[],"class_list":{"0":"post-757610","1":"product","2":"type-product","3":"status-publish","5":"product_cat-politika-siyaset","6":"pa_cilt-ciltsiz","7":"pa_tur-kitap","8":"pa_yayinevi-biyografi-net-yayincilik","9":"pa_yazar-kolektif","11":"first","12":"instock","13":"sale","14":"shipping-taxable","15":"purchasable","16":"product-type-simple"},"_links":{"self":[{"href":"https:\/\/roveyayinevi.com.tr\/index.php\/wp-json\/wp\/v2\/product\/757610","targetHints":{"allow":["GET"]}}],"collection":[{"href":"https:\/\/roveyayinevi.com.tr\/index.php\/wp-json\/wp\/v2\/product"}],"about":[{"href":"https:\/\/roveyayinevi.com.tr\/index.php\/wp-json\/wp\/v2\/types\/product"}],"wp:attachment":[{"href":"https:\/\/roveyayinevi.com.tr\/index.php\/wp-json\/wp\/v2\/media?parent=757610"}],"wp:term":[{"taxonomy":"product_brand","embeddable":true,"href":"https:\/\/roveyayinevi.com.tr\/index.php\/wp-json\/wp\/v2\/product_brand?post=757610"},{"taxonomy":"product_cat","embeddable":true,"href":"https:\/\/roveyayinevi.com.tr\/index.php\/wp-json\/wp\/v2\/product_cat?post=757610"},{"taxonomy":"product_tag","embeddable":true,"href":"https:\/\/roveyayinevi.com.tr\/index.php\/wp-json\/wp\/v2\/product_tag?post=757610"}],"curies":[{"name":"wp","href":"https:\/\/api.w.org\/{rel}","templated":true}]}}