{"id":757609,"date":"2025-08-28T07:40:24","date_gmt":"2025-08-28T04:40:24","guid":{"rendered":"https:\/\/roveyayinevi.com.tr\/index.php\/urun\/siyasi-dusunce-tarihi-2\/"},"modified":"2026-04-16T03:10:44","modified_gmt":"2026-04-16T00:10:44","slug":"siyasi-dusunce-tarihi-2","status":"publish","type":"product","link":"https:\/\/roveyayinevi.com.tr\/index.php\/urun\/siyasi-dusunce-tarihi-2\/","title":{"rendered":"Siyasi D\u00fc\u015f\u00fcnce Tarihi"},"content":{"rendered":"<p>Siyasi tarihi neden ve nas\u0131l okumal\u0131y\u0131z? B\u00fcy\u00fck teoriler siyaseti anlamak i\u00e7in yeterli midir? Siyaseti de\u011ferlendirirken neden tarihi es ge\u00e7emeyiz? Richard Whatmore, teori ve eylem aras\u0131ndaki ili\u015fkiyi de\u011ferlendirerek siyasi tarihin kar\u015f\u0131 kar\u015f\u0131ya kald\u0131\u011f\u0131 temel sorular\u0131, tart\u0131\u015fmalar\u0131, ona y\u00f6neltilen ele\u015ftirileri ve bunlar\u0131n neden \u00f6nemli oldu\u011funu ele al\u0131yor. Marx\u2019tan Koselleck\u2019e, Strauss\u2019tan Foucault\u2019ya, Skinner\u2019dan Pocock\u2019a bir\u00e7ok teorisyenin yakla\u015f\u0131m\u0131n\u0131 inceliyor, tarih bilgisinin bug\u00fcn\u00fcn siyasetini anlamak i\u00e7in ne kadar elzem oldu\u011funu vurguluyor. Siyasi D\u00fc\u015f\u00fcnce Tarihi, siyasi tarihle ilgilenen ve siyaseti anlamak isteyen okurlar i\u00e7in yararl\u0131 bir rehber.<\/p>\n","protected":false},"excerpt":{"rendered":"<p>Siyasi tarihi neden ve nas\u0131l okumal\u0131y\u0131z? B\u00fcy\u00fck teoriler siyaseti anlamak i\u00e7in yeterli midir? Siyaseti de\u011ferlendirirken neden tarihi es ge\u00e7emeyiz? Richard Whatmore, teori ve eylem aras\u0131ndaki ili\u015fkiyi<span class=\"excerpt-hellip\"> [\u2026]<\/span><\/p>\n","protected":false},"featured_media":0,"template":"","meta":{"_monsterinsights_skip_tracking":false,"_monsterinsights_sitenote_active":false,"_monsterinsights_sitenote_note":"","_monsterinsights_sitenote_category":0},"product_brand":[],"product_cat":[12337,14528],"product_tag":[],"class_list":{"0":"post-757609","1":"product","2":"type-product","3":"status-publish","5":"product_cat-politika-siyaset","6":"product_cat-siyaset-tarihi","7":"pa_cilt-ciltsiz","8":"pa_tur-kitap","9":"pa_yayinevi-iletisim-yayinlari","10":"pa_yazar-richard-whatmore","12":"first","13":"instock","14":"sale","15":"shipping-taxable","16":"purchasable","17":"product-type-simple"},"_links":{"self":[{"href":"https:\/\/roveyayinevi.com.tr\/index.php\/wp-json\/wp\/v2\/product\/757609","targetHints":{"allow":["GET"]}}],"collection":[{"href":"https:\/\/roveyayinevi.com.tr\/index.php\/wp-json\/wp\/v2\/product"}],"about":[{"href":"https:\/\/roveyayinevi.com.tr\/index.php\/wp-json\/wp\/v2\/types\/product"}],"wp:attachment":[{"href":"https:\/\/roveyayinevi.com.tr\/index.php\/wp-json\/wp\/v2\/media?parent=757609"}],"wp:term":[{"taxonomy":"product_brand","embeddable":true,"href":"https:\/\/roveyayinevi.com.tr\/index.php\/wp-json\/wp\/v2\/product_brand?post=757609"},{"taxonomy":"product_cat","embeddable":true,"href":"https:\/\/roveyayinevi.com.tr\/index.php\/wp-json\/wp\/v2\/product_cat?post=757609"},{"taxonomy":"product_tag","embeddable":true,"href":"https:\/\/roveyayinevi.com.tr\/index.php\/wp-json\/wp\/v2\/product_tag?post=757609"}],"curies":[{"name":"wp","href":"https:\/\/api.w.org\/{rel}","templated":true}]}}