{"id":757607,"date":"2025-08-28T07:40:21","date_gmt":"2025-08-28T04:40:21","guid":{"rendered":"https:\/\/roveyayinevi.com.tr\/index.php\/urun\/findikin-hayati\/"},"modified":"2026-04-16T03:10:44","modified_gmt":"2026-04-16T00:10:44","slug":"findikin-hayati","status":"publish","type":"product","link":"https:\/\/roveyayinevi.com.tr\/index.php\/urun\/findikin-hayati\/","title":{"rendered":"F\u0131nd\u0131k&#8217;\u0131n Hayat\u0131"},"content":{"rendered":"<p>\u0130nsanlar ihtiya\u00e7 duyduklar\u0131 i\u00e7in binlerce y\u0131l \u00f6ncesinde yabani k\u00f6pekleri yanlar\u0131na alm\u0131\u015flar ve evcille\u015ftirmi\u015fler. Onlarla ya\u015fam\u0131\u015flar, onlardan faydalanm\u0131\u015flar. Buna kar\u015f\u0131l\u0131k de\u011fer vermi\u015fler, sevmi\u015fler. Zaman ilerleyip ihtiya\u00e7lar\u0131 azald\u0131k\u00e7a bir kenara atm\u0131\u015flar ve k\u0131ymet vermez, hatta istemez, korkar\u0131z der hale gelmi\u015fler. Ama k\u00f6pekler bu s\u00fcrede insans\u0131z ya\u015fayamaz olmu\u015f, insan\u0131 sevme, insan taraf\u0131ndan sevilme ihtiyac\u0131n\u0131 hisseder olmu\u015flar. Bu y\u00fczden de bize muhta\u00e7, ba\u011f\u0131ml\u0131 hale gelmi\u015fler. \u00dcst\u00fcne bir de onlar\u0131n ya\u015fam alanlar\u0131n\u0131 insanlar gasp edince yatacak, gezecek, oynayacak yer, yurt, yiyecek, i\u00e7ecek sevgi bulamaz oldular.  Fark\u0131nda de\u011filiz ama yine bizler onlara muhtac\u0131z. Onlar\u0131n saf, sad\u0131k, i\u00e7ten dostlu\u011funa, hayat\u0131m\u0131za katt\u0131\u011f\u0131 \u00e7ok \u015feye muhtac\u0131z. Hayvanlar bizim merhametimize muhta\u00e7, biz ise sadece merhametimiz kadar insan\u0131z. Kediye, k\u00f6pe\u011fe, a\u011faca, kurda, ku\u015fa yani; g\u00fc\u00e7s\u00fcze, masuma merhametiniz yoksa insanl\u0131ktan bahsetmeyiniz. Merhamet edin ki merhametin getirdi\u011fi huzurlu bir d\u00fcnyada ya\u015fay\u0131n. Kedi, k\u00f6pek sahiplenin, ya\u015fam\u0131n\u0131za mutluluk kat\u0131n, ger\u00e7ek dostlara kavu\u015fun. <\/p>\n","protected":false},"excerpt":{"rendered":"<p>\u0130nsanlar ihtiya\u00e7 duyduklar\u0131 i\u00e7in binlerce y\u0131l \u00f6ncesinde yabani k\u00f6pekleri yanlar\u0131na alm\u0131\u015flar ve evcille\u015ftirmi\u015fler. Onlarla ya\u015fam\u0131\u015flar, onlardan faydalanm\u0131\u015flar. Buna kar\u015f\u0131l\u0131k de\u011fer vermi\u015fler, sevmi\u015fler. Zaman ilerleyip ihtiya\u00e7lar\u0131 azald\u0131k\u00e7a<span class=\"excerpt-hellip\"> [\u2026]<\/span><\/p>\n","protected":false},"featured_media":0,"template":"","meta":{"_monsterinsights_skip_tracking":false,"_monsterinsights_sitenote_active":false,"_monsterinsights_sitenote_note":"","_monsterinsights_sitenote_category":0},"product_brand":[],"product_cat":[12777,12291],"product_tag":[],"class_list":{"0":"post-757607","1":"product","2":"type-product","3":"status-publish","5":"product_cat-deneme","6":"product_cat-edebiyat","7":"pa_cilt-ciltsiz","8":"pa_tur-kitap","9":"pa_yayinevi-platanus-publishing","10":"pa_yazar-elife-kaya","12":"first","13":"instock","14":"sale","15":"shipping-taxable","16":"purchasable","17":"product-type-simple"},"_links":{"self":[{"href":"https:\/\/roveyayinevi.com.tr\/index.php\/wp-json\/wp\/v2\/product\/757607","targetHints":{"allow":["GET"]}}],"collection":[{"href":"https:\/\/roveyayinevi.com.tr\/index.php\/wp-json\/wp\/v2\/product"}],"about":[{"href":"https:\/\/roveyayinevi.com.tr\/index.php\/wp-json\/wp\/v2\/types\/product"}],"wp:attachment":[{"href":"https:\/\/roveyayinevi.com.tr\/index.php\/wp-json\/wp\/v2\/media?parent=757607"}],"wp:term":[{"taxonomy":"product_brand","embeddable":true,"href":"https:\/\/roveyayinevi.com.tr\/index.php\/wp-json\/wp\/v2\/product_brand?post=757607"},{"taxonomy":"product_cat","embeddable":true,"href":"https:\/\/roveyayinevi.com.tr\/index.php\/wp-json\/wp\/v2\/product_cat?post=757607"},{"taxonomy":"product_tag","embeddable":true,"href":"https:\/\/roveyayinevi.com.tr\/index.php\/wp-json\/wp\/v2\/product_tag?post=757607"}],"curies":[{"name":"wp","href":"https:\/\/api.w.org\/{rel}","templated":true}]}}